{"id":21142,"date":"2022-11-29T06:02:37","date_gmt":"2022-11-29T06:02:37","guid":{"rendered":"https:\/\/mpp-v1.staging3.tokig.site\/product\/pta15l-pickuptank-aluminium-for-diesel-150-liter\/"},"modified":"2022-11-29T06:02:37","modified_gmt":"2022-11-29T06:02:37","slug":"pta15l-pickuptank-aluminium-for-diesel-150-liter","status":"publish","type":"product","link":"https:\/\/mpp-backup.staging3.tokig.site\/en\/product\/pta15l-pickuptank-aluminium-for-diesel-150-liter\/","title":{"rendered":"PTA15L \u2013 Pickuptank aluminium f\u00f6r Diesel 150 liter"},"content":{"rendered":"","protected":false},"excerpt":{"rendered":"<h2>Portabel dieseltank f\u00f6r smidig transport och f\u00f6rvaring av br\u00e4nsle<\/h2>\n<p>V\u00e5r pickuptank i aluminium \u00e4r en praktisk dieseltank i det mindre formatet. Dess smarta konstruktion g\u00f6r den till en s\u00e4ker, smidig och l\u00e4tthanterlig flaktank. De fyra handtagen underl\u00e4ttar lyft, och det l\u00e4tta materialet g\u00f6r stor skillnad i vikt p\u00e5 till exempel pickupflaket; n\u00e5got som i sin tur minskar slitaget p\u00e5 ditt fordon.<\/p>\n","protected":false},"featured_media":21141,"template":"","meta":{"_acf_changed":false},"accessories":[],"extra-function":[],"product_cat":[409,420],"product_tag":[464,467],"class_list":{"0":"post-21142","1":"product","2":"type-product","3":"status-publish","4":"has-post-thumbnail","6":"product_cat-mobila-bransletankar","7":"product_cat-transporttank-aluminium","8":"product_tag-section-video","9":"product_tag-tta-diesel","11":"first","12":"instock","13":"shipping-taxable","14":"purchasable","15":"product-type-simple"},"acf":[],"_links":{"self":[{"href":"https:\/\/mpp-backup.staging3.tokig.site\/en\/wp-json\/wp\/v2\/product\/21142","targetHints":{"allow":["GET"]}}],"collection":[{"href":"https:\/\/mpp-backup.staging3.tokig.site\/en\/wp-json\/wp\/v2\/product"}],"about":[{"href":"https:\/\/mpp-backup.staging3.tokig.site\/en\/wp-json\/wp\/v2\/types\/product"}],"version-history":[{"count":0,"href":"https:\/\/mpp-backup.staging3.tokig.site\/en\/wp-json\/wp\/v2\/product\/21142\/revisions"}],"wp:featuredmedia":[{"embeddable":true,"href":"https:\/\/mpp-backup.staging3.tokig.site\/en\/wp-json\/wp\/v2\/media\/21141"}],"wp:attachment":[{"href":"https:\/\/mpp-backup.staging3.tokig.site\/en\/wp-json\/wp\/v2\/media?parent=21142"}],"wp:term":[{"taxonomy":"accessories","embeddable":true,"href":"https:\/\/mpp-backup.staging3.tokig.site\/en\/wp-json\/wp\/v2\/accessories?post=21142"},{"taxonomy":"extra-function","embeddable":true,"href":"https:\/\/mpp-backup.staging3.tokig.site\/en\/wp-json\/wp\/v2\/extra-function?post=21142"},{"taxonomy":"product_cat","embeddable":true,"href":"https:\/\/mpp-backup.staging3.tokig.site\/en\/wp-json\/wp\/v2\/product_cat?post=21142"},{"taxonomy":"product_tag","embeddable":true,"href":"https:\/\/mpp-backup.staging3.tokig.site\/en\/wp-json\/wp\/v2\/product_tag?post=21142"}],"curies":[{"name":"wp","href":"https:\/\/api.w.org\/{rel}","templated":true}]}}