{"id":25217,"date":"2021-02-24T11:26:39","date_gmt":"2021-02-24T11:26:39","guid":{"rendered":"https:\/\/mpp-v1.staging3.tokig.site\/?post_type=product&#038;p=25217"},"modified":"2026-01-06T20:43:55","modified_gmt":"2026-01-06T20:43:55","slug":"druck-fuellstandssensor","status":"publish","type":"product","link":"https:\/\/mpp-backup.staging3.tokig.site\/de\/produkt\/druck-fuellstandssensor\/","title":{"rendered":"Druck F\u00fcllstandssensor"},"content":{"rendered":"","protected":false},"excerpt":{"rendered":"<h2>Druck-F\u00fcllstandssensor mit H\u00e4ngekabel und hoher Messgenauigkeit<\/h2>\n<p>\u00d6l- und chemikalienbest\u00e4ndiges Kabel mit integriertem Luftleiter zur Kompensation von Schwankungen des Atmosph\u00e4rendrucks. Lagerhaltig in Varianten von 1\u201310\u202fmVp. Der Druck-F\u00fcllstandssensor wird mit PUR-Kabel geliefert \u2013 zur F\u00fcllstandsmessung von nicht druckbeaufschlagten oder EX-klassifizierten Fl\u00fcssigkeiten \u2013 alternativ mit Teflon-Kabel und EPDM-Dichtung f\u00fcr anspruchsvollere Umgebungen wie AdBlue und Chemikalien. Der Sensor ist auch auf Bestellung mit Druck- und Temperaturmessung erh\u00e4ltlich (beide Signale 4\u201320\u202fmA).<\/p>\n","protected":false},"featured_media":25216,"template":"","meta":{"_acf_changed":false},"accessories":[],"extra-function":[],"product_cat":[688,690],"product_tag":[],"class_list":{"0":"post-25217","1":"product","2":"type-product","3":"status-publish","4":"has-post-thumbnail","6":"product_cat-sonstiges","7":"product_cat-fullstandsmessgerate","9":"first","10":"instock","11":"shipping-taxable","12":"purchasable","13":"product-type-simple"},"acf":[],"_links":{"self":[{"href":"https:\/\/mpp-backup.staging3.tokig.site\/de\/wp-json\/wp\/v2\/product\/25217","targetHints":{"allow":["GET"]}}],"collection":[{"href":"https:\/\/mpp-backup.staging3.tokig.site\/de\/wp-json\/wp\/v2\/product"}],"about":[{"href":"https:\/\/mpp-backup.staging3.tokig.site\/de\/wp-json\/wp\/v2\/types\/product"}],"version-history":[{"count":0,"href":"https:\/\/mpp-backup.staging3.tokig.site\/de\/wp-json\/wp\/v2\/product\/25217\/revisions"}],"wp:featuredmedia":[{"embeddable":true,"href":"https:\/\/mpp-backup.staging3.tokig.site\/de\/wp-json\/wp\/v2\/media\/25216"}],"wp:attachment":[{"href":"https:\/\/mpp-backup.staging3.tokig.site\/de\/wp-json\/wp\/v2\/media?parent=25217"}],"wp:term":[{"taxonomy":"accessories","embeddable":true,"href":"https:\/\/mpp-backup.staging3.tokig.site\/de\/wp-json\/wp\/v2\/accessories?post=25217"},{"taxonomy":"extra-function","embeddable":true,"href":"https:\/\/mpp-backup.staging3.tokig.site\/de\/wp-json\/wp\/v2\/extra-function?post=25217"},{"taxonomy":"product_cat","embeddable":true,"href":"https:\/\/mpp-backup.staging3.tokig.site\/de\/wp-json\/wp\/v2\/product_cat?post=25217"},{"taxonomy":"product_tag","embeddable":true,"href":"https:\/\/mpp-backup.staging3.tokig.site\/de\/wp-json\/wp\/v2\/product_tag?post=25217"}],"curies":[{"name":"wp","href":"https:\/\/api.w.org\/{rel}","templated":true}]}}