{"id":25212,"date":"2021-02-24T11:28:00","date_gmt":"2021-02-24T11:28:00","guid":{"rendered":"https:\/\/mpp-v1.staging3.tokig.site\/?post_type=product&#038;p=25212"},"modified":"2026-01-06T20:38:00","modified_gmt":"2026-01-06T20:38:00","slug":"sitemonitor","status":"publish","type":"product","link":"https:\/\/mpp-backup.staging3.tokig.site\/de\/produkt\/sitemonitor\/","title":{"rendered":"SiteMonitor"},"content":{"rendered":"","protected":false},"excerpt":{"rendered":"<h2>Eine optimale Kommunikationsl\u00f6sung<\/h2>\n<p>F\u00fcr Anlagen mit mehreren Tanks oder Zisternen eignet sich SiteMonitor perfekt mit seinen Anschl\u00fcssen f\u00fcr 1\u20138 Sensoren 4\u201320\u202fmA, 1\u20134 Sensoren 0\u201310\u202fV sowie RS232\/RS485. Das Messintervall kann \u00fcber SiteInfo konfiguriert werden. SiteMonitor kann zudem an alle auf dem Markt erh\u00e4ltlichen F\u00fcllstandssysteme angeschlossen werden. Unterst\u00fctzt werden unter anderem Schwimmerschalter, Drucktransmitter, Ultraschall, Linienradar, magnetostriktive Sensoren sowie ATM-Systeme wie FAFNIR, OPW und Gilbarco Veeder-Root. Wenn Sie bereits ein bestehendes Messsystem haben, k\u00f6nnen wir es mit hoher Sicherheit an SiteInfo anbinden. Dadurch entf\u00e4llt die Investition in ein neues Messsystem.<\/p>\n","protected":false},"featured_media":25211,"template":"","meta":{"_acf_changed":false},"accessories":[],"extra-function":[],"product_cat":[688,690],"product_tag":[],"class_list":{"0":"post-25212","1":"product","2":"type-product","3":"status-publish","4":"has-post-thumbnail","6":"product_cat-sonstiges","7":"product_cat-fullstandsmessgerate","9":"first","10":"instock","11":"shipping-taxable","12":"purchasable","13":"product-type-simple"},"acf":[],"_links":{"self":[{"href":"https:\/\/mpp-backup.staging3.tokig.site\/de\/wp-json\/wp\/v2\/product\/25212","targetHints":{"allow":["GET"]}}],"collection":[{"href":"https:\/\/mpp-backup.staging3.tokig.site\/de\/wp-json\/wp\/v2\/product"}],"about":[{"href":"https:\/\/mpp-backup.staging3.tokig.site\/de\/wp-json\/wp\/v2\/types\/product"}],"version-history":[{"count":0,"href":"https:\/\/mpp-backup.staging3.tokig.site\/de\/wp-json\/wp\/v2\/product\/25212\/revisions"}],"wp:featuredmedia":[{"embeddable":true,"href":"https:\/\/mpp-backup.staging3.tokig.site\/de\/wp-json\/wp\/v2\/media\/25211"}],"wp:attachment":[{"href":"https:\/\/mpp-backup.staging3.tokig.site\/de\/wp-json\/wp\/v2\/media?parent=25212"}],"wp:term":[{"taxonomy":"accessories","embeddable":true,"href":"https:\/\/mpp-backup.staging3.tokig.site\/de\/wp-json\/wp\/v2\/accessories?post=25212"},{"taxonomy":"extra-function","embeddable":true,"href":"https:\/\/mpp-backup.staging3.tokig.site\/de\/wp-json\/wp\/v2\/extra-function?post=25212"},{"taxonomy":"product_cat","embeddable":true,"href":"https:\/\/mpp-backup.staging3.tokig.site\/de\/wp-json\/wp\/v2\/product_cat?post=25212"},{"taxonomy":"product_tag","embeddable":true,"href":"https:\/\/mpp-backup.staging3.tokig.site\/de\/wp-json\/wp\/v2\/product_tag?post=25212"}],"curies":[{"name":"wp","href":"https:\/\/api.w.org\/{rel}","templated":true}]}}