{"id":25196,"date":"2021-02-24T11:57:59","date_gmt":"2021-02-24T11:57:59","guid":{"rendered":"https:\/\/mpp-v1.staging3.tokig.site\/?post_type=product&#038;p=25196"},"modified":"2026-01-06T20:19:11","modified_gmt":"2026-01-06T20:19:11","slug":"fuellstandsanzeige-ole-atex-mit-sensor","status":"publish","type":"product","link":"https:\/\/mpp-backup.staging3.tokig.site\/de\/produkt\/fuellstandsanzeige-ole-atex-mit-sensor\/","title":{"rendered":"F\u00fcllstandsanzeige OLE (ATEX) mit Sensor"},"content":{"rendered":"","protected":false},"excerpt":{"rendered":"<h2>Digitale ATEX-Tankanzeige mit hintergrundbeleuchtetem Display<\/h2>\n<p>Zeigt den F\u00fcllstand mit einer Genauigkeit von \u00b11,0 % an. Best\u00e4ndig gegen Au\u00dfenbedingungen und gem\u00e4\u00df IP65 klassifiziert. Der Sensor ist f\u00fcr ATEX-Zone 0\/1 geeignet, und die Anzeigeeinheit ist f\u00fcr Zone 2 ausgelegt. Die Grafik wird sowohl in Litern als auch in Prozent angezeigt. Hoch- und Niedrigstandspunkte werden dargestellt. 4\u201320 Milliampere-Ausgang. \u00dcber das Display kalibrierbar f\u00fcr kubische, zylindrische und horizontale Tanks. Wird mit Sensor und einem 1-Zoll-Tankanschluss mit Kabelklemme geliefert.<\/p>\n<h4>Artikelnummer: 100938<\/h4>\n","protected":false},"featured_media":25195,"template":"","meta":{"_acf_changed":false},"accessories":[],"extra-function":[],"product_cat":[688,690],"product_tag":[],"class_list":{"0":"post-25196","1":"product","2":"type-product","3":"status-publish","4":"has-post-thumbnail","6":"product_cat-sonstiges","7":"product_cat-fullstandsmessgerate","9":"first","10":"instock","11":"shipping-taxable","12":"purchasable","13":"product-type-simple"},"acf":[],"_links":{"self":[{"href":"https:\/\/mpp-backup.staging3.tokig.site\/de\/wp-json\/wp\/v2\/product\/25196","targetHints":{"allow":["GET"]}}],"collection":[{"href":"https:\/\/mpp-backup.staging3.tokig.site\/de\/wp-json\/wp\/v2\/product"}],"about":[{"href":"https:\/\/mpp-backup.staging3.tokig.site\/de\/wp-json\/wp\/v2\/types\/product"}],"version-history":[{"count":0,"href":"https:\/\/mpp-backup.staging3.tokig.site\/de\/wp-json\/wp\/v2\/product\/25196\/revisions"}],"wp:featuredmedia":[{"embeddable":true,"href":"https:\/\/mpp-backup.staging3.tokig.site\/de\/wp-json\/wp\/v2\/media\/25195"}],"wp:attachment":[{"href":"https:\/\/mpp-backup.staging3.tokig.site\/de\/wp-json\/wp\/v2\/media?parent=25196"}],"wp:term":[{"taxonomy":"accessories","embeddable":true,"href":"https:\/\/mpp-backup.staging3.tokig.site\/de\/wp-json\/wp\/v2\/accessories?post=25196"},{"taxonomy":"extra-function","embeddable":true,"href":"https:\/\/mpp-backup.staging3.tokig.site\/de\/wp-json\/wp\/v2\/extra-function?post=25196"},{"taxonomy":"product_cat","embeddable":true,"href":"https:\/\/mpp-backup.staging3.tokig.site\/de\/wp-json\/wp\/v2\/product_cat?post=25196"},{"taxonomy":"product_tag","embeddable":true,"href":"https:\/\/mpp-backup.staging3.tokig.site\/de\/wp-json\/wp\/v2\/product_tag?post=25196"}],"curies":[{"name":"wp","href":"https:\/\/api.w.org\/{rel}","templated":true}]}}