{"id":25190,"date":"2021-09-10T09:23:03","date_gmt":"2021-09-10T09:23:03","guid":{"rendered":"https:\/\/mpp-v1.staging3.tokig.site\/?post_type=product&#038;p=25190"},"modified":"2026-01-09T08:52:08","modified_gmt":"2026-01-09T08:52:08","slug":"siteeasy","status":"publish","type":"product","link":"https:\/\/mpp-backup.staging3.tokig.site\/de\/produkt\/siteeasy\/","title":{"rendered":"SiteEasy"},"content":{"rendered":"","protected":false},"excerpt":{"rendered":"<h2>Vernetzte und benutzerfreundliche F\u00fcllstands\u00fcberwachung f\u00fcr mobile TT-Tanks<\/h2>\n<p>SiteEasy ist daf\u00fcr vorbereitet, an unsere Serie von Transporttanks mit Rochester-F\u00fcllstandsanzeige angeschlossen zu werden. Das Paket wird komplett geliefert und ist sofort bereit, mit der Cloud verbunden zu werden. Der analoge Oberanzeiger des Tanks wird einfach durch den SiteEasy-Sensor ersetzt. Strom einschalten, bei SiteInfo einloggen \u2013 und der Tank ist online.<\/p>\n<p>SiteEasy ist batteriebetrieben und ben\u00f6tigt lediglich eine mobile Netzabdeckung. Das Modem verbindet sich einfach mit SiteInfo, wo Sie den F\u00fcllstand Ihres Tanks von \u00fcberall aus verfolgen k\u00f6nnen. Montieren Sie den Drucksensor, schalten Sie den Strom ein und loggen Sie sich bei SiteInfo ein, um den Tankf\u00fcllstand jederzeit und \u00fcberall abzurufen.<\/p>\n<p>Mit der Version SiteEasy GPS haben Sie nicht nur den F\u00fcllstand Ihres Tanks im Blick, sondern auch seinen Standort. Die aktuelle Position wird jedes Mal in SiteInfo erkannt und registriert, wenn die F\u00fcllstandsdaten \u00fcbermittelt werden.<\/p>\n<h2><\/h2>\n<ul>\n<li>Batteriebetriebene All-in-One-L\u00f6sung<\/li>\n<li>Verbindung \u00fcber 2G\/3G\/4G<\/li>\n<li>Optimal f\u00fcr abgelegene Tanks\/Zisternen<\/li>\n<li>Optional mit GPS<\/li>\n<\/ul>\n<p><a href=\"https:\/\/mpp-backup.staging3.tokig.site\/de\/kontakt\/\">Kontaktieren Sie<\/a> uns f\u00fcr weitere Informationen.<\/p>\n","protected":false},"featured_media":25189,"template":"","meta":{"_acf_changed":false},"accessories":[],"extra-function":[],"product_cat":[688,690],"product_tag":[],"class_list":{"0":"post-25190","1":"product","2":"type-product","3":"status-publish","4":"has-post-thumbnail","6":"product_cat-sonstiges","7":"product_cat-fullstandsmessgerate","9":"first","10":"instock","11":"shipping-taxable","12":"purchasable","13":"product-type-simple"},"acf":[],"_links":{"self":[{"href":"https:\/\/mpp-backup.staging3.tokig.site\/de\/wp-json\/wp\/v2\/product\/25190","targetHints":{"allow":["GET"]}}],"collection":[{"href":"https:\/\/mpp-backup.staging3.tokig.site\/de\/wp-json\/wp\/v2\/product"}],"about":[{"href":"https:\/\/mpp-backup.staging3.tokig.site\/de\/wp-json\/wp\/v2\/types\/product"}],"version-history":[{"count":0,"href":"https:\/\/mpp-backup.staging3.tokig.site\/de\/wp-json\/wp\/v2\/product\/25190\/revisions"}],"wp:featuredmedia":[{"embeddable":true,"href":"https:\/\/mpp-backup.staging3.tokig.site\/de\/wp-json\/wp\/v2\/media\/25189"}],"wp:attachment":[{"href":"https:\/\/mpp-backup.staging3.tokig.site\/de\/wp-json\/wp\/v2\/media?parent=25190"}],"wp:term":[{"taxonomy":"accessories","embeddable":true,"href":"https:\/\/mpp-backup.staging3.tokig.site\/de\/wp-json\/wp\/v2\/accessories?post=25190"},{"taxonomy":"extra-function","embeddable":true,"href":"https:\/\/mpp-backup.staging3.tokig.site\/de\/wp-json\/wp\/v2\/extra-function?post=25190"},{"taxonomy":"product_cat","embeddable":true,"href":"https:\/\/mpp-backup.staging3.tokig.site\/de\/wp-json\/wp\/v2\/product_cat?post=25190"},{"taxonomy":"product_tag","embeddable":true,"href":"https:\/\/mpp-backup.staging3.tokig.site\/de\/wp-json\/wp\/v2\/product_tag?post=25190"}],"curies":[{"name":"wp","href":"https:\/\/api.w.org\/{rel}","templated":true}]}}