{"id":24529,"date":"2021-02-24T11:32:17","date_gmt":"2021-02-24T11:32:17","guid":{"rendered":"https:\/\/mpp-v1.staging3.tokig.site\/product\/siteinfo\/"},"modified":"2026-01-09T08:59:13","modified_gmt":"2026-01-09T08:59:13","slug":"siteinfo","status":"publish","type":"product","link":"https:\/\/mpp-backup.staging3.tokig.site\/de\/produkt\/siteinfo\/","title":{"rendered":"SiteInfo"},"content":{"rendered":"","protected":false},"excerpt":{"rendered":"<h2>Vollst\u00e4ndig integrierte F\u00fcllstands\u00fcberwachung, die Transporte effizienter macht, Durchlaufzeiten verk\u00fcrzt und Verluste eliminiert<\/h2>\n<p>SiteInfo ist ein cloudbasierter F\u00fcllstands\u00fcberwachungsdienst, der Ihre <a href=\"https:\/\/mpp-backup.staging3.tokig.site\/de\/anwendungsbereiche\/logistik\/\">Logistik<\/a> einfacher und kosteneffizienter gestaltet. \u00dcber jeden Computer, Tablet oder jedes Mobiltelefon k\u00f6nnen Sie jederzeit zahlreiche Informationen zu Ihren Tanks abrufen. Ohne Personal vor Ort erhalten Sie sofort Auskunft \u00fcber die aktuellen Volumina. Leere Tanks, unn\u00f6tige Lieferungen und kostspielige R\u00fccksendungen geh\u00f6ren damit der Vergangenheit an.<\/p>\n","protected":false},"featured_media":19443,"template":"","meta":{"_acf_changed":false},"accessories":[],"extra-function":[],"product_cat":[688,690],"product_tag":[672],"class_list":{"0":"post-24529","1":"product","2":"type-product","3":"status-publish","4":"has-post-thumbnail","6":"product_cat-sonstiges","7":"product_cat-fullstandsmessgerate","8":"product_tag-siteinfo","10":"first","11":"instock","12":"shipping-taxable","13":"purchasable","14":"product-type-simple"},"acf":[],"_links":{"self":[{"href":"https:\/\/mpp-backup.staging3.tokig.site\/de\/wp-json\/wp\/v2\/product\/24529","targetHints":{"allow":["GET"]}}],"collection":[{"href":"https:\/\/mpp-backup.staging3.tokig.site\/de\/wp-json\/wp\/v2\/product"}],"about":[{"href":"https:\/\/mpp-backup.staging3.tokig.site\/de\/wp-json\/wp\/v2\/types\/product"}],"version-history":[{"count":0,"href":"https:\/\/mpp-backup.staging3.tokig.site\/de\/wp-json\/wp\/v2\/product\/24529\/revisions"}],"wp:featuredmedia":[{"embeddable":true,"href":"https:\/\/mpp-backup.staging3.tokig.site\/de\/wp-json\/wp\/v2\/media\/19443"}],"wp:attachment":[{"href":"https:\/\/mpp-backup.staging3.tokig.site\/de\/wp-json\/wp\/v2\/media?parent=24529"}],"wp:term":[{"taxonomy":"accessories","embeddable":true,"href":"https:\/\/mpp-backup.staging3.tokig.site\/de\/wp-json\/wp\/v2\/accessories?post=24529"},{"taxonomy":"extra-function","embeddable":true,"href":"https:\/\/mpp-backup.staging3.tokig.site\/de\/wp-json\/wp\/v2\/extra-function?post=24529"},{"taxonomy":"product_cat","embeddable":true,"href":"https:\/\/mpp-backup.staging3.tokig.site\/de\/wp-json\/wp\/v2\/product_cat?post=24529"},{"taxonomy":"product_tag","embeddable":true,"href":"https:\/\/mpp-backup.staging3.tokig.site\/de\/wp-json\/wp\/v2\/product_tag?post=24529"}],"curies":[{"name":"wp","href":"https:\/\/api.w.org\/{rel}","templated":true}]}}