{"id":23657,"date":"2022-12-26T06:58:43","date_gmt":"2022-12-26T06:58:43","guid":{"rendered":"https:\/\/mpp-v1.staging3.tokig.site\/product\/zapfsaeulen\/"},"modified":"2026-01-02T04:58:55","modified_gmt":"2026-01-02T04:58:55","slug":"zapfsaeulen","status":"publish","type":"product","link":"https:\/\/mpp-backup.staging3.tokig.site\/de\/produkt\/zapfsaeulen\/","title":{"rendered":"Zapfs\u00e4ulen"},"content":{"rendered":"\t\t<div data-elementor-type=\"product-post\" data-elementor-id=\"23657\" class=\"elementor elementor-23657 elementor-23635\" data-elementor-post-type=\"product\">\n\t\t\t\t<div class=\"elementor-element elementor-element-b22e693 global_container category_top_area e-flex e-con-boxed e-con e-parent\" data-id=\"b22e693\" data-element_type=\"container\">\n\t\t\t\t\t<div class=\"e-con-inner\">\n\t\t<div class=\"elementor-element elementor-element-8e022a1 e-flex e-con-boxed e-con e-child\" data-id=\"8e022a1\" data-element_type=\"container\" data-settings=\"{&quot;background_background&quot;:&quot;classic&quot;}\">\n\t\t\t\t\t<div class=\"e-con-inner\">\n\t\t<div class=\"elementor-element elementor-element-a4dbe53 e-con-full e-flex e-con e-child\" data-id=\"a4dbe53\" data-element_type=\"container\">\n\t\t\t\t<div class=\"elementor-element elementor-element-2864f60 animated-slow elementor-invisible elementor-widget elementor-widget-heading\" data-id=\"2864f60\" data-element_type=\"widget\" data-settings=\"{&quot;_animation&quot;:&quot;fadeIn&quot;,&quot;_animation_delay&quot;:100}\" data-widget_type=\"heading.default\">\n\t\t\t\t<div class=\"elementor-widget-container\">\n\t\t\t\t\t<h1 class=\"elementor-heading-title elementor-size-default\">Zapfs\u00e4ulen<\/h1>\t\t\t\t<\/div>\n\t\t\t\t<\/div>\n\t\t\t\t<div class=\"elementor-element elementor-element-5ca047a animated-slow elementor-invisible elementor-widget elementor-widget-text-editor\" data-id=\"5ca047a\" data-element_type=\"widget\" data-settings=\"{&quot;_animation&quot;:&quot;fadeIn&quot;,&quot;_animation_delay&quot;:200}\" data-widget_type=\"text-editor.default\">\n\t\t\t\t<div class=\"elementor-widget-container\">\n\t\t\t\t\t\t\t\t\t<p>MPP bietet praktische Terminals und Systeme f\u00fcr eine einfache Verwaltung und Kraftstoff\u00fcbersicht f\u00fcr Unternehmen, die den Kraftstoffbestand auf dem eigenen Gel\u00e4nde, im Depot oder \u00e4hnlichen Bereichen \u00fcberwachen m\u00f6chten.<\/p>\n<p>Wir unterst\u00fctzen Sie dabei, die richtige L\u00f6sung f\u00fcr Ihr internes Transaktionsmanagement zu finden \u2013 sei es die Registrierung per Karte, Code oder RFID-Technik oder verschiedene Arten von Bank- und Firmenkartenl\u00f6sungen. MPP arbeitet eng mit marktf\u00fchrenden Anbietern zusammen und begleitet Sie vollst\u00e4ndig, sodass die Transaktionen auch auf das richtige Konto gebucht werden.<\/p>\n<p>Sehen Sie sich unten die Marken der Terminals an. Wenn Sie nicht das finden, wonach Sie suchen, kontaktieren Sie uns einfach!<\/p>\n\t\t\t\t\t\t\t\t<\/div>\n\t\t\t\t<\/div>\n\t\t\t\t<\/div>\n\t\t<div class=\"elementor-element elementor-element-9196a0f e-con-full e-flex e-con e-child\" data-id=\"9196a0f\" data-element_type=\"container\">\n\t\t\t\t<\/div>\n\t\t\t\t\t<\/div>\n\t\t\t\t<\/div>\n\t\t\t\t\t<\/div>\n\t\t\t\t<\/div>\n\t\t<div class=\"elementor-element elementor-element-be43b3d e-con-full global_container_top_zero e-flex e-con e-parent\" data-id=\"be43b3d\" data-element_type=\"container\" data-settings=\"{&quot;background_background&quot;:&quot;classic&quot;}\">\n\t\t<div class=\"elementor-element elementor-element-7d687c3 e-flex e-con-boxed e-con e-child\" data-id=\"7d687c3\" data-element_type=\"container\">\n\t\t\t\t\t<div class=\"e-con-inner\">\n\t\t<div class=\"elementor-element elementor-element-c1d8dc0 e-con-full animated-slow e-grid elementor-invisible e-con e-child\" data-id=\"c1d8dc0\" data-element_type=\"container\" data-settings=\"{&quot;animation&quot;:&quot;fadeIn&quot;,&quot;animation_delay&quot;:600}\">\n\t\t<div class=\"elementor-element elementor-element-8d1c517 e-con-full animated-slow e-flex elementor-invisible e-con e-child\" data-id=\"8d1c517\" data-element_type=\"container\" data-settings=\"{&quot;animation&quot;:&quot;fadeIn&quot;,&quot;animation_delay&quot;:600,&quot;background_background&quot;:&quot;classic&quot;}\">\n\t\t\t\t<div class=\"elementor-element elementor-element-090262d elementor-widget elementor-widget-image\" data-id=\"090262d\" data-element_type=\"widget\" data-widget_type=\"image.default\">\n\t\t\t\t<div class=\"elementor-widget-container\">\n\t\t\t\t\t\t\t\t\t\t\t\t\t\t\t<img fetchpriority=\"high\" decoding=\"async\" width=\"264\" height=\"204\" src=\"https:\/\/mpp-backup.staging3.tokig.site\/wp-content\/uploads\/2025\/12\/Mask-1.webp\" class=\"elementor-animation-grow attachment-full size-full wp-image-23623\" alt=\"Mask 1\" \/>\t\t\t\t\t\t\t\t\t\t\t\t\t\t\t<\/div>\n\t\t\t\t<\/div>\n\t\t<div class=\"elementor-element elementor-element-e293a58 e-con-full e-flex e-con e-child\" data-id=\"e293a58\" data-element_type=\"container\" data-settings=\"{&quot;background_background&quot;:&quot;classic&quot;}\">\n\t\t\t\t<div class=\"elementor-element elementor-element-a09eb59 elementor-widget elementor-widget-heading\" data-id=\"a09eb59\" data-element_type=\"widget\" data-widget_type=\"heading.default\">\n\t\t\t\t<div class=\"elementor-widget-container\">\n\t\t\t\t\t<h2 class=\"elementor-heading-title elementor-size-default\">Piusi<\/h2>\t\t\t\t<\/div>\n\t\t\t\t<\/div>\n\t\t\t\t<\/div>\n\t\t\t\t<\/div>\n\t\t<div class=\"elementor-element elementor-element-6c9c503 e-con-full animated-slow e-flex elementor-invisible e-con e-child\" data-id=\"6c9c503\" data-element_type=\"container\" data-settings=\"{&quot;animation&quot;:&quot;fadeIn&quot;,&quot;animation_delay&quot;:600,&quot;background_background&quot;:&quot;classic&quot;}\">\n\t\t\t\t<div class=\"elementor-element elementor-element-ee0d6cb elementor-widget elementor-widget-image\" data-id=\"ee0d6cb\" data-element_type=\"widget\" data-widget_type=\"image.default\">\n\t\t\t\t<div class=\"elementor-widget-container\">\n\t\t\t\t\t\t\t\t\t\t\t\t\t\t\t<img decoding=\"async\" width=\"256\" height=\"203\" src=\"https:\/\/mpp-backup.staging3.tokig.site\/wp-content\/uploads\/2025\/12\/Bitmap-1.webp\" class=\"elementor-animation-grow attachment-full size-full wp-image-23625\" alt=\"Bitmap 1\" \/>\t\t\t\t\t\t\t\t\t\t\t\t\t\t\t<\/div>\n\t\t\t\t<\/div>\n\t\t<div class=\"elementor-element elementor-element-35c9a96 e-con-full e-flex e-con e-child\" data-id=\"35c9a96\" data-element_type=\"container\" data-settings=\"{&quot;background_background&quot;:&quot;classic&quot;}\">\n\t\t\t\t<div class=\"elementor-element elementor-element-ae4a0ee elementor-widget elementor-widget-heading\" data-id=\"ae4a0ee\" data-element_type=\"widget\" data-widget_type=\"heading.default\">\n\t\t\t\t<div class=\"elementor-widget-container\">\n\t\t\t\t\t<h2 class=\"elementor-heading-title elementor-size-default\">Tecalemit<\/h2>\t\t\t\t<\/div>\n\t\t\t\t<\/div>\n\t\t\t\t<\/div>\n\t\t\t\t<\/div>\n\t\t<div class=\"elementor-element elementor-element-4f3804f e-con-full animated-slow e-flex elementor-invisible e-con e-child\" data-id=\"4f3804f\" data-element_type=\"container\" data-settings=\"{&quot;animation&quot;:&quot;fadeIn&quot;,&quot;animation_delay&quot;:600,&quot;background_background&quot;:&quot;classic&quot;}\">\n\t\t\t\t<div class=\"elementor-element elementor-element-c8ed863 elementor-widget elementor-widget-image\" data-id=\"c8ed863\" data-element_type=\"widget\" data-widget_type=\"image.default\">\n\t\t\t\t<div class=\"elementor-widget-container\">\n\t\t\t\t\t\t\t\t\t\t\t\t\t\t\t<img decoding=\"async\" width=\"233\" height=\"193\" src=\"https:\/\/mpp-backup.staging3.tokig.site\/wp-content\/uploads\/2025\/12\/Bitmap-2.webp\" class=\"elementor-animation-grow attachment-full size-full wp-image-23654\" alt=\"Bitmap 2\" \/>\t\t\t\t\t\t\t\t\t\t\t\t\t\t\t<\/div>\n\t\t\t\t<\/div>\n\t\t<div class=\"elementor-element elementor-element-f0358ce e-con-full e-flex e-con e-child\" data-id=\"f0358ce\" data-element_type=\"container\" data-settings=\"{&quot;background_background&quot;:&quot;classic&quot;}\">\n\t\t\t\t<div class=\"elementor-element elementor-element-e44d61b elementor-widget elementor-widget-heading\" data-id=\"e44d61b\" data-element_type=\"widget\" data-widget_type=\"heading.default\">\n\t\t\t\t<div class=\"elementor-widget-container\">\n\t\t\t\t\t<h2 class=\"elementor-heading-title elementor-size-default\">Fuellog<\/h2>\t\t\t\t<\/div>\n\t\t\t\t<\/div>\n\t\t\t\t<\/div>\n\t\t\t\t<\/div>\n\t\t<div class=\"elementor-element elementor-element-2a1e828 e-con-full animated-slow e-flex elementor-invisible e-con e-child\" data-id=\"2a1e828\" data-element_type=\"container\" data-settings=\"{&quot;animation&quot;:&quot;fadeIn&quot;,&quot;animation_delay&quot;:600,&quot;background_background&quot;:&quot;classic&quot;}\">\n\t\t\t\t<div class=\"elementor-element elementor-element-d3fcc32 elementor-widget elementor-widget-image\" data-id=\"d3fcc32\" data-element_type=\"widget\" data-widget_type=\"image.default\">\n\t\t\t\t<div class=\"elementor-widget-container\">\n\t\t\t\t\t\t\t\t\t\t\t\t\t\t\t<img loading=\"lazy\" decoding=\"async\" width=\"275\" height=\"206\" src=\"https:\/\/mpp-backup.staging3.tokig.site\/wp-content\/uploads\/2025\/12\/Path-2909.webp\" class=\"elementor-animation-grow attachment-full size-full wp-image-23626\" alt=\"Path 2909\" \/>\t\t\t\t\t\t\t\t\t\t\t\t\t\t\t<\/div>\n\t\t\t\t<\/div>\n\t\t<div class=\"elementor-element elementor-element-24aa3db e-con-full e-flex e-con e-child\" data-id=\"24aa3db\" data-element_type=\"container\" data-settings=\"{&quot;background_background&quot;:&quot;classic&quot;}\">\n\t\t\t\t<div class=\"elementor-element elementor-element-4c04557 elementor-widget elementor-widget-heading\" data-id=\"4c04557\" data-element_type=\"widget\" data-widget_type=\"heading.default\">\n\t\t\t\t<div class=\"elementor-widget-container\">\n\t\t\t\t\t<h2 class=\"elementor-heading-title elementor-size-default\">Gilbarco<\/h2>\t\t\t\t<\/div>\n\t\t\t\t<\/div>\n\t\t\t\t<\/div>\n\t\t\t\t<\/div>\n\t\t<div class=\"elementor-element elementor-element-40f79a7 e-con-full animated-slow e-flex elementor-invisible e-con e-child\" data-id=\"40f79a7\" data-element_type=\"container\" data-settings=\"{&quot;animation&quot;:&quot;fadeIn&quot;,&quot;animation_delay&quot;:600,&quot;background_background&quot;:&quot;classic&quot;}\">\n\t\t\t\t<div class=\"elementor-element elementor-element-92e74bc elementor-widget elementor-widget-image\" data-id=\"92e74bc\" data-element_type=\"widget\" data-widget_type=\"image.default\">\n\t\t\t\t<div class=\"elementor-widget-container\">\n\t\t\t\t\t\t\t\t\t\t\t\t\t\t\t<img loading=\"lazy\" decoding=\"async\" width=\"287\" height=\"233\" src=\"https:\/\/mpp-backup.staging3.tokig.site\/wp-content\/uploads\/2025\/12\/Bitmap-4-1.webp\" class=\"elementor-animation-grow attachment-full size-full wp-image-23629\" alt=\"Bitmap 4 1\" \/>\t\t\t\t\t\t\t\t\t\t\t\t\t\t\t<\/div>\n\t\t\t\t<\/div>\n\t\t<div class=\"elementor-element elementor-element-21d620b e-con-full e-flex e-con e-child\" data-id=\"21d620b\" data-element_type=\"container\" data-settings=\"{&quot;background_background&quot;:&quot;classic&quot;}\">\n\t\t\t\t<div class=\"elementor-element elementor-element-42953b5 elementor-widget elementor-widget-heading\" data-id=\"42953b5\" data-element_type=\"widget\" data-widget_type=\"heading.default\">\n\t\t\t\t<div class=\"elementor-widget-container\">\n\t\t\t\t\t<h2 class=\"elementor-heading-title elementor-size-default\">Logos Codab<\/h2>\t\t\t\t<\/div>\n\t\t\t\t<\/div>\n\t\t\t\t<\/div>\n\t\t\t\t<\/div>\n\t\t<div class=\"elementor-element elementor-element-d74982d e-con-full animated-slow e-flex elementor-invisible e-con e-child\" data-id=\"d74982d\" data-element_type=\"container\" data-settings=\"{&quot;animation&quot;:&quot;fadeIn&quot;,&quot;animation_delay&quot;:600,&quot;background_background&quot;:&quot;classic&quot;}\">\n\t\t\t\t<div class=\"elementor-element elementor-element-c5c611d elementor-widget elementor-widget-image\" data-id=\"c5c611d\" data-element_type=\"widget\" data-widget_type=\"image.default\">\n\t\t\t\t<div class=\"elementor-widget-container\">\n\t\t\t\t\t\t\t\t\t\t\t\t\t\t\t<img loading=\"lazy\" decoding=\"async\" width=\"282\" height=\"225\" src=\"https:\/\/mpp-backup.staging3.tokig.site\/wp-content\/uploads\/2025\/12\/Bitmap-6.webp\" class=\"elementor-animation-grow attachment-full size-full wp-image-23655\" alt=\"Bitmap 6\" \/>\t\t\t\t\t\t\t\t\t\t\t\t\t\t\t<\/div>\n\t\t\t\t<\/div>\n\t\t<div class=\"elementor-element elementor-element-030b262 e-con-full e-flex e-con e-child\" data-id=\"030b262\" data-element_type=\"container\" data-settings=\"{&quot;background_background&quot;:&quot;classic&quot;}\">\n\t\t\t\t<div class=\"elementor-element elementor-element-1a0957b elementor-widget elementor-widget-heading\" data-id=\"1a0957b\" data-element_type=\"widget\" data-widget_type=\"heading.default\">\n\t\t\t\t<div class=\"elementor-widget-container\">\n\t\t\t\t\t<h2 class=\"elementor-heading-title elementor-size-default\">L\u00fcmatic<\/h2>\t\t\t\t<\/div>\n\t\t\t\t<\/div>\n\t\t\t\t<\/div>\n\t\t\t\t<\/div>\n\t\t<div class=\"elementor-element elementor-element-23ce539 e-con-full animated-slow e-flex elementor-invisible e-con e-child\" data-id=\"23ce539\" data-element_type=\"container\" data-settings=\"{&quot;animation&quot;:&quot;fadeIn&quot;,&quot;animation_delay&quot;:600,&quot;background_background&quot;:&quot;classic&quot;}\">\n\t\t\t\t<div class=\"elementor-element elementor-element-f87b7e5 elementor-widget elementor-widget-image\" data-id=\"f87b7e5\" data-element_type=\"widget\" data-widget_type=\"image.default\">\n\t\t\t\t<div class=\"elementor-widget-container\">\n\t\t\t\t\t\t\t\t\t\t\t\t\t\t\t<img loading=\"lazy\" decoding=\"async\" width=\"255\" height=\"239\" src=\"https:\/\/mpp-backup.staging3.tokig.site\/wp-content\/uploads\/2025\/12\/Bitmap-5.webp\" class=\"elementor-animation-grow attachment-full size-full wp-image-23656\" alt=\"Bitmap 5\" \/>\t\t\t\t\t\t\t\t\t\t\t\t\t\t\t<\/div>\n\t\t\t\t<\/div>\n\t\t<div class=\"elementor-element elementor-element-b94452c e-con-full e-flex e-con e-child\" data-id=\"b94452c\" data-element_type=\"container\" data-settings=\"{&quot;background_background&quot;:&quot;classic&quot;}\">\n\t\t\t\t<div class=\"elementor-element elementor-element-9960b7b elementor-widget elementor-widget-heading\" data-id=\"9960b7b\" data-element_type=\"widget\" data-widget_type=\"heading.default\">\n\t\t\t\t<div class=\"elementor-widget-container\">\n\t\t\t\t\t<h2 class=\"elementor-heading-title elementor-size-default\">Knowtronic<\/h2>\t\t\t\t<\/div>\n\t\t\t\t<\/div>\n\t\t\t\t<\/div>\n\t\t\t\t<\/div>\n\t\t\t\t<\/div>\n\t\t\t\t\t<\/div>\n\t\t\t\t<\/div>\n\t\t\t\t<\/div>\n\t\t\t\t<\/div>\n\t\t","protected":false},"excerpt":{"rendered":"<p>MPP bietet praktische Terminals und Systeme f\u00fcr eine einfache Verwaltung und Kraftstoff\u00fcbersicht f\u00fcr Unternehmen, die den Kraftstoffbestand auf dem eigenen Gel\u00e4nde, im Depot oder \u00e4hnlichen Bereichen \u00fcberwachen m\u00f6chten. Wir unterst\u00fctzen Sie dabei, die richtige L\u00f6sung f\u00fcr Ihr internes Transaktionsmanagement zu finden \u2013 sei es die Registrierung per Karte, Code oder RFID-Technik oder verschiedene Arten von [&hellip;]<\/p>\n","protected":false},"featured_media":24287,"template":"","meta":{"_acf_changed":false},"accessories":[],"extra-function":[],"product_cat":[688,689],"product_tag":[],"class_list":{"0":"post-23657","1":"product","2":"type-product","3":"status-publish","4":"has-post-thumbnail","6":"product_cat-sonstiges","7":"product_cat-zapfsaulen","9":"first","10":"instock","11":"shipping-taxable","12":"product-type-simple"},"acf":[],"_links":{"self":[{"href":"https:\/\/mpp-backup.staging3.tokig.site\/de\/wp-json\/wp\/v2\/product\/23657","targetHints":{"allow":["GET"]}}],"collection":[{"href":"https:\/\/mpp-backup.staging3.tokig.site\/de\/wp-json\/wp\/v2\/product"}],"about":[{"href":"https:\/\/mpp-backup.staging3.tokig.site\/de\/wp-json\/wp\/v2\/types\/product"}],"version-history":[{"count":0,"href":"https:\/\/mpp-backup.staging3.tokig.site\/de\/wp-json\/wp\/v2\/product\/23657\/revisions"}],"wp:featuredmedia":[{"embeddable":true,"href":"https:\/\/mpp-backup.staging3.tokig.site\/de\/wp-json\/wp\/v2\/media\/24287"}],"wp:attachment":[{"href":"https:\/\/mpp-backup.staging3.tokig.site\/de\/wp-json\/wp\/v2\/media?parent=23657"}],"wp:term":[{"taxonomy":"accessories","embeddable":true,"href":"https:\/\/mpp-backup.staging3.tokig.site\/de\/wp-json\/wp\/v2\/accessories?post=23657"},{"taxonomy":"extra-function","embeddable":true,"href":"https:\/\/mpp-backup.staging3.tokig.site\/de\/wp-json\/wp\/v2\/extra-function?post=23657"},{"taxonomy":"product_cat","embeddable":true,"href":"https:\/\/mpp-backup.staging3.tokig.site\/de\/wp-json\/wp\/v2\/product_cat?post=23657"},{"taxonomy":"product_tag","embeddable":true,"href":"https:\/\/mpp-backup.staging3.tokig.site\/de\/wp-json\/wp\/v2\/product_tag?post=23657"}],"curies":[{"name":"wp","href":"https:\/\/api.w.org\/{rel}","templated":true}]}}