{"id":23631,"date":"2022-12-26T06:05:24","date_gmt":"2022-12-26T06:05:24","guid":{"rendered":"https:\/\/mpp-v1.staging3.tokig.site\/product\/pumpen\/"},"modified":"2026-01-06T07:02:56","modified_gmt":"2026-01-06T07:02:56","slug":"pumpen","status":"publish","type":"product","link":"https:\/\/mpp-backup.staging3.tokig.site\/de\/produkt\/pumpen\/","title":{"rendered":"Pumpen"},"content":{"rendered":"\t\t<div data-elementor-type=\"product-post\" data-elementor-id=\"23631\" class=\"elementor elementor-23631 elementor-23524\" data-elementor-post-type=\"product\">\n\t\t\t\t<div class=\"elementor-element elementor-element-b22e693 global_container category_top_area e-flex e-con-boxed e-con e-parent\" data-id=\"b22e693\" data-element_type=\"container\">\n\t\t\t\t\t<div class=\"e-con-inner\">\n\t\t<div class=\"elementor-element elementor-element-8e022a1 e-flex e-con-boxed e-con e-child\" data-id=\"8e022a1\" data-element_type=\"container\" data-settings=\"{&quot;background_background&quot;:&quot;classic&quot;}\">\n\t\t\t\t\t<div class=\"e-con-inner\">\n\t\t<div class=\"elementor-element elementor-element-a4dbe53 e-con-full e-flex e-con e-child\" data-id=\"a4dbe53\" data-element_type=\"container\">\n\t\t\t\t<div class=\"elementor-element elementor-element-2864f60 animated-slow elementor-invisible elementor-widget elementor-widget-heading\" data-id=\"2864f60\" data-element_type=\"widget\" data-settings=\"{&quot;_animation&quot;:&quot;fadeIn&quot;,&quot;_animation_delay&quot;:100}\" data-widget_type=\"heading.default\">\n\t\t\t\t<div class=\"elementor-widget-container\">\n\t\t\t\t\t<h1 class=\"elementor-heading-title elementor-size-default\">Pumpen<\/h1>\t\t\t\t<\/div>\n\t\t\t\t<\/div>\n\t\t\t\t<div class=\"elementor-element elementor-element-5ca047a animated-slow elementor-invisible elementor-widget elementor-widget-text-editor\" data-id=\"5ca047a\" data-element_type=\"widget\" data-settings=\"{&quot;_animation&quot;:&quot;fadeIn&quot;,&quot;_animation_delay&quot;:200}\" data-widget_type=\"text-editor.default\">\n\t\t\t\t<div class=\"elementor-widget-container\">\n\t\t\t\t\t\t\t\t\t<p>Wir bieten ein breites Sortiment an Pumpen, die f\u00fcr verschiedene Einsatzbereiche geeignet sind \u2013 von Transporttanks und station\u00e4ren Beh\u00e4ltern bis hin zu kompletten Tankstellen. Unsere Pumpen zeichnen sich durch hohe Qualit\u00e4t aus und sind so konzipiert, dass sie die Anforderungen der Branche erf\u00fcllen, egal ob es sich um Diesel, Benzin, AdBlue oder andere Fl\u00fcssigkeiten handelt.<\/p>\n<p>Wir arbeiten mit bekannten und zuverl\u00e4ssigen Herstellern zusammen, um Betriebssicherheit, lange Lebensdauer und einfache Wartung zu gew\u00e4hrleisten.<\/p>\n<p>Wir bieten Pumpen der folgenden Marken an:Suchen Sie nach einer bestimmten Marke oder einem Modell, das nicht in unserem Sortiment enthalten ist? Kein Problem \u2013 kontaktieren Sie uns! Wir helfen Ihnen gerne, die passende Pumpe f\u00fcr Ihren Bedarf zu finden.<\/p>\n\t\t\t\t\t\t\t\t<\/div>\n\t\t\t\t<\/div>\n\t\t\t\t<\/div>\n\t\t<div class=\"elementor-element elementor-element-9196a0f e-con-full e-flex e-con e-child\" data-id=\"9196a0f\" data-element_type=\"container\">\n\t\t\t\t<\/div>\n\t\t\t\t\t<\/div>\n\t\t\t\t<\/div>\n\t\t\t\t\t<\/div>\n\t\t\t\t<\/div>\n\t\t<div class=\"elementor-element elementor-element-be43b3d e-con-full global_container_top_zero e-flex e-con e-parent\" data-id=\"be43b3d\" data-element_type=\"container\" data-settings=\"{&quot;background_background&quot;:&quot;classic&quot;}\">\n\t\t<div class=\"elementor-element elementor-element-7d687c3 e-flex e-con-boxed e-con e-child\" data-id=\"7d687c3\" data-element_type=\"container\">\n\t\t\t\t\t<div class=\"e-con-inner\">\n\t\t<div class=\"elementor-element elementor-element-c1d8dc0 e-con-full animated-slow e-grid elementor-invisible e-con e-child\" data-id=\"c1d8dc0\" data-element_type=\"container\" data-settings=\"{&quot;animation&quot;:&quot;fadeIn&quot;,&quot;animation_delay&quot;:600}\">\n\t\t<div class=\"elementor-element elementor-element-8d1c517 e-con-full animated-slow e-flex elementor-invisible e-con e-child\" data-id=\"8d1c517\" data-element_type=\"container\" data-settings=\"{&quot;animation&quot;:&quot;fadeIn&quot;,&quot;animation_delay&quot;:600,&quot;background_background&quot;:&quot;classic&quot;}\">\n\t\t\t\t<div class=\"elementor-element elementor-element-090262d elementor-widget elementor-widget-image\" data-id=\"090262d\" data-element_type=\"widget\" data-widget_type=\"image.default\">\n\t\t\t\t<div class=\"elementor-widget-container\">\n\t\t\t\t\t\t\t\t\t\t\t\t\t\t\t<img fetchpriority=\"high\" decoding=\"async\" width=\"264\" height=\"204\" src=\"https:\/\/mpp-backup.staging3.tokig.site\/wp-content\/uploads\/2025\/12\/Mask-1.webp\" class=\"elementor-animation-grow attachment-full size-full wp-image-23623\" alt=\"Mask 1\" \/>\t\t\t\t\t\t\t\t\t\t\t\t\t\t\t<\/div>\n\t\t\t\t<\/div>\n\t\t<div class=\"elementor-element elementor-element-e293a58 e-con-full e-flex e-con e-child\" data-id=\"e293a58\" data-element_type=\"container\" data-settings=\"{&quot;background_background&quot;:&quot;classic&quot;}\">\n\t\t\t\t<div class=\"elementor-element elementor-element-a09eb59 elementor-widget elementor-widget-heading\" data-id=\"a09eb59\" data-element_type=\"widget\" data-widget_type=\"heading.default\">\n\t\t\t\t<div class=\"elementor-widget-container\">\n\t\t\t\t\t<h3 class=\"elementor-heading-title elementor-size-default\">Piusi<\/h3>\t\t\t\t<\/div>\n\t\t\t\t<\/div>\n\t\t\t\t<\/div>\n\t\t\t\t<\/div>\n\t\t<div class=\"elementor-element elementor-element-6c9c503 e-con-full animated-slow e-flex elementor-invisible e-con e-child\" data-id=\"6c9c503\" data-element_type=\"container\" data-settings=\"{&quot;animation&quot;:&quot;fadeIn&quot;,&quot;animation_delay&quot;:600,&quot;background_background&quot;:&quot;classic&quot;}\">\n\t\t\t\t<div class=\"elementor-element elementor-element-ee0d6cb elementor-widget elementor-widget-image\" data-id=\"ee0d6cb\" data-element_type=\"widget\" data-widget_type=\"image.default\">\n\t\t\t\t<div class=\"elementor-widget-container\">\n\t\t\t\t\t\t\t\t\t\t\t\t\t\t\t<img decoding=\"async\" width=\"261\" height=\"195\" src=\"https:\/\/mpp-backup.staging3.tokig.site\/wp-content\/uploads\/2025\/12\/Bitmap.webp\" class=\"elementor-animation-grow attachment-full size-full wp-image-23624\" alt=\"Bitmap\" \/>\t\t\t\t\t\t\t\t\t\t\t\t\t\t\t<\/div>\n\t\t\t\t<\/div>\n\t\t<div class=\"elementor-element elementor-element-35c9a96 e-con-full e-flex e-con e-child\" data-id=\"35c9a96\" data-element_type=\"container\" data-settings=\"{&quot;background_background&quot;:&quot;classic&quot;}\">\n\t\t\t\t<div class=\"elementor-element elementor-element-ae4a0ee elementor-widget elementor-widget-heading\" data-id=\"ae4a0ee\" data-element_type=\"widget\" data-widget_type=\"heading.default\">\n\t\t\t\t<div class=\"elementor-widget-container\">\n\t\t\t\t\t<h3 class=\"elementor-heading-title elementor-size-default\">Gespasa<\/h3>\t\t\t\t<\/div>\n\t\t\t\t<\/div>\n\t\t\t\t<\/div>\n\t\t\t\t<\/div>\n\t\t<div class=\"elementor-element elementor-element-4f3804f e-con-full animated-slow e-flex elementor-invisible e-con e-child\" data-id=\"4f3804f\" data-element_type=\"container\" data-settings=\"{&quot;animation&quot;:&quot;fadeIn&quot;,&quot;animation_delay&quot;:600,&quot;background_background&quot;:&quot;classic&quot;}\">\n\t\t\t\t<div class=\"elementor-element elementor-element-c8ed863 elementor-widget elementor-widget-image\" data-id=\"c8ed863\" data-element_type=\"widget\" data-widget_type=\"image.default\">\n\t\t\t\t<div class=\"elementor-widget-container\">\n\t\t\t\t\t\t\t\t\t\t\t\t\t\t\t<img decoding=\"async\" width=\"256\" height=\"203\" src=\"https:\/\/mpp-backup.staging3.tokig.site\/wp-content\/uploads\/2025\/12\/Bitmap-1.webp\" class=\"elementor-animation-grow attachment-full size-full wp-image-23625\" alt=\"Bitmap 1\" \/>\t\t\t\t\t\t\t\t\t\t\t\t\t\t\t<\/div>\n\t\t\t\t<\/div>\n\t\t<div class=\"elementor-element elementor-element-f0358ce e-con-full e-flex e-con e-child\" data-id=\"f0358ce\" data-element_type=\"container\" data-settings=\"{&quot;background_background&quot;:&quot;classic&quot;}\">\n\t\t\t\t<div class=\"elementor-element elementor-element-e44d61b elementor-widget elementor-widget-heading\" data-id=\"e44d61b\" data-element_type=\"widget\" data-widget_type=\"heading.default\">\n\t\t\t\t<div class=\"elementor-widget-container\">\n\t\t\t\t\t<h3 class=\"elementor-heading-title elementor-size-default\">Tecalemit<\/h3>\t\t\t\t<\/div>\n\t\t\t\t<\/div>\n\t\t\t\t<\/div>\n\t\t\t\t<\/div>\n\t\t<div class=\"elementor-element elementor-element-427ffb1 e-con-full animated-slow e-flex elementor-invisible e-con e-child\" data-id=\"427ffb1\" data-element_type=\"container\" data-settings=\"{&quot;animation&quot;:&quot;fadeIn&quot;,&quot;animation_delay&quot;:600,&quot;background_background&quot;:&quot;classic&quot;}\">\n\t\t\t\t<div class=\"elementor-element elementor-element-8384ce5 elementor-widget elementor-widget-image\" data-id=\"8384ce5\" data-element_type=\"widget\" data-widget_type=\"image.default\">\n\t\t\t\t<div class=\"elementor-widget-container\">\n\t\t\t\t\t\t\t\t\t\t\t\t\t\t\t<img loading=\"lazy\" decoding=\"async\" width=\"275\" height=\"206\" src=\"https:\/\/mpp-backup.staging3.tokig.site\/wp-content\/uploads\/2025\/12\/Path-2909.webp\" class=\"elementor-animation-grow attachment-full size-full wp-image-23626\" alt=\"Path 2909\" \/>\t\t\t\t\t\t\t\t\t\t\t\t\t\t\t<\/div>\n\t\t\t\t<\/div>\n\t\t<div class=\"elementor-element elementor-element-5af1db3 e-con-full e-flex e-con e-child\" data-id=\"5af1db3\" data-element_type=\"container\" data-settings=\"{&quot;background_background&quot;:&quot;classic&quot;}\">\n\t\t\t\t<div class=\"elementor-element elementor-element-857cd8b elementor-widget elementor-widget-heading\" data-id=\"857cd8b\" data-element_type=\"widget\" data-widget_type=\"heading.default\">\n\t\t\t\t<div class=\"elementor-widget-container\">\n\t\t\t\t\t<h3 class=\"elementor-heading-title elementor-size-default\">Gilbarco<\/h3>\t\t\t\t<\/div>\n\t\t\t\t<\/div>\n\t\t\t\t<\/div>\n\t\t\t\t<\/div>\n\t\t<div class=\"elementor-element elementor-element-00c9746 e-con-full animated-slow e-flex elementor-invisible e-con e-child\" data-id=\"00c9746\" data-element_type=\"container\" data-settings=\"{&quot;animation&quot;:&quot;fadeIn&quot;,&quot;animation_delay&quot;:600,&quot;background_background&quot;:&quot;classic&quot;}\">\n\t\t\t\t<div class=\"elementor-element elementor-element-98db785 elementor-widget elementor-widget-image\" data-id=\"98db785\" data-element_type=\"widget\" data-widget_type=\"image.default\">\n\t\t\t\t<div class=\"elementor-widget-container\">\n\t\t\t\t\t\t\t\t\t\t\t\t\t\t\t<img loading=\"lazy\" decoding=\"async\" width=\"277\" height=\"200\" src=\"https:\/\/mpp-backup.staging3.tokig.site\/wp-content\/uploads\/2025\/12\/Path-2918.webp\" class=\"elementor-animation-grow attachment-full size-full wp-image-23627\" alt=\"Path 2918\" \/>\t\t\t\t\t\t\t\t\t\t\t\t\t\t\t<\/div>\n\t\t\t\t<\/div>\n\t\t<div class=\"elementor-element elementor-element-97d7481 e-con-full e-flex e-con e-child\" data-id=\"97d7481\" data-element_type=\"container\" data-settings=\"{&quot;background_background&quot;:&quot;classic&quot;}\">\n\t\t\t\t<div class=\"elementor-element elementor-element-b556fb7 elementor-widget elementor-widget-heading\" data-id=\"b556fb7\" data-element_type=\"widget\" data-widget_type=\"heading.default\">\n\t\t\t\t<div class=\"elementor-widget-container\">\n\t\t\t\t\t<h3 class=\"elementor-heading-title elementor-size-default\">Tatsuno<\/h3>\t\t\t\t<\/div>\n\t\t\t\t<\/div>\n\t\t\t\t<\/div>\n\t\t\t\t<\/div>\n\t\t<div class=\"elementor-element elementor-element-8406bc7 e-con-full animated-slow e-flex elementor-invisible e-con e-child\" data-id=\"8406bc7\" data-element_type=\"container\" data-settings=\"{&quot;animation&quot;:&quot;fadeIn&quot;,&quot;animation_delay&quot;:600,&quot;background_background&quot;:&quot;classic&quot;}\">\n\t\t\t\t<div class=\"elementor-element elementor-element-0160751 elementor-widget elementor-widget-image\" data-id=\"0160751\" data-element_type=\"widget\" data-widget_type=\"image.default\">\n\t\t\t\t<div class=\"elementor-widget-container\">\n\t\t\t\t\t\t\t\t\t\t\t\t\t\t\t<img loading=\"lazy\" decoding=\"async\" width=\"276\" height=\"218\" src=\"https:\/\/mpp-backup.staging3.tokig.site\/wp-content\/uploads\/2025\/12\/Bitmap-3.webp\" class=\"elementor-animation-grow attachment-full size-full wp-image-23628\" alt=\"Bitmap 3\" \/>\t\t\t\t\t\t\t\t\t\t\t\t\t\t\t<\/div>\n\t\t\t\t<\/div>\n\t\t<div class=\"elementor-element elementor-element-2110a54 e-con-full e-flex e-con e-child\" data-id=\"2110a54\" data-element_type=\"container\" data-settings=\"{&quot;background_background&quot;:&quot;classic&quot;}\">\n\t\t\t\t<div class=\"elementor-element elementor-element-c31055c elementor-widget elementor-widget-heading\" data-id=\"c31055c\" data-element_type=\"widget\" data-widget_type=\"heading.default\">\n\t\t\t\t<div class=\"elementor-widget-container\">\n\t\t\t\t\t<h3 class=\"elementor-heading-title elementor-size-default\">Tokheim<\/h3>\t\t\t\t<\/div>\n\t\t\t\t<\/div>\n\t\t\t\t<\/div>\n\t\t\t\t<\/div>\n\t\t<div class=\"elementor-element elementor-element-26c0959 e-con-full animated-slow e-flex elementor-invisible e-con e-child\" data-id=\"26c0959\" data-element_type=\"container\" data-settings=\"{&quot;animation&quot;:&quot;fadeIn&quot;,&quot;animation_delay&quot;:600,&quot;background_background&quot;:&quot;classic&quot;}\">\n\t\t\t\t<div class=\"elementor-element elementor-element-027edc1 elementor-widget elementor-widget-image\" data-id=\"027edc1\" data-element_type=\"widget\" data-widget_type=\"image.default\">\n\t\t\t\t<div class=\"elementor-widget-container\">\n\t\t\t\t\t\t\t\t\t\t\t\t\t\t\t<img loading=\"lazy\" decoding=\"async\" width=\"287\" height=\"233\" src=\"https:\/\/mpp-backup.staging3.tokig.site\/wp-content\/uploads\/2025\/12\/Bitmap-4-1.webp\" class=\"elementor-animation-grow attachment-full size-full wp-image-23629\" alt=\"Bitmap 4 1\" \/>\t\t\t\t\t\t\t\t\t\t\t\t\t\t\t<\/div>\n\t\t\t\t<\/div>\n\t\t<div class=\"elementor-element elementor-element-eb40622 e-con-full e-flex e-con e-child\" data-id=\"eb40622\" data-element_type=\"container\" data-settings=\"{&quot;background_background&quot;:&quot;classic&quot;}\">\n\t\t\t\t<div class=\"elementor-element elementor-element-2a87dd2 elementor-widget elementor-widget-heading\" data-id=\"2a87dd2\" data-element_type=\"widget\" data-widget_type=\"heading.default\">\n\t\t\t\t<div class=\"elementor-widget-container\">\n\t\t\t\t\t<h3 class=\"elementor-heading-title elementor-size-default\">Petrotec<\/h3>\t\t\t\t<\/div>\n\t\t\t\t<\/div>\n\t\t\t\t<\/div>\n\t\t\t\t<\/div>\n\t\t<div class=\"elementor-element elementor-element-f91665c e-con-full animated-slow e-flex elementor-invisible e-con e-child\" data-id=\"f91665c\" data-element_type=\"container\" data-settings=\"{&quot;animation&quot;:&quot;fadeIn&quot;,&quot;animation_delay&quot;:600,&quot;background_background&quot;:&quot;classic&quot;}\">\n\t\t\t\t<div class=\"elementor-element elementor-element-3a84cde elementor-widget elementor-widget-image\" data-id=\"3a84cde\" data-element_type=\"widget\" data-widget_type=\"image.default\">\n\t\t\t\t<div class=\"elementor-widget-container\">\n\t\t\t\t\t\t\t\t\t\t\t\t\t\t\t<img loading=\"lazy\" decoding=\"async\" width=\"302\" height=\"215\" src=\"https:\/\/mpp-backup.staging3.tokig.site\/wp-content\/uploads\/2025\/12\/Mask-2.webp\" class=\"elementor-animation-grow attachment-full size-full wp-image-23630\" alt=\"Mask 2\" srcset=\"https:\/\/mpp-backup.staging3.tokig.site\/wp-content\/uploads\/2025\/12\/Mask-2.webp 302w, https:\/\/mpp-backup.staging3.tokig.site\/wp-content\/uploads\/2025\/12\/Mask-2-300x215.webp 300w\" sizes=\"(max-width: 302px) 100vw, 302px\" \/>\t\t\t\t\t\t\t\t\t\t\t\t\t\t\t<\/div>\n\t\t\t\t<\/div>\n\t\t<div class=\"elementor-element elementor-element-8dd7909 e-con-full e-flex e-con e-child\" data-id=\"8dd7909\" data-element_type=\"container\" data-settings=\"{&quot;background_background&quot;:&quot;classic&quot;}\">\n\t\t\t\t<div class=\"elementor-element elementor-element-ebc39eb elementor-widget elementor-widget-heading\" data-id=\"ebc39eb\" data-element_type=\"widget\" data-widget_type=\"heading.default\">\n\t\t\t\t<div class=\"elementor-widget-container\">\n\t\t\t\t\t<h3 class=\"elementor-heading-title elementor-size-default\">Wayne<\/h3>\t\t\t\t<\/div>\n\t\t\t\t<\/div>\n\t\t\t\t<\/div>\n\t\t\t\t<\/div>\n\t\t\t\t<\/div>\n\t\t\t\t\t<\/div>\n\t\t\t\t<\/div>\n\t\t\t\t<\/div>\n\t\t\t\t<\/div>\n\t\t","protected":false},"excerpt":{"rendered":"<p>Wir bieten ein breites Sortiment an Pumpen, die f\u00fcr verschiedene Einsatzbereiche geeignet sind \u2013 von Transporttanks und station\u00e4ren Beh\u00e4ltern bis hin zu kompletten Tankstellen. Unsere Pumpen zeichnen sich durch hohe Qualit\u00e4t aus und sind so konzipiert, dass sie die Anforderungen der Branche erf\u00fcllen, egal ob es sich um Diesel, Benzin, AdBlue oder andere Fl\u00fcssigkeiten handelt.<\/p>\n","protected":false},"featured_media":18956,"template":"","meta":{"_acf_changed":false},"accessories":[],"extra-function":[],"product_cat":[688,691],"product_tag":[],"class_list":{"0":"post-23631","1":"product","2":"type-product","3":"status-publish","4":"has-post-thumbnail","6":"product_cat-sonstiges","7":"product_cat-pumpen","9":"first","10":"instock","11":"shipping-taxable","12":"product-type-simple"},"acf":[],"_links":{"self":[{"href":"https:\/\/mpp-backup.staging3.tokig.site\/de\/wp-json\/wp\/v2\/product\/23631","targetHints":{"allow":["GET"]}}],"collection":[{"href":"https:\/\/mpp-backup.staging3.tokig.site\/de\/wp-json\/wp\/v2\/product"}],"about":[{"href":"https:\/\/mpp-backup.staging3.tokig.site\/de\/wp-json\/wp\/v2\/types\/product"}],"version-history":[{"count":0,"href":"https:\/\/mpp-backup.staging3.tokig.site\/de\/wp-json\/wp\/v2\/product\/23631\/revisions"}],"wp:featuredmedia":[{"embeddable":true,"href":"https:\/\/mpp-backup.staging3.tokig.site\/de\/wp-json\/wp\/v2\/media\/18956"}],"wp:attachment":[{"href":"https:\/\/mpp-backup.staging3.tokig.site\/de\/wp-json\/wp\/v2\/media?parent=23631"}],"wp:term":[{"taxonomy":"accessories","embeddable":true,"href":"https:\/\/mpp-backup.staging3.tokig.site\/de\/wp-json\/wp\/v2\/accessories?post=23631"},{"taxonomy":"extra-function","embeddable":true,"href":"https:\/\/mpp-backup.staging3.tokig.site\/de\/wp-json\/wp\/v2\/extra-function?post=23631"},{"taxonomy":"product_cat","embeddable":true,"href":"https:\/\/mpp-backup.staging3.tokig.site\/de\/wp-json\/wp\/v2\/product_cat?post=23631"},{"taxonomy":"product_tag","embeddable":true,"href":"https:\/\/mpp-backup.staging3.tokig.site\/de\/wp-json\/wp\/v2\/product_tag?post=23631"}],"curies":[{"name":"wp","href":"https:\/\/api.w.org\/{rel}","templated":true}]}}