{"id":21704,"date":"2022-02-25T04:35:38","date_gmt":"2022-02-25T04:35:38","guid":{"rendered":"https:\/\/mpp-v1.staging3.tokig.site\/product\/ttc20-tank-werkzeugkasten-200\/"},"modified":"2026-01-05T08:41:41","modified_gmt":"2026-01-05T08:41:41","slug":"ttc20-tank-werkzeugkasten-200","status":"publish","type":"product","link":"https:\/\/mpp-backup.staging3.tokig.site\/de\/produkt\/ttc20-tank-werkzeugkasten-200\/","title":{"rendered":"TTC20 Tank Werkzeugkasten 200"},"content":{"rendered":"","protected":false},"excerpt":{"rendered":"<h2>Robuste und transporteffiziente Werkzeugkiste<\/h2>\n<p>Die TTC-Toolbox wurde entwickelt, um den Transport und die Handhabung von Werkzeugen, Ausr\u00fcstung und anderen Beh\u00e4ltern zu optimieren. Sie erm\u00f6glicht einen effizienten gemeinsamen Transport und sichere Handhabung im Feld. Die TTC-Toolbox ist speziell auf die Verwendung der MPP-Tanks ausgerichtet, kann jedoch auch als robuste gr\u00f6\u00dfere Transportbox f\u00fcr den Einsatz im Feld und mehr genutzt werden.<\/p>\n","protected":false},"featured_media":20343,"template":"","meta":{"_acf_changed":false},"accessories":[],"extra-function":[705],"product_cat":[692,694],"product_tag":[680,678],"class_list":{"0":"post-21704","1":"product","2":"type-product","3":"status-publish","4":"has-post-thumbnail","6":"extra-function-farben","7":"product_cat-mobile-tankstelle","8":"product_cat-tankanhanger","9":"product_tag-no-equip","10":"product_tag-no-specs","12":"first","13":"instock","14":"shipping-taxable","15":"purchasable","16":"product-type-simple"},"acf":[],"_links":{"self":[{"href":"https:\/\/mpp-backup.staging3.tokig.site\/de\/wp-json\/wp\/v2\/product\/21704","targetHints":{"allow":["GET"]}}],"collection":[{"href":"https:\/\/mpp-backup.staging3.tokig.site\/de\/wp-json\/wp\/v2\/product"}],"about":[{"href":"https:\/\/mpp-backup.staging3.tokig.site\/de\/wp-json\/wp\/v2\/types\/product"}],"version-history":[{"count":0,"href":"https:\/\/mpp-backup.staging3.tokig.site\/de\/wp-json\/wp\/v2\/product\/21704\/revisions"}],"wp:featuredmedia":[{"embeddable":true,"href":"https:\/\/mpp-backup.staging3.tokig.site\/de\/wp-json\/wp\/v2\/media\/20343"}],"wp:attachment":[{"href":"https:\/\/mpp-backup.staging3.tokig.site\/de\/wp-json\/wp\/v2\/media?parent=21704"}],"wp:term":[{"taxonomy":"accessories","embeddable":true,"href":"https:\/\/mpp-backup.staging3.tokig.site\/de\/wp-json\/wp\/v2\/accessories?post=21704"},{"taxonomy":"extra-function","embeddable":true,"href":"https:\/\/mpp-backup.staging3.tokig.site\/de\/wp-json\/wp\/v2\/extra-function?post=21704"},{"taxonomy":"product_cat","embeddable":true,"href":"https:\/\/mpp-backup.staging3.tokig.site\/de\/wp-json\/wp\/v2\/product_cat?post=21704"},{"taxonomy":"product_tag","embeddable":true,"href":"https:\/\/mpp-backup.staging3.tokig.site\/de\/wp-json\/wp\/v2\/product_tag?post=21704"}],"curies":[{"name":"wp","href":"https:\/\/api.w.org\/{rel}","templated":true}]}}