{"id":21197,"date":"2022-11-23T05:20:59","date_gmt":"2022-11-23T05:20:59","guid":{"rendered":"https:\/\/mpp-v1.staging3.tokig.site\/product\/ttc-treibstofflage\/"},"modified":"2026-01-02T03:39:38","modified_gmt":"2026-01-02T03:39:38","slug":"ttc-treibstofflage","status":"publish","type":"product","link":"https:\/\/mpp-backup.staging3.tokig.site\/de\/produkt\/ttc-treibstofflage\/","title":{"rendered":"TTC-Treibstofflage"},"content":{"rendered":"","protected":false},"excerpt":{"rendered":"<h2>Individuell anpassbare Tankstelle f\u00fcr Baustellen oder sofortige Notfallma\u00dfnahmen<\/h2>\n<p>Die TTC Fuel Farm ist eine mobile Betankungsl\u00f6sung, die f\u00fcr den schnellen Umschlag und Transport gro\u00dfer Kraftstoffmengen bei kritischen Eins\u00e4tzen, Notfalleins\u00e4tzen in Gemeinden oder als Tankstelle f\u00fcr Baustellen entwickelt wurde, wo Bauunternehmer die Eink\u00e4ufe sammeln und eine sichere und reibungslose Abnahme gew\u00e4hrleisten wollen. Die TTC Fuel Farm kann f\u00fcr die Betankung verschiedener Kraftstoffe wie HVO, Diesel, Benzin und AdBlue\u00ae angepasst werden. Die Tanks k\u00f6nnen auch miteinander verbunden werden, um als ein gr\u00f6\u00dferer Tank f\u00fcr die Versorgung verschiedener Einheiten verwendet zu werden. Die abgebildete Version hat ein Gesamtvolumen von 11.000 Litern mit TTC 3+3+3+2m\u00b3 Tanks, die auf einem 6 Meter langen LKW-Rahmen montiert sind. Die TTC Fuel Farm eignet sich f\u00fcr: Baustellen, Vermietung, Elektrizit\u00e4t und Notstromversorgung, Notfallmanagement, Kommunen, Grundst\u00fccke und Bauwesen sowie Geb\u00e4udeheizung.<\/p>\n","protected":false},"featured_media":21194,"template":"","meta":{"_acf_changed":false},"accessories":[],"extra-function":[705],"product_cat":[692,693],"product_tag":[],"class_list":{"0":"post-21197","1":"product","2":"type-product","3":"status-publish","4":"has-post-thumbnail","6":"extra-function-farben","7":"product_cat-mobile-tankstelle","8":"product_cat-ttc-kraftstofflager","10":"first","11":"instock","12":"shipping-taxable","13":"purchasable","14":"product-type-simple"},"acf":[],"_links":{"self":[{"href":"https:\/\/mpp-backup.staging3.tokig.site\/de\/wp-json\/wp\/v2\/product\/21197","targetHints":{"allow":["GET"]}}],"collection":[{"href":"https:\/\/mpp-backup.staging3.tokig.site\/de\/wp-json\/wp\/v2\/product"}],"about":[{"href":"https:\/\/mpp-backup.staging3.tokig.site\/de\/wp-json\/wp\/v2\/types\/product"}],"version-history":[{"count":0,"href":"https:\/\/mpp-backup.staging3.tokig.site\/de\/wp-json\/wp\/v2\/product\/21197\/revisions"}],"wp:featuredmedia":[{"embeddable":true,"href":"https:\/\/mpp-backup.staging3.tokig.site\/de\/wp-json\/wp\/v2\/media\/21194"}],"wp:attachment":[{"href":"https:\/\/mpp-backup.staging3.tokig.site\/de\/wp-json\/wp\/v2\/media?parent=21197"}],"wp:term":[{"taxonomy":"accessories","embeddable":true,"href":"https:\/\/mpp-backup.staging3.tokig.site\/de\/wp-json\/wp\/v2\/accessories?post=21197"},{"taxonomy":"extra-function","embeddable":true,"href":"https:\/\/mpp-backup.staging3.tokig.site\/de\/wp-json\/wp\/v2\/extra-function?post=21197"},{"taxonomy":"product_cat","embeddable":true,"href":"https:\/\/mpp-backup.staging3.tokig.site\/de\/wp-json\/wp\/v2\/product_cat?post=21197"},{"taxonomy":"product_tag","embeddable":true,"href":"https:\/\/mpp-backup.staging3.tokig.site\/de\/wp-json\/wp\/v2\/product_tag?post=21197"}],"curies":[{"name":"wp","href":"https:\/\/api.w.org\/{rel}","templated":true}]}}