{"id":21182,"date":"2022-02-25T04:44:13","date_gmt":"2022-02-25T04:44:13","guid":{"rendered":"https:\/\/mpp-v1.staging3.tokig.site\/product\/pta15-ss-pickup-tank-ss-blue-150-liter\/"},"modified":"2026-01-14T08:04:09","modified_gmt":"2026-01-14T08:04:09","slug":"pta15-ss-pickup-tank-ss-blue-150-liter","status":"publish","type":"product","link":"https:\/\/mpp-backup.staging3.tokig.site\/de\/produkt\/pta15-ss-pickup-tank-ss-blue-150-liter\/","title":{"rendered":"PTA15 SS \u2013 Pickup-Tank SS Blue 150 Liter"},"content":{"rendered":"","protected":false},"excerpt":{"rendered":"<h2>Tragbarer AdBlue\u00ae tank f\u00fcr einfachen Transport und Lagerung von Kraftstoff<\/h2>\n<p>Unser PTA-SS-Tank ist \u00e4hnlich aufgebaut wie unsere Standard-PTA-Tanks f\u00fcr Diesel, jedoch modifiziert und angepasst, um Fl\u00fcssigkeiten wie AdBlue\u00ae, aggressivere Kraftstoffe, Alt\u00f6le und Schl\u00e4mme usw. aufnehmen zu k\u00f6nnen. Unser PTA-SS-Tank ist aus Edelstahl gefertigt und ist ein praktischer Tank im Kleinformat.<\/p>\n","protected":false},"featured_media":21143,"template":"","meta":{"_acf_changed":false},"accessories":[],"extra-function":[],"product_cat":[692,695],"product_tag":[673,671],"class_list":{"0":"post-21182","1":"product","2":"type-product","3":"status-publish","4":"has-post-thumbnail","6":"product_cat-mobile-tankstelle","7":"product_cat-transporttank-aluminium","8":"product_tag-section-video","9":"product_tag-tta-adblue","11":"first","12":"instock","13":"shipping-taxable","14":"purchasable","15":"product-type-simple"},"acf":[],"_links":{"self":[{"href":"https:\/\/mpp-backup.staging3.tokig.site\/de\/wp-json\/wp\/v2\/product\/21182","targetHints":{"allow":["GET"]}}],"collection":[{"href":"https:\/\/mpp-backup.staging3.tokig.site\/de\/wp-json\/wp\/v2\/product"}],"about":[{"href":"https:\/\/mpp-backup.staging3.tokig.site\/de\/wp-json\/wp\/v2\/types\/product"}],"version-history":[{"count":0,"href":"https:\/\/mpp-backup.staging3.tokig.site\/de\/wp-json\/wp\/v2\/product\/21182\/revisions"}],"wp:featuredmedia":[{"embeddable":true,"href":"https:\/\/mpp-backup.staging3.tokig.site\/de\/wp-json\/wp\/v2\/media\/21143"}],"wp:attachment":[{"href":"https:\/\/mpp-backup.staging3.tokig.site\/de\/wp-json\/wp\/v2\/media?parent=21182"}],"wp:term":[{"taxonomy":"accessories","embeddable":true,"href":"https:\/\/mpp-backup.staging3.tokig.site\/de\/wp-json\/wp\/v2\/accessories?post=21182"},{"taxonomy":"extra-function","embeddable":true,"href":"https:\/\/mpp-backup.staging3.tokig.site\/de\/wp-json\/wp\/v2\/extra-function?post=21182"},{"taxonomy":"product_cat","embeddable":true,"href":"https:\/\/mpp-backup.staging3.tokig.site\/de\/wp-json\/wp\/v2\/product_cat?post=21182"},{"taxonomy":"product_tag","embeddable":true,"href":"https:\/\/mpp-backup.staging3.tokig.site\/de\/wp-json\/wp\/v2\/product_tag?post=21182"}],"curies":[{"name":"wp","href":"https:\/\/api.w.org\/{rel}","templated":true}]}}