{"id":21117,"date":"2022-11-29T09:50:54","date_gmt":"2022-11-29T09:50:54","guid":{"rendered":"https:\/\/mpp-v1.staging3.tokig.site\/product\/pta-15-ldm-doppelwandiger-pickup-tank-fuer-benzin-150-liter\/"},"modified":"2026-01-08T08:13:13","modified_gmt":"2026-01-08T08:13:13","slug":"pta-15-ldm-doppelwandiger-pickup-tank-fuer-benzin-150-liter","status":"publish","type":"product","link":"https:\/\/mpp-backup.staging3.tokig.site\/de\/produkt\/pta-15-ldm-doppelwandiger-pickup-tank-fuer-benzin-150-liter\/","title":{"rendered":"PTA 15-LDM \u2013 Doppelwandiger-Pickup-Tank f\u00fcr Benzin 150 Liter"},"content":{"rendered":"","protected":false},"excerpt":{"rendered":"<h2>Leichter und praktischer Kraftstofftank<\/h2>\n<p>Unser doppelwandiger Pickup-Tank ist ein leichter und vielseitiger ADR-benzyntank, der \u00fcber einen Innen- und Au\u00dfentank aus Aluminium verf\u00fcgt. Er dient als umweltschonender Tank f\u00fcr die Versorgung mit Kraftstoff auch mit normalen Kleintransportern, oder als robuster und benutzerfreundlicher Tank am Arbeitsplatz.<\/p>\n","protected":false},"featured_media":20195,"template":"","meta":{"_acf_changed":false},"accessories":[],"extra-function":[707,708],"product_cat":[692,695],"product_tag":[669],"class_list":{"0":"post-21117","1":"product","2":"type-product","3":"status-publish","4":"has-post-thumbnail","6":"extra-function-ex","7":"extra-function-neu","8":"product_cat-mobile-tankstelle","9":"product_cat-transporttank-aluminium","10":"product_tag-tta-petrol","12":"first","13":"instock","14":"shipping-taxable","15":"purchasable","16":"product-type-simple"},"acf":[],"_links":{"self":[{"href":"https:\/\/mpp-backup.staging3.tokig.site\/de\/wp-json\/wp\/v2\/product\/21117","targetHints":{"allow":["GET"]}}],"collection":[{"href":"https:\/\/mpp-backup.staging3.tokig.site\/de\/wp-json\/wp\/v2\/product"}],"about":[{"href":"https:\/\/mpp-backup.staging3.tokig.site\/de\/wp-json\/wp\/v2\/types\/product"}],"version-history":[{"count":0,"href":"https:\/\/mpp-backup.staging3.tokig.site\/de\/wp-json\/wp\/v2\/product\/21117\/revisions"}],"wp:featuredmedia":[{"embeddable":true,"href":"https:\/\/mpp-backup.staging3.tokig.site\/de\/wp-json\/wp\/v2\/media\/20195"}],"wp:attachment":[{"href":"https:\/\/mpp-backup.staging3.tokig.site\/de\/wp-json\/wp\/v2\/media?parent=21117"}],"wp:term":[{"taxonomy":"accessories","embeddable":true,"href":"https:\/\/mpp-backup.staging3.tokig.site\/de\/wp-json\/wp\/v2\/accessories?post=21117"},{"taxonomy":"extra-function","embeddable":true,"href":"https:\/\/mpp-backup.staging3.tokig.site\/de\/wp-json\/wp\/v2\/extra-function?post=21117"},{"taxonomy":"product_cat","embeddable":true,"href":"https:\/\/mpp-backup.staging3.tokig.site\/de\/wp-json\/wp\/v2\/product_cat?post=21117"},{"taxonomy":"product_tag","embeddable":true,"href":"https:\/\/mpp-backup.staging3.tokig.site\/de\/wp-json\/wp\/v2\/product_tag?post=21117"}],"curies":[{"name":"wp","href":"https:\/\/api.w.org\/{rel}","templated":true}]}}