{"id":21032,"date":"2022-12-19T04:30:59","date_gmt":"2022-12-19T04:30:59","guid":{"rendered":"https:\/\/mpp-v1.staging3.tokig.site\/product\/pta20-fl-flachtank-aluminium-fuer-benzin-200-liter\/"},"modified":"2026-01-08T08:41:58","modified_gmt":"2026-01-08T08:41:58","slug":"pta20-fl-flachtank-aluminium-fuer-benzin-200-liter","status":"publish","type":"product","link":"https:\/\/mpp-backup.staging3.tokig.site\/de\/produkt\/pta20-fl-flachtank-aluminium-fuer-benzin-200-liter\/","title":{"rendered":"PTA20- FL Flachtank Aluminium f\u00fcr Benzin 200 Liter"},"content":{"rendered":"","protected":false},"excerpt":{"rendered":"<h2>Intelligenter Transport und Lagerung von Kraftstoffen<\/h2>\n<p>Unser Flachtank aus Aluminium f\u00fcr Benzin ist ein sicheres und einfaches Hilfsmittel am Arbeitsplatz. Der Tank hat eine niedrige H\u00f6he, so dass er problemlos auf Pickups mit einer Abdeckung oder Plane passt. Das geringe Materialgewicht macht einen gro\u00dfen Unterschied f\u00fcr Ihre Ladefl\u00e4che, da es den Verschlei\u00df Ihres Fahrzeugs minimiert und mehr Platz f\u00fcr zus\u00e4tzliche Ausr\u00fcstung bietet.<\/p>\n","protected":false},"featured_media":21021,"template":"","meta":{"_acf_changed":false},"accessories":[],"extra-function":[707,708],"product_cat":[692,695],"product_tag":[673,669],"class_list":{"0":"post-21032","1":"product","2":"type-product","3":"status-publish","4":"has-post-thumbnail","6":"extra-function-ex","7":"extra-function-neu","8":"product_cat-mobile-tankstelle","9":"product_cat-transporttank-aluminium","10":"product_tag-section-video","11":"product_tag-tta-petrol","13":"first","14":"instock","15":"shipping-taxable","16":"purchasable","17":"product-type-simple"},"acf":[],"_links":{"self":[{"href":"https:\/\/mpp-backup.staging3.tokig.site\/de\/wp-json\/wp\/v2\/product\/21032","targetHints":{"allow":["GET"]}}],"collection":[{"href":"https:\/\/mpp-backup.staging3.tokig.site\/de\/wp-json\/wp\/v2\/product"}],"about":[{"href":"https:\/\/mpp-backup.staging3.tokig.site\/de\/wp-json\/wp\/v2\/types\/product"}],"version-history":[{"count":0,"href":"https:\/\/mpp-backup.staging3.tokig.site\/de\/wp-json\/wp\/v2\/product\/21032\/revisions"}],"wp:featuredmedia":[{"embeddable":true,"href":"https:\/\/mpp-backup.staging3.tokig.site\/de\/wp-json\/wp\/v2\/media\/21021"}],"wp:attachment":[{"href":"https:\/\/mpp-backup.staging3.tokig.site\/de\/wp-json\/wp\/v2\/media?parent=21032"}],"wp:term":[{"taxonomy":"accessories","embeddable":true,"href":"https:\/\/mpp-backup.staging3.tokig.site\/de\/wp-json\/wp\/v2\/accessories?post=21032"},{"taxonomy":"extra-function","embeddable":true,"href":"https:\/\/mpp-backup.staging3.tokig.site\/de\/wp-json\/wp\/v2\/extra-function?post=21032"},{"taxonomy":"product_cat","embeddable":true,"href":"https:\/\/mpp-backup.staging3.tokig.site\/de\/wp-json\/wp\/v2\/product_cat?post=21032"},{"taxonomy":"product_tag","embeddable":true,"href":"https:\/\/mpp-backup.staging3.tokig.site\/de\/wp-json\/wp\/v2\/product_tag?post=21032"}],"curies":[{"name":"wp","href":"https:\/\/api.w.org\/{rel}","templated":true}]}}