{"id":20716,"date":"2021-10-01T05:32:46","date_gmt":"2021-10-01T05:32:46","guid":{"rendered":"https:\/\/mpp-v1.staging3.tokig.site\/product\/scn05-stationaere-zisterne-5000-liter\/"},"modified":"2026-01-09T04:04:05","modified_gmt":"2026-01-09T04:04:05","slug":"scn05-stationaere-zisterne-5000-liter","status":"publish","type":"product","link":"https:\/\/mpp-backup.staging3.tokig.site\/de\/produkt\/scn05-stationaere-zisterne-5000-liter\/","title":{"rendered":"SCN05 \u2013 Station\u00e4re Zisterne 5000 Liter"},"content":{"rendered":"","protected":false},"excerpt":{"rendered":"<h2>Eine umweltsichere und komplette Kraftstoffzisterne 5000 Litern<\/h2>\n<p>Egal, ob f\u00fcr Lagerung, Handhabung oder Verteilung von Kraftstoff, unser Sch\u00fcsselfertiger station\u00e4rer Dieseltank ist eine praktische, Platzsparende L\u00f6sung. Erh\u00e4ltlich in den Gr\u00f6\u00dfen von 2.000L bis 7.000L haben wir den richtigen Tank f\u00fcr Ihren Bedarf.<\/p>\n<p>Die doppelwandige Tank-in-Tank-Konstruktion verhindert Umweltsch\u00e4den sollte der Innentank undicht werden, da die Au\u00dfenh\u00fclle 110% des Innentankvolumens aufnehmen kann. Der Boden sowie der untere Drittel der Innenw\u00e4nde sind korrosionsgesch\u00fctzt, um einen 12-j\u00e4hrigen Pr\u00fcfungsintervall zu erreichen. Der Zisternentank enth\u00e4lt auch einen Abschlie\u00dfbaren Serviceraum mit Auffangwanne, um Umweltverunreinigungen durch Pumpen, Anschl\u00fcsse und andere Zubeh\u00f6rteile zu vermeiden.<\/p>\n","protected":false},"featured_media":18941,"template":"","meta":{"_acf_changed":false},"accessories":[],"extra-function":[],"product_cat":[703,700],"product_tag":[681],"class_list":{"0":"post-20716","1":"product","2":"type-product","3":"status-publish","4":"has-post-thumbnail","6":"product_cat-klein","7":"product_cat-zisternen","8":"product_tag-no-cis","10":"first","11":"instock","12":"shipping-taxable","13":"purchasable","14":"product-type-simple"},"acf":[],"_links":{"self":[{"href":"https:\/\/mpp-backup.staging3.tokig.site\/de\/wp-json\/wp\/v2\/product\/20716","targetHints":{"allow":["GET"]}}],"collection":[{"href":"https:\/\/mpp-backup.staging3.tokig.site\/de\/wp-json\/wp\/v2\/product"}],"about":[{"href":"https:\/\/mpp-backup.staging3.tokig.site\/de\/wp-json\/wp\/v2\/types\/product"}],"version-history":[{"count":0,"href":"https:\/\/mpp-backup.staging3.tokig.site\/de\/wp-json\/wp\/v2\/product\/20716\/revisions"}],"wp:featuredmedia":[{"embeddable":true,"href":"https:\/\/mpp-backup.staging3.tokig.site\/de\/wp-json\/wp\/v2\/media\/18941"}],"wp:attachment":[{"href":"https:\/\/mpp-backup.staging3.tokig.site\/de\/wp-json\/wp\/v2\/media?parent=20716"}],"wp:term":[{"taxonomy":"accessories","embeddable":true,"href":"https:\/\/mpp-backup.staging3.tokig.site\/de\/wp-json\/wp\/v2\/accessories?post=20716"},{"taxonomy":"extra-function","embeddable":true,"href":"https:\/\/mpp-backup.staging3.tokig.site\/de\/wp-json\/wp\/v2\/extra-function?post=20716"},{"taxonomy":"product_cat","embeddable":true,"href":"https:\/\/mpp-backup.staging3.tokig.site\/de\/wp-json\/wp\/v2\/product_cat?post=20716"},{"taxonomy":"product_tag","embeddable":true,"href":"https:\/\/mpp-backup.staging3.tokig.site\/de\/wp-json\/wp\/v2\/product_tag?post=20716"}],"curies":[{"name":"wp","href":"https:\/\/api.w.org\/{rel}","templated":true}]}}