{"id":20474,"date":"2021-02-23T10:29:59","date_gmt":"2021-02-23T10:29:59","guid":{"rendered":"https:\/\/mpp-v1.staging3.tokig.site\/product\/adblue-einzelhandelstank-3000-liter\/"},"modified":"2026-01-02T05:33:43","modified_gmt":"2026-01-02T05:33:43","slug":"adblue-einzelhandelstank-3000-liter","status":"publish","type":"product","link":"https:\/\/mpp-backup.staging3.tokig.site\/de\/produkt\/adblue-einzelhandelstank-3000-liter\/","title":{"rendered":"AdBlue\u00ae Einzelhandelstank, 3000 Liter"},"content":{"rendered":"","protected":false},"excerpt":{"rendered":"<h2>AdBlue\u00ae Einzelhandelstank ist in den Gr\u00f6\u00dfen 3.000 L erh\u00e4ltlich.<\/h2>\n<p>Es ist ein platzsparendes, kosteneffizientes, benutzer- und wartungsfreundliches System zum Betanken und Lagern von AdBlue\u00ae \/ DEF.<\/p>\n<h2><\/h2>\n<p>Der AdBlue\u00ae-Tank kann mit 1 oder 2 Tankd\u00fcsen geliefert werden. Dies entweder f\u00fcr Lastwagen und gr\u00f6\u00dfere Fahrzeuge oder f\u00fcr Personenkraftwagen. Die Zapfpistolen k\u00f6nnen auf der Vorderseite des Tanks oder auf der linken oder rechten L\u00e4ngsseite des Tanks platziert werden.<\/p>\n","protected":false},"featured_media":20464,"template":"","meta":{"_acf_changed":false},"accessories":[],"extra-function":[],"product_cat":[684,686],"product_tag":[],"class_list":{"0":"post-20474","1":"product","2":"type-product","3":"status-publish","4":"has-post-thumbnail","6":"product_cat-adblue-tanks","7":"product_cat-adblue-verkaufstank","9":"first","10":"instock","11":"shipping-taxable","12":"purchasable","13":"product-type-simple"},"acf":[],"_links":{"self":[{"href":"https:\/\/mpp-backup.staging3.tokig.site\/de\/wp-json\/wp\/v2\/product\/20474","targetHints":{"allow":["GET"]}}],"collection":[{"href":"https:\/\/mpp-backup.staging3.tokig.site\/de\/wp-json\/wp\/v2\/product"}],"about":[{"href":"https:\/\/mpp-backup.staging3.tokig.site\/de\/wp-json\/wp\/v2\/types\/product"}],"version-history":[{"count":0,"href":"https:\/\/mpp-backup.staging3.tokig.site\/de\/wp-json\/wp\/v2\/product\/20474\/revisions"}],"wp:featuredmedia":[{"embeddable":true,"href":"https:\/\/mpp-backup.staging3.tokig.site\/de\/wp-json\/wp\/v2\/media\/20464"}],"wp:attachment":[{"href":"https:\/\/mpp-backup.staging3.tokig.site\/de\/wp-json\/wp\/v2\/media?parent=20474"}],"wp:term":[{"taxonomy":"accessories","embeddable":true,"href":"https:\/\/mpp-backup.staging3.tokig.site\/de\/wp-json\/wp\/v2\/accessories?post=20474"},{"taxonomy":"extra-function","embeddable":true,"href":"https:\/\/mpp-backup.staging3.tokig.site\/de\/wp-json\/wp\/v2\/extra-function?post=20474"},{"taxonomy":"product_cat","embeddable":true,"href":"https:\/\/mpp-backup.staging3.tokig.site\/de\/wp-json\/wp\/v2\/product_cat?post=20474"},{"taxonomy":"product_tag","embeddable":true,"href":"https:\/\/mpp-backup.staging3.tokig.site\/de\/wp-json\/wp\/v2\/product_tag?post=20474"}],"curies":[{"name":"wp","href":"https:\/\/api.w.org\/{rel}","templated":true}]}}