{"id":20414,"date":"2020-11-02T11:09:09","date_gmt":"2020-11-02T11:09:09","guid":{"rendered":"https:\/\/mpp-v1.staging3.tokig.site\/product\/adblue-depot-tank-1500-liter\/"},"modified":"2026-01-02T07:04:26","modified_gmt":"2026-01-02T07:04:26","slug":"adblue-depot-tank-1500-liter","status":"publish","type":"product","link":"https:\/\/mpp-backup.staging3.tokig.site\/de\/produkt\/adblue-depot-tank-1500-liter\/","title":{"rendered":"AdBlue\u00ae Depot Tank, 1500 Liter"},"content":{"rendered":"","protected":false},"excerpt":{"rendered":"<h2>AdBlue\u00ae Depot Tank ist erh\u00e4ltlich in den Gr\u00f6\u00dfen 1.500 L<\/h2>\n<p>Es ist ein platzsparendes, kosteneffizientes, benutzer- und wartungsfreundliches System zum Betanken und Lagern von AdBlue\u00ae \/ DEF. Der AdBlue\u00ae-Tank kann mit 1 oder 2 Tankd\u00fcsen geliefert werden. Dies entweder f\u00fcr Lastwagen und gr\u00f6\u00dfere Fahrzeuge oder f\u00fcr Personenkraftwagen. Die Zapfpistolen k\u00f6nnen auf der Vorderseite des Tanks oder auf der linken oder rechten L\u00e4ngsseite des Tanks platziert werden.<\/p>\n","protected":false},"featured_media":20400,"template":"","meta":{"_acf_changed":false},"accessories":[],"extra-function":[],"product_cat":[684,685],"product_tag":[679],"class_list":{"0":"post-20414","1":"product","2":"type-product","3":"status-publish","4":"has-post-thumbnail","6":"product_cat-adblue-tanks","7":"product_cat-adblue-lagertank","8":"product_tag-no-features","10":"first","11":"instock","12":"shipping-taxable","13":"purchasable","14":"product-type-simple"},"acf":[],"_links":{"self":[{"href":"https:\/\/mpp-backup.staging3.tokig.site\/de\/wp-json\/wp\/v2\/product\/20414","targetHints":{"allow":["GET"]}}],"collection":[{"href":"https:\/\/mpp-backup.staging3.tokig.site\/de\/wp-json\/wp\/v2\/product"}],"about":[{"href":"https:\/\/mpp-backup.staging3.tokig.site\/de\/wp-json\/wp\/v2\/types\/product"}],"version-history":[{"count":0,"href":"https:\/\/mpp-backup.staging3.tokig.site\/de\/wp-json\/wp\/v2\/product\/20414\/revisions"}],"wp:featuredmedia":[{"embeddable":true,"href":"https:\/\/mpp-backup.staging3.tokig.site\/de\/wp-json\/wp\/v2\/media\/20400"}],"wp:attachment":[{"href":"https:\/\/mpp-backup.staging3.tokig.site\/de\/wp-json\/wp\/v2\/media?parent=20414"}],"wp:term":[{"taxonomy":"accessories","embeddable":true,"href":"https:\/\/mpp-backup.staging3.tokig.site\/de\/wp-json\/wp\/v2\/accessories?post=20414"},{"taxonomy":"extra-function","embeddable":true,"href":"https:\/\/mpp-backup.staging3.tokig.site\/de\/wp-json\/wp\/v2\/extra-function?post=20414"},{"taxonomy":"product_cat","embeddable":true,"href":"https:\/\/mpp-backup.staging3.tokig.site\/de\/wp-json\/wp\/v2\/product_cat?post=20414"},{"taxonomy":"product_tag","embeddable":true,"href":"https:\/\/mpp-backup.staging3.tokig.site\/de\/wp-json\/wp\/v2\/product_tag?post=20414"}],"curies":[{"name":"wp","href":"https:\/\/api.w.org\/{rel}","templated":true}]}}