{"id":20395,"date":"2023-02-08T06:54:27","date_gmt":"2023-02-08T06:54:27","guid":{"rendered":"https:\/\/mpp-v1.staging3.tokig.site\/product\/adblue-einzelhandelstank-1500-liter\/"},"modified":"2026-01-02T05:51:55","modified_gmt":"2026-01-02T05:51:55","slug":"adblue-einzelhandelstank-1500-liter","status":"publish","type":"product","link":"https:\/\/mpp-backup.staging3.tokig.site\/de\/produkt\/adblue-einzelhandelstank-1500-liter\/","title":{"rendered":"AdBlue\u00ae Einzelhandelstank, 1500 Liter"},"content":{"rendered":"","protected":false},"excerpt":{"rendered":"<h2>AdBlue\u00ae Einzelhandelstank, 1500 Liter.<\/h2>\n<p>Sie sind platzsparend, kosteneffizient und benutzer- und wartungsfreundliche Systeme zum Betanken und Lagern von AdBlue\u00ae \/ DEF.<\/p>\n<h2><\/h2>\n<p>Alle AdBlue\u00ae-Tanks k\u00f6nnen mit 1 oder 2 Tankd\u00fcsen geliefert werden. Dies entweder f\u00fcr LKW und gr\u00f6\u00dfere Fahrzeuge oder f\u00fcr PKW. Die D\u00fcsen k\u00f6nnen auf der Vorderseite des Tanks oder auf der linken oder rechten L\u00e4ngsseite des Tanks platziert werden.<\/p>\n","protected":false},"featured_media":20382,"template":"","meta":{"_acf_changed":false},"accessories":[],"extra-function":[],"product_cat":[684,686],"product_tag":[],"class_list":{"0":"post-20395","1":"product","2":"type-product","3":"status-publish","4":"has-post-thumbnail","6":"product_cat-adblue-tanks","7":"product_cat-adblue-verkaufstank","9":"first","10":"instock","11":"shipping-taxable","12":"purchasable","13":"product-type-simple"},"acf":[],"_links":{"self":[{"href":"https:\/\/mpp-backup.staging3.tokig.site\/de\/wp-json\/wp\/v2\/product\/20395","targetHints":{"allow":["GET"]}}],"collection":[{"href":"https:\/\/mpp-backup.staging3.tokig.site\/de\/wp-json\/wp\/v2\/product"}],"about":[{"href":"https:\/\/mpp-backup.staging3.tokig.site\/de\/wp-json\/wp\/v2\/types\/product"}],"version-history":[{"count":0,"href":"https:\/\/mpp-backup.staging3.tokig.site\/de\/wp-json\/wp\/v2\/product\/20395\/revisions"}],"wp:featuredmedia":[{"embeddable":true,"href":"https:\/\/mpp-backup.staging3.tokig.site\/de\/wp-json\/wp\/v2\/media\/20382"}],"wp:attachment":[{"href":"https:\/\/mpp-backup.staging3.tokig.site\/de\/wp-json\/wp\/v2\/media?parent=20395"}],"wp:term":[{"taxonomy":"accessories","embeddable":true,"href":"https:\/\/mpp-backup.staging3.tokig.site\/de\/wp-json\/wp\/v2\/accessories?post=20395"},{"taxonomy":"extra-function","embeddable":true,"href":"https:\/\/mpp-backup.staging3.tokig.site\/de\/wp-json\/wp\/v2\/extra-function?post=20395"},{"taxonomy":"product_cat","embeddable":true,"href":"https:\/\/mpp-backup.staging3.tokig.site\/de\/wp-json\/wp\/v2\/product_cat?post=20395"},{"taxonomy":"product_tag","embeddable":true,"href":"https:\/\/mpp-backup.staging3.tokig.site\/de\/wp-json\/wp\/v2\/product_tag?post=20395"}],"curies":[{"name":"wp","href":"https:\/\/api.w.org\/{rel}","templated":true}]}}