{"id":20342,"date":"2023-10-02T07:57:34","date_gmt":"2023-10-02T07:57:34","guid":{"rendered":"https:\/\/mpp-v1.staging3.tokig.site\/product\/20342\/"},"modified":"2026-01-21T10:49:42","modified_gmt":"2026-01-21T10:49:42","slug":"scl-stationaere-zisterne-gross-50-120-cubic-meters","status":"publish","type":"product","link":"https:\/\/mpp-backup.staging3.tokig.site\/de\/produkt\/scl-stationaere-zisterne-gross-50-120-cubic-meters\/","title":{"rendered":"SCL \u2013 Station\u00e4re Zisterne Gro\u00df 50-120m\u00b3"},"content":{"rendered":"","protected":false},"excerpt":{"rendered":"<h2>SCL \u2013 Station\u00e4re Zisterne Gro\u00df 50-120m\u00b3<\/h2>\n<p>Egal, ob f\u00fcr Lagerung, Handhabung oder Verteilung von Kraftstoff, unser Sch\u00fcsselfertiger station\u00e4rer Dieseltank ist eine praktische, Platzsparende L\u00f6sung. Erh\u00e4ltlich in den Gr\u00f6\u00dfen von 120.000L bis 50.000L haben wir den richtigen Tank f\u00fcr Ihren Bedarf. Die doppelwandige Tank-in-Tank-Konstruktion verhindert Umweltsch\u00e4den sollte der Innentank undicht werden, da die Au\u00dfenh\u00fclle 110% des Innentankvolumens aufnehmen kann. Der Boden sowie der untere Drittel der Innenw\u00e4nde sind korrosionsgesch\u00fctzt, um einen 12-j\u00e4hrigen Pr\u00fcfungsintervall zu erreichen. Der Zisternentank enth\u00e4lt auch einen Abschlie\u00dfbaren Serviceraum mit Auffangwanne, um Umweltverunreinigungen durch Pumpen, Anschl\u00fcsse und andere Zubeh\u00f6rteile zu vermeid<\/p>\n","protected":false},"featured_media":20329,"template":"","meta":{"_acf_changed":false},"accessories":[],"extra-function":[705],"product_cat":[700,701],"product_tag":[],"class_list":{"0":"post-20342","1":"product","2":"type-product","3":"status-publish","4":"has-post-thumbnail","6":"extra-function-farben","7":"product_cat-zisternen","8":"product_cat-gros","10":"first","11":"instock","12":"shipping-taxable","13":"purchasable","14":"product-type-simple"},"acf":[],"_links":{"self":[{"href":"https:\/\/mpp-backup.staging3.tokig.site\/de\/wp-json\/wp\/v2\/product\/20342","targetHints":{"allow":["GET"]}}],"collection":[{"href":"https:\/\/mpp-backup.staging3.tokig.site\/de\/wp-json\/wp\/v2\/product"}],"about":[{"href":"https:\/\/mpp-backup.staging3.tokig.site\/de\/wp-json\/wp\/v2\/types\/product"}],"version-history":[{"count":0,"href":"https:\/\/mpp-backup.staging3.tokig.site\/de\/wp-json\/wp\/v2\/product\/20342\/revisions"}],"wp:featuredmedia":[{"embeddable":true,"href":"https:\/\/mpp-backup.staging3.tokig.site\/de\/wp-json\/wp\/v2\/media\/20329"}],"wp:attachment":[{"href":"https:\/\/mpp-backup.staging3.tokig.site\/de\/wp-json\/wp\/v2\/media?parent=20342"}],"wp:term":[{"taxonomy":"accessories","embeddable":true,"href":"https:\/\/mpp-backup.staging3.tokig.site\/de\/wp-json\/wp\/v2\/accessories?post=20342"},{"taxonomy":"extra-function","embeddable":true,"href":"https:\/\/mpp-backup.staging3.tokig.site\/de\/wp-json\/wp\/v2\/extra-function?post=20342"},{"taxonomy":"product_cat","embeddable":true,"href":"https:\/\/mpp-backup.staging3.tokig.site\/de\/wp-json\/wp\/v2\/product_cat?post=20342"},{"taxonomy":"product_tag","embeddable":true,"href":"https:\/\/mpp-backup.staging3.tokig.site\/de\/wp-json\/wp\/v2\/product_tag?post=20342"}],"curies":[{"name":"wp","href":"https:\/\/api.w.org\/{rel}","templated":true}]}}