{"id":20201,"date":"2022-11-18T09:05:55","date_gmt":"2022-11-18T09:05:55","guid":{"rendered":"https:\/\/mpp-v1.staging3.tokig.site\/product\/pta-36-ldm-doppelwandiger-pickup-tank-fuer-diesel-360-liter\/"},"modified":"2026-01-14T09:38:42","modified_gmt":"2026-01-14T09:38:42","slug":"pta-36-ldm-doppelwandiger-pickup-tank-fuer-diesel-360-liter","status":"publish","type":"product","link":"https:\/\/mpp-backup.staging3.tokig.site\/de\/produkt\/pta-36-ldm-doppelwandiger-pickup-tank-fuer-diesel-360-liter\/","title":{"rendered":"PTA 36-LDM \u2013 Doppelwandiger-Pickup-Tank f\u00fcr Diesel 360 Liter"},"content":{"rendered":"","protected":false},"excerpt":{"rendered":"<h2>PTA 36-LDM \u2013 Doppelwandiger-Pickup-Tank f\u00fcr Diesel 360 Liter<\/h2>\n<p>Unser doppelwandiger Pickup-Tank ist ein leichter und vielseitiger ADR-Dieseltank, der \u00fcber einen Innen- und Au\u00dfentank aus Aluminium verf\u00fcgt. Er dient als umweltschonender Tank f\u00fcr die Versorgung mit Kraftstoff auch mit normalen Kleintransportern, oder als robuster und benutzerfreundlicher Tank am Arbeitsplatz.<\/p>\n","protected":false},"featured_media":20195,"template":"","meta":{"_acf_changed":false},"accessories":[],"extra-function":[708],"product_cat":[692,695],"product_tag":[670],"class_list":{"0":"post-20201","1":"product","2":"type-product","3":"status-publish","4":"has-post-thumbnail","6":"extra-function-neu","7":"product_cat-mobile-tankstelle","8":"product_cat-transporttank-aluminium","9":"product_tag-tta-diesel","11":"first","12":"instock","13":"shipping-taxable","14":"purchasable","15":"product-type-simple"},"acf":[],"_links":{"self":[{"href":"https:\/\/mpp-backup.staging3.tokig.site\/de\/wp-json\/wp\/v2\/product\/20201","targetHints":{"allow":["GET"]}}],"collection":[{"href":"https:\/\/mpp-backup.staging3.tokig.site\/de\/wp-json\/wp\/v2\/product"}],"about":[{"href":"https:\/\/mpp-backup.staging3.tokig.site\/de\/wp-json\/wp\/v2\/types\/product"}],"version-history":[{"count":0,"href":"https:\/\/mpp-backup.staging3.tokig.site\/de\/wp-json\/wp\/v2\/product\/20201\/revisions"}],"wp:featuredmedia":[{"embeddable":true,"href":"https:\/\/mpp-backup.staging3.tokig.site\/de\/wp-json\/wp\/v2\/media\/20195"}],"wp:attachment":[{"href":"https:\/\/mpp-backup.staging3.tokig.site\/de\/wp-json\/wp\/v2\/media?parent=20201"}],"wp:term":[{"taxonomy":"accessories","embeddable":true,"href":"https:\/\/mpp-backup.staging3.tokig.site\/de\/wp-json\/wp\/v2\/accessories?post=20201"},{"taxonomy":"extra-function","embeddable":true,"href":"https:\/\/mpp-backup.staging3.tokig.site\/de\/wp-json\/wp\/v2\/extra-function?post=20201"},{"taxonomy":"product_cat","embeddable":true,"href":"https:\/\/mpp-backup.staging3.tokig.site\/de\/wp-json\/wp\/v2\/product_cat?post=20201"},{"taxonomy":"product_tag","embeddable":true,"href":"https:\/\/mpp-backup.staging3.tokig.site\/de\/wp-json\/wp\/v2\/product_tag?post=20201"}],"curies":[{"name":"wp","href":"https:\/\/api.w.org\/{rel}","templated":true}]}}