{"id":20049,"date":"2021-02-23T05:52:04","date_gmt":"2021-02-23T05:52:04","guid":{"rendered":"https:\/\/mpp-v1.staging3.tokig.site\/product\/tt100ext-transporttank-extreme-1000-liter\/"},"modified":"2026-01-06T09:22:04","modified_gmt":"2026-01-06T09:22:04","slug":"tt100ext-transporttank-extreme-1000-liter","status":"publish","type":"product","link":"https:\/\/mpp-backup.staging3.tokig.site\/de\/produkt\/tt100ext-transporttank-extreme-1000-liter\/","title":{"rendered":"TT100EXT \u2013 Transporttank Extreme 1000 Liter"},"content":{"rendered":"<p><a href=\"https:\/\/mpp-v1.staging3.tokig.site\/wp-content\/uploads\/2025\/09\/ransporttank-extra-tuff-1000-liter.webp\"><img fetchpriority=\"high\" decoding=\"async\" src=\"https:\/\/mpp-v1.staging3.tokig.site\/wp-content\/uploads\/2025\/09\/ransporttank-extra-tuff-1000-liter.webp\" sizes=\"(max-width: 600px) 100vw, 600px\" srcset=\"https:\/\/mpp-v1.staging3.tokig.site\/wp-content\/uploads\/2025\/09\/ransporttank-extra-tuff-1000-liter.webp 600w, https:\/\/mpp-v1.staging3.tokig.site\/wp-content\/uploads\/2025\/09\/ransporttank-extra-tuff-1000-liter-300x200.webp 300w\" alt=\"TT100EXT \u2013 Fuel Tank Extreme 1000 litres\" width=\"600\" height=\"400\" data-caption=\"\" data-src=\"https:\/\/mpp-v1.staging3.tokig.site\/wp-content\/uploads\/2025\/09\/ransporttank-extra-tuff-1000-liter.webp\" data-large_image=\"https:\/\/mpp-v1.staging3.tokig.site\/wp-content\/uploads\/2025\/09\/ransporttank-extra-tuff-1000-liter.webp\" data-large_image_width=\"600\" data-large_image_height=\"400\" \/><\/a><a href=\"https:\/\/mpp-v1.staging3.tokig.site\/wp-content\/uploads\/2025\/09\/transporttank5.webp\"><img decoding=\"async\" src=\"https:\/\/mpp-v1.staging3.tokig.site\/wp-content\/uploads\/2025\/09\/transporttank5.webp\" sizes=\"(max-width: 600px) 100vw, 600px\" srcset=\"https:\/\/mpp-v1.staging3.tokig.site\/wp-content\/uploads\/2025\/09\/transporttank5.webp 600w, https:\/\/mpp-v1.staging3.tokig.site\/wp-content\/uploads\/2025\/09\/transporttank5-300x200.webp 300w\" alt=\"TT100EXT \u2013 Fuel Tank Extreme 1000 litres - Image 2\" width=\"600\" height=\"400\" data-caption=\"\" data-src=\"https:\/\/mpp-v1.staging3.tokig.site\/wp-content\/uploads\/2025\/09\/transporttank5.webp\" data-large_image=\"https:\/\/mpp-v1.staging3.tokig.site\/wp-content\/uploads\/2025\/09\/transporttank5.webp\" data-large_image_width=\"600\" data-large_image_height=\"400\" \/><\/a><a href=\"https:\/\/mpp-v1.staging3.tokig.site\/wp-content\/uploads\/2025\/09\/transporttank4.webp\"><img decoding=\"async\" src=\"https:\/\/mpp-v1.staging3.tokig.site\/wp-content\/uploads\/2025\/09\/transporttank4.webp\" sizes=\"(max-width: 600px) 100vw, 600px\" srcset=\"https:\/\/mpp-v1.staging3.tokig.site\/wp-content\/uploads\/2025\/09\/transporttank4.webp 600w, https:\/\/mpp-v1.staging3.tokig.site\/wp-content\/uploads\/2025\/09\/transporttank4-300x200.webp 300w\" alt=\"TT100EXT \u2013 Fuel Tank Extreme 1000 litres - Image 3\" width=\"600\" height=\"400\" data-caption=\"\" data-src=\"https:\/\/mpp-v1.staging3.tokig.site\/wp-content\/uploads\/2025\/09\/transporttank4.webp\" data-large_image=\"https:\/\/mpp-v1.staging3.tokig.site\/wp-content\/uploads\/2025\/09\/transporttank4.webp\" data-large_image_width=\"600\" data-large_image_height=\"400\" \/><\/a><a href=\"https:\/\/mpp-v1.staging3.tokig.site\/wp-content\/uploads\/2025\/09\/transporttank3.webp\"><img loading=\"lazy\" decoding=\"async\" src=\"https:\/\/mpp-v1.staging3.tokig.site\/wp-content\/uploads\/2025\/09\/transporttank3.webp\" sizes=\"(max-width: 600px) 100vw, 600px\" srcset=\"https:\/\/mpp-v1.staging3.tokig.site\/wp-content\/uploads\/2025\/09\/transporttank3.webp 600w, https:\/\/mpp-v1.staging3.tokig.site\/wp-content\/uploads\/2025\/09\/transporttank3-300x200.webp 300w\" alt=\"TT100EXT \u2013 Fuel Tank Extreme 1000 litres - Image 4\" width=\"600\" height=\"400\" data-caption=\"\" data-src=\"https:\/\/mpp-v1.staging3.tokig.site\/wp-content\/uploads\/2025\/09\/transporttank3.webp\" data-large_image=\"https:\/\/mpp-v1.staging3.tokig.site\/wp-content\/uploads\/2025\/09\/transporttank3.webp\" data-large_image_width=\"600\" data-large_image_height=\"400\" \/><\/a><a href=\"https:\/\/mpp-v1.staging3.tokig.site\/wp-content\/uploads\/2025\/09\/transporttank2.webp\"><img loading=\"lazy\" decoding=\"async\" src=\"https:\/\/mpp-v1.staging3.tokig.site\/wp-content\/uploads\/2025\/09\/transporttank2.webp\" sizes=\"(max-width: 600px) 100vw, 600px\" srcset=\"https:\/\/mpp-v1.staging3.tokig.site\/wp-content\/uploads\/2025\/09\/transporttank2.webp 600w, https:\/\/mpp-v1.staging3.tokig.site\/wp-content\/uploads\/2025\/09\/transporttank2-300x200.webp 300w\" alt=\"TT100EXT \u2013 Fuel Tank Extreme 1000 litres - Image 5\" width=\"600\" height=\"400\" data-caption=\"\" data-src=\"https:\/\/mpp-v1.staging3.tokig.site\/wp-content\/uploads\/2025\/09\/transporttank2.webp\" data-large_image=\"https:\/\/mpp-v1.staging3.tokig.site\/wp-content\/uploads\/2025\/09\/transporttank2.webp\" data-large_image_width=\"600\" data-large_image_height=\"400\" \/><\/a><a href=\"https:\/\/mpp-v1.staging3.tokig.site\/wp-content\/uploads\/2025\/09\/transporttank1.webp\"><img loading=\"lazy\" decoding=\"async\" src=\"https:\/\/mpp-v1.staging3.tokig.site\/wp-content\/uploads\/2025\/09\/transporttank1.webp\" sizes=\"(max-width: 600px) 100vw, 600px\" srcset=\"https:\/\/mpp-v1.staging3.tokig.site\/wp-content\/uploads\/2025\/09\/transporttank1.webp 600w, https:\/\/mpp-v1.staging3.tokig.site\/wp-content\/uploads\/2025\/09\/transporttank1-300x200.webp 300w\" alt=\"TT100EXT \u2013 Fuel Tank Extreme 1000 litres - Image 6\" width=\"600\" height=\"400\" data-caption=\"\" data-src=\"https:\/\/mpp-v1.staging3.tokig.site\/wp-content\/uploads\/2025\/09\/transporttank1.webp\" data-large_image=\"https:\/\/mpp-v1.staging3.tokig.site\/wp-content\/uploads\/2025\/09\/transporttank1.webp\" data-large_image_width=\"600\" data-large_image_height=\"400\" \/><\/a><a href=\"https:\/\/mpp-v1.staging3.tokig.site\/wp-content\/uploads\/2025\/09\/mpp-transporttank\u2013egenskapsbild.webp\"><img loading=\"lazy\" decoding=\"async\" src=\"https:\/\/mpp-v1.staging3.tokig.site\/wp-content\/uploads\/2025\/09\/mpp-transporttank\u2013egenskapsbild.webp\" sizes=\"(max-width: 600px) 100vw, 600px\" srcset=\"https:\/\/mpp-v1.staging3.tokig.site\/wp-content\/uploads\/2025\/09\/mpp-transporttank\u2013egenskapsbild.webp 600w, https:\/\/mpp-v1.staging3.tokig.site\/wp-content\/uploads\/2025\/09\/mpp-transporttank\u2013egenskapsbild-300x200.webp 300w\" alt=\"TT100EXT \u2013 Fuel Tank Extreme 1000 litres - Image 7\" width=\"600\" height=\"400\" data-caption=\"\" data-src=\"https:\/\/mpp-v1.staging3.tokig.site\/wp-content\/uploads\/2025\/09\/mpp-transporttank\u2013egenskapsbild.webp\" data-large_image=\"https:\/\/mpp-v1.staging3.tokig.site\/wp-content\/uploads\/2025\/09\/mpp-transporttank\u2013egenskapsbild.webp\" data-large_image_width=\"600\" data-large_image_height=\"400\" \/><\/a><a href=\"https:\/\/mpp-v1.staging3.tokig.site\/wp-content\/uploads\/2025\/09\/mpp-transporttank\u2013egenskapsbild-inv.webp\"><img loading=\"lazy\" decoding=\"async\" src=\"https:\/\/mpp-v1.staging3.tokig.site\/wp-content\/uploads\/2025\/09\/mpp-transporttank\u2013egenskapsbild-inv.webp\" sizes=\"(max-width: 600px) 100vw, 600px\" srcset=\"https:\/\/mpp-v1.staging3.tokig.site\/wp-content\/uploads\/2025\/09\/mpp-transporttank\u2013egenskapsbild-inv.webp 600w, https:\/\/mpp-v1.staging3.tokig.site\/wp-content\/uploads\/2025\/09\/mpp-transporttank\u2013egenskapsbild-inv-300x200.webp 300w\" alt=\"TT100EXT \u2013 Fuel Tank Extreme 1000 litres - Image 8\" width=\"600\" height=\"400\" data-caption=\"\" data-src=\"https:\/\/mpp-v1.staging3.tokig.site\/wp-content\/uploads\/2025\/09\/mpp-transporttank\u2013egenskapsbild-inv.webp\" data-large_image=\"https:\/\/mpp-v1.staging3.tokig.site\/wp-content\/uploads\/2025\/09\/mpp-transporttank\u2013egenskapsbild-inv.webp\" data-large_image_width=\"600\" data-large_image_height=\"400\" \/><\/a><br \/>\n<iframe title=\"MPP TT - Transporttank 1000 - 3000 liter\" width=\"800\" height=\"450\" src=\"https:\/\/www.youtube.com\/embed\/CMhRSGwt8-k?feature=oembed\" frameborder=\"0\" allow=\"accelerometer; autoplay; clipboard-write; encrypted-media; gyroscope; picture-in-picture; web-share\" referrerpolicy=\"strict-origin-when-cross-origin\" allowfullscreen><\/iframe><\/p>\n<h2>Protection against wear and break-ins<\/h2>\n<p>Improved structure based on the tank-in-shield principle. This means that there are no visible possibilities for fuel theft. For example, no manhole or hinges are visible, and with a strong lock mechanism. Galvanized protective strips around all edges, inward bent tank sides with extra protruding fork tunnels against paint scratching when lifting by forklift truck, etc.<\/p>\n<h2>Robust, functional, professional, and ergonomic<\/h2>\n<p>Robust outer tank equipped with two crossbeams for protection and support for excavator bucket or other transport of cargo or goods. The Inner-tank is made of 5 mm steel to withstand extreme handling and vibrations from example crushers. Ergonomically designed cab tank lid and connections for easy filling, handling, and service.<\/p>\n<h2>Option Bucket Support<\/h2>\n<p>Order a set of bucket supports and you get perfect theft protection. Just like the picture, you secure access to the pump lid by placing the bucket stably against the bucket supports to prevent the door from breaking open. In addition to the already safe functions this tank provides, you get complete burglary protection!<\/p>\n<h2>Standard Equipmnet Features<\/h2>\n<p>The TT200EXT Fuel Tank Extreme 2000 Litres is designed for safe storage and handling of liquids. Strong, spacious, and robustly built, it ensures reliability, efficiency, and long-lasting performance.<\/p>\n","protected":false},"excerpt":{"rendered":"<h2>TT100EXT \u2013 Transporttank Extreme 1000 Liter<\/h2>\n<p>Unser doppelwandiger Pickup-Tank ist ein leichter und vielseitiger ADR-Dieseltank, der \u00fcber einen Innen- und Au\u00dfentank aus Aluminium verf\u00fcgt. Er dient als umweltschonender Tank f\u00fcr die Versorgung mit Kraftstoff auch mit normalen Kleintransportern, oder als robuster und benutzerfreundlicher Tank am Arbeitsplatz.<\/p>\n","protected":false},"featured_media":20046,"template":"","meta":{"_acf_changed":false},"accessories":[],"extra-function":[710,705],"product_cat":[692,696],"product_tag":[678,673,668],"class_list":{"0":"post-20049","1":"product","2":"type-product","3":"status-publish","4":"has-post-thumbnail","6":"extra-function-extra-robust","7":"extra-function-farben","8":"product_cat-mobile-tankstelle","9":"product_cat-transporttank-stahl","10":"product_tag-no-specs","11":"product_tag-section-video","12":"product_tag-ttext","14":"first","15":"instock","16":"shipping-taxable","17":"purchasable","18":"product-type-simple"},"acf":[],"_links":{"self":[{"href":"https:\/\/mpp-backup.staging3.tokig.site\/de\/wp-json\/wp\/v2\/product\/20049","targetHints":{"allow":["GET"]}}],"collection":[{"href":"https:\/\/mpp-backup.staging3.tokig.site\/de\/wp-json\/wp\/v2\/product"}],"about":[{"href":"https:\/\/mpp-backup.staging3.tokig.site\/de\/wp-json\/wp\/v2\/types\/product"}],"version-history":[{"count":0,"href":"https:\/\/mpp-backup.staging3.tokig.site\/de\/wp-json\/wp\/v2\/product\/20049\/revisions"}],"wp:featuredmedia":[{"embeddable":true,"href":"https:\/\/mpp-backup.staging3.tokig.site\/de\/wp-json\/wp\/v2\/media\/20046"}],"wp:attachment":[{"href":"https:\/\/mpp-backup.staging3.tokig.site\/de\/wp-json\/wp\/v2\/media?parent=20049"}],"wp:term":[{"taxonomy":"accessories","embeddable":true,"href":"https:\/\/mpp-backup.staging3.tokig.site\/de\/wp-json\/wp\/v2\/accessories?post=20049"},{"taxonomy":"extra-function","embeddable":true,"href":"https:\/\/mpp-backup.staging3.tokig.site\/de\/wp-json\/wp\/v2\/extra-function?post=20049"},{"taxonomy":"product_cat","embeddable":true,"href":"https:\/\/mpp-backup.staging3.tokig.site\/de\/wp-json\/wp\/v2\/product_cat?post=20049"},{"taxonomy":"product_tag","embeddable":true,"href":"https:\/\/mpp-backup.staging3.tokig.site\/de\/wp-json\/wp\/v2\/product_tag?post=20049"}],"curies":[{"name":"wp","href":"https:\/\/api.w.org\/{rel}","templated":true}]}}