{"id":19991,"date":"2023-02-13T06:47:31","date_gmt":"2023-02-13T06:47:31","guid":{"rendered":"https:\/\/mpp-v1.staging3.tokig.site\/product\/trv200-tank-und-ausruestungsanhaenger-fuer-bohrinseln\/"},"modified":"2025-12-17T06:13:45","modified_gmt":"2025-12-17T06:13:45","slug":"trv200-tank-und-ausruestungsanhaenger-fuer-bohrinseln","status":"publish","type":"product","link":"https:\/\/mpp-backup.staging3.tokig.site\/de\/produkt\/trv200-tank-und-ausruestungsanhaenger-fuer-bohrinseln\/","title":{"rendered":"TRV200 \u2013 Tank- und Ausr\u00fcstungsanh\u00e4nger f\u00fcr Bohrinseln"},"content":{"rendered":"","protected":false},"excerpt":{"rendered":"<h2>Bohrger\u00e4t\u2019s bester Freund<\/h2>\n<p>Der Tankwagen ist ein vollst\u00e4ndiger Werkzeugwagen mit einem 2000-Liter-Kraftstofftank. Der Tankwagen wurde entwickelt, um die Arbeit mit Bohrger\u00e4ten zu erleichtern. Der Wagen verf\u00fcgt \u00fcber gro\u00dfz\u00fcgige Aufbewahrungsbereiche und clevere Funktionen, die die Handhabung erleichtern.<\/p>\n","protected":false},"featured_media":19988,"template":"","meta":{"_acf_changed":false},"accessories":[],"extra-function":[],"product_cat":[692,694],"product_tag":[678,673],"class_list":{"0":"post-19991","1":"product","2":"type-product","3":"status-publish","4":"has-post-thumbnail","6":"product_cat-mobile-tankstelle","7":"product_cat-tankanhanger","8":"product_tag-no-specs","9":"product_tag-section-video","11":"first","12":"instock","13":"shipping-taxable","14":"purchasable","15":"product-type-simple"},"acf":[],"_links":{"self":[{"href":"https:\/\/mpp-backup.staging3.tokig.site\/de\/wp-json\/wp\/v2\/product\/19991","targetHints":{"allow":["GET"]}}],"collection":[{"href":"https:\/\/mpp-backup.staging3.tokig.site\/de\/wp-json\/wp\/v2\/product"}],"about":[{"href":"https:\/\/mpp-backup.staging3.tokig.site\/de\/wp-json\/wp\/v2\/types\/product"}],"version-history":[{"count":0,"href":"https:\/\/mpp-backup.staging3.tokig.site\/de\/wp-json\/wp\/v2\/product\/19991\/revisions"}],"wp:featuredmedia":[{"embeddable":true,"href":"https:\/\/mpp-backup.staging3.tokig.site\/de\/wp-json\/wp\/v2\/media\/19988"}],"wp:attachment":[{"href":"https:\/\/mpp-backup.staging3.tokig.site\/de\/wp-json\/wp\/v2\/media?parent=19991"}],"wp:term":[{"taxonomy":"accessories","embeddable":true,"href":"https:\/\/mpp-backup.staging3.tokig.site\/de\/wp-json\/wp\/v2\/accessories?post=19991"},{"taxonomy":"extra-function","embeddable":true,"href":"https:\/\/mpp-backup.staging3.tokig.site\/de\/wp-json\/wp\/v2\/extra-function?post=19991"},{"taxonomy":"product_cat","embeddable":true,"href":"https:\/\/mpp-backup.staging3.tokig.site\/de\/wp-json\/wp\/v2\/product_cat?post=19991"},{"taxonomy":"product_tag","embeddable":true,"href":"https:\/\/mpp-backup.staging3.tokig.site\/de\/wp-json\/wp\/v2\/product_tag?post=19991"}],"curies":[{"name":"wp","href":"https:\/\/api.w.org\/{rel}","templated":true}]}}