{"id":19955,"date":"2022-02-16T04:46:55","date_gmt":"2022-02-16T04:46:55","guid":{"rendered":"https:\/\/mpp-v1.staging3.tokig.site\/product\/ttc200-kompakttransporttank-fuer-diesel-2000-liter\/"},"modified":"2026-01-08T11:13:14","modified_gmt":"2026-01-08T11:13:14","slug":"ttc200-kompakttransporttank-fuer-diesel-2000-liter","status":"publish","type":"product","link":"https:\/\/mpp-backup.staging3.tokig.site\/de\/produkt\/ttc200-kompakttransporttank-fuer-diesel-2000-liter\/","title":{"rendered":"TTC200 \u2013 Kompakttransporttank f\u00fcr Diesel 2000 Liter"},"content":{"rendered":"","protected":false},"excerpt":{"rendered":"<h2>TTC200 \u2013 Kompakttransporttank f\u00fcr Diesel 2000 Liter<\/h2>\n<p>Unser doppelwandiger Pickup-Tank ist ein leichter und vielseitiger ADR-Dieseltank, der \u00fcber einen Innen- und Au\u00dfentank aus Aluminium verf\u00fcgt. Er dient als umweltschonender Tank f\u00fcr die Versorgung mit Kraftstoff auch mit normalen Kleintransportern, oder als robuster und benutzerfreundlicher Tank am Arbeitsplatz.<\/p>\n","protected":false},"featured_media":19886,"template":"","meta":{"_acf_changed":false},"accessories":[],"extra-function":[705],"product_cat":[692,696],"product_tag":[673,666],"class_list":{"0":"post-19955","1":"product","2":"type-product","3":"status-publish","4":"has-post-thumbnail","6":"extra-function-farben","7":"product_cat-mobile-tankstelle","8":"product_cat-transporttank-stahl","9":"product_tag-section-video","10":"product_tag-tts-diesel","12":"first","13":"instock","14":"shipping-taxable","15":"purchasable","16":"product-type-simple"},"acf":[],"_links":{"self":[{"href":"https:\/\/mpp-backup.staging3.tokig.site\/de\/wp-json\/wp\/v2\/product\/19955","targetHints":{"allow":["GET"]}}],"collection":[{"href":"https:\/\/mpp-backup.staging3.tokig.site\/de\/wp-json\/wp\/v2\/product"}],"about":[{"href":"https:\/\/mpp-backup.staging3.tokig.site\/de\/wp-json\/wp\/v2\/types\/product"}],"version-history":[{"count":0,"href":"https:\/\/mpp-backup.staging3.tokig.site\/de\/wp-json\/wp\/v2\/product\/19955\/revisions"}],"wp:featuredmedia":[{"embeddable":true,"href":"https:\/\/mpp-backup.staging3.tokig.site\/de\/wp-json\/wp\/v2\/media\/19886"}],"wp:attachment":[{"href":"https:\/\/mpp-backup.staging3.tokig.site\/de\/wp-json\/wp\/v2\/media?parent=19955"}],"wp:term":[{"taxonomy":"accessories","embeddable":true,"href":"https:\/\/mpp-backup.staging3.tokig.site\/de\/wp-json\/wp\/v2\/accessories?post=19955"},{"taxonomy":"extra-function","embeddable":true,"href":"https:\/\/mpp-backup.staging3.tokig.site\/de\/wp-json\/wp\/v2\/extra-function?post=19955"},{"taxonomy":"product_cat","embeddable":true,"href":"https:\/\/mpp-backup.staging3.tokig.site\/de\/wp-json\/wp\/v2\/product_cat?post=19955"},{"taxonomy":"product_tag","embeddable":true,"href":"https:\/\/mpp-backup.staging3.tokig.site\/de\/wp-json\/wp\/v2\/product_tag?post=19955"}],"curies":[{"name":"wp","href":"https:\/\/api.w.org\/{rel}","templated":true}]}}