{"id":19951,"date":"2022-02-15T09:58:25","date_gmt":"2022-02-15T09:58:25","guid":{"rendered":"https:\/\/mpp-v1.staging3.tokig.site\/product\/ttc200ss-transporttank-compact-2000-liter-for-vatskor\/"},"modified":"2026-01-08T13:02:16","modified_gmt":"2026-01-08T13:02:16","slug":"ttc200ss-transporttank-compact-2000-liter-for-vatskor","status":"publish","type":"product","link":"https:\/\/mpp-backup.staging3.tokig.site\/de\/produkt\/ttc200ss-transporttank-compact-2000-liter-for-vatskor\/","title":{"rendered":"TTC200SS \u2013 Transporttank compact 2000 liter f\u00f6r V\u00e4tskor"},"content":{"rendered":"","protected":false},"excerpt":{"rendered":"<h2>TTC200SS \u2013 Transporttank compact 2000 liter f\u00f6r V\u00e4tskor<\/h2>\n<p>V\u00e5ran dubbelmantlade pickuptank \u00e4r en extremt l\u00e4ttviktig och smidig ADR dieseltank som har en aluminium inner och yttertank. Den fungerar som en milj\u00f6v\u00e4nlig s\u00e4ker tank f\u00f6r distribution av br\u00e4nsle \u00e4ven med vanliga pickuper, eller som en robust och anv\u00e4ndarv\u00e4nlig tank p\u00e5 arbetsplatsen.<\/p>\n","protected":false},"featured_media":19858,"template":"","meta":{"_acf_changed":false},"accessories":[],"extra-function":[474,478,479],"product_cat":[409,421],"product_tag":[459,464],"class_list":{"0":"post-19951","1":"product","2":"type-product","3":"status-publish","4":"has-post-thumbnail","6":"extra-function-farger","7":"extra-function-ny","8":"extra-function-rostfritt-stal","9":"product_cat-mobila-bransletankar","10":"product_cat-transporttank-stal","11":"product_tag-no-specs","12":"product_tag-section-video","14":"first","15":"instock","16":"shipping-taxable","17":"purchasable","18":"product-type-simple"},"acf":[],"_links":{"self":[{"href":"https:\/\/mpp-backup.staging3.tokig.site\/de\/wp-json\/wp\/v2\/product\/19951","targetHints":{"allow":["GET"]}}],"collection":[{"href":"https:\/\/mpp-backup.staging3.tokig.site\/de\/wp-json\/wp\/v2\/product"}],"about":[{"href":"https:\/\/mpp-backup.staging3.tokig.site\/de\/wp-json\/wp\/v2\/types\/product"}],"version-history":[{"count":0,"href":"https:\/\/mpp-backup.staging3.tokig.site\/de\/wp-json\/wp\/v2\/product\/19951\/revisions"}],"wp:featuredmedia":[{"embeddable":true,"href":"https:\/\/mpp-backup.staging3.tokig.site\/de\/wp-json\/wp\/v2\/media\/19858"}],"wp:attachment":[{"href":"https:\/\/mpp-backup.staging3.tokig.site\/de\/wp-json\/wp\/v2\/media?parent=19951"}],"wp:term":[{"taxonomy":"accessories","embeddable":true,"href":"https:\/\/mpp-backup.staging3.tokig.site\/de\/wp-json\/wp\/v2\/accessories?post=19951"},{"taxonomy":"extra-function","embeddable":true,"href":"https:\/\/mpp-backup.staging3.tokig.site\/de\/wp-json\/wp\/v2\/extra-function?post=19951"},{"taxonomy":"product_cat","embeddable":true,"href":"https:\/\/mpp-backup.staging3.tokig.site\/de\/wp-json\/wp\/v2\/product_cat?post=19951"},{"taxonomy":"product_tag","embeddable":true,"href":"https:\/\/mpp-backup.staging3.tokig.site\/de\/wp-json\/wp\/v2\/product_tag?post=19951"}],"curies":[{"name":"wp","href":"https:\/\/api.w.org\/{rel}","templated":true}]}}