{"id":19949,"date":"2024-01-17T05:38:40","date_gmt":"2024-01-17T05:38:40","guid":{"rendered":"https:\/\/mpp-v1.staging3.tokig.site\/product\/ttc200-benzin-transporttank-kompakt-2000-liter-fuer-benzin\/"},"modified":"2026-01-08T11:16:34","modified_gmt":"2026-01-08T11:16:34","slug":"ttc200-benzin-transporttank-kompakt-2000-liter-fuer-benzin","status":"publish","type":"product","link":"https:\/\/mpp-backup.staging3.tokig.site\/de\/produkt\/ttc200-benzin-transporttank-kompakt-2000-liter-fuer-benzin\/","title":{"rendered":"TTC200-Benzin \u2013 Transporttank Kompakt 2000 Liter f\u00fcr Benzin"},"content":{"rendered":"","protected":false},"excerpt":{"rendered":"<h2>TTC200-Benzin \u2013 Transporttank Kompakt 2000 Liter f\u00fcr Benzin<\/h2>\n<p>Unser doppelwandiger Pickup-Tank ist ein leichter und vielseitiger ADR-Dieseltank, der \u00fcber einen Innen- und Au\u00dfentank aus Aluminium verf\u00fcgt. Er dient als umweltschonender Tank f\u00fcr die Versorgung mit Kraftstoff auch mit normalen Kleintransportern, oder als robuster und benutzerfreundlicher Tank am Arbeitsplatz.<\/p>\n","protected":false},"featured_media":19886,"template":"","meta":{"_acf_changed":false},"accessories":[],"extra-function":[707,705,708],"product_cat":[692,696],"product_tag":[673,665],"class_list":{"0":"post-19949","1":"product","2":"type-product","3":"status-publish","4":"has-post-thumbnail","6":"extra-function-ex","7":"extra-function-farben","8":"extra-function-neu","9":"product_cat-mobile-tankstelle","10":"product_cat-transporttank-stahl","11":"product_tag-section-video","12":"product_tag-tts-petrol","14":"first","15":"instock","16":"shipping-taxable","17":"purchasable","18":"product-type-simple"},"acf":[],"_links":{"self":[{"href":"https:\/\/mpp-backup.staging3.tokig.site\/de\/wp-json\/wp\/v2\/product\/19949","targetHints":{"allow":["GET"]}}],"collection":[{"href":"https:\/\/mpp-backup.staging3.tokig.site\/de\/wp-json\/wp\/v2\/product"}],"about":[{"href":"https:\/\/mpp-backup.staging3.tokig.site\/de\/wp-json\/wp\/v2\/types\/product"}],"version-history":[{"count":0,"href":"https:\/\/mpp-backup.staging3.tokig.site\/de\/wp-json\/wp\/v2\/product\/19949\/revisions"}],"wp:featuredmedia":[{"embeddable":true,"href":"https:\/\/mpp-backup.staging3.tokig.site\/de\/wp-json\/wp\/v2\/media\/19886"}],"wp:attachment":[{"href":"https:\/\/mpp-backup.staging3.tokig.site\/de\/wp-json\/wp\/v2\/media?parent=19949"}],"wp:term":[{"taxonomy":"accessories","embeddable":true,"href":"https:\/\/mpp-backup.staging3.tokig.site\/de\/wp-json\/wp\/v2\/accessories?post=19949"},{"taxonomy":"extra-function","embeddable":true,"href":"https:\/\/mpp-backup.staging3.tokig.site\/de\/wp-json\/wp\/v2\/extra-function?post=19949"},{"taxonomy":"product_cat","embeddable":true,"href":"https:\/\/mpp-backup.staging3.tokig.site\/de\/wp-json\/wp\/v2\/product_cat?post=19949"},{"taxonomy":"product_tag","embeddable":true,"href":"https:\/\/mpp-backup.staging3.tokig.site\/de\/wp-json\/wp\/v2\/product_tag?post=19949"}],"curies":[{"name":"wp","href":"https:\/\/api.w.org\/{rel}","templated":true}]}}