{"id":23035,"date":"2025-12-22T06:41:50","date_gmt":"2025-12-22T06:41:50","guid":{"rendered":"https:\/\/mpp-v1.staging3.tokig.site\/ueber-uns\/garantiebedingungen\/"},"modified":"2025-12-23T08:48:02","modified_gmt":"2025-12-23T08:48:02","slug":"garantiebedingungen","status":"publish","type":"page","link":"https:\/\/mpp-backup.staging3.tokig.site\/de\/ueber-uns\/garantiebedingungen\/","title":{"rendered":"Garantiebedingungen"},"content":{"rendered":"\t\t<div data-elementor-type=\"wp-page\" data-elementor-id=\"23035\" class=\"elementor elementor-23035 elementor-22492\" data-elementor-post-type=\"page\">\n\t\t\t\t\t\t<section class=\"elementor-section elementor-top-section elementor-element elementor-element-492cfc2 elementor-section-boxed elementor-section-height-default elementor-section-height-default\" data-id=\"492cfc2\" data-element_type=\"section\">\n\t\t\t\t\t\t<div class=\"elementor-container elementor-column-gap-default\">\n\t\t\t\t\t\t<\/div>\n\t\t<\/section>\n\t\t<div class=\"elementor-element elementor-element-ad0fe3b e-con-full e-flex e-con e-parent\" data-id=\"ad0fe3b\" data-element_type=\"container\">\n\t\t\t\t<div class=\"elementor-element elementor-element-93d53b6 elementor-widget elementor-widget-template\" data-id=\"93d53b6\" data-element_type=\"widget\" data-widget_type=\"template.default\">\n\t\t\t\t<div class=\"elementor-widget-container\">\n\t\t\t\t\t\t\t<div class=\"elementor-template\">\n\t\t\t\t\t<div data-elementor-type=\"container\" data-elementor-id=\"19185\" class=\"elementor elementor-19185 elementor-12748\" data-elementor-post-type=\"elementor_library\">\n\t\t\t\t<div class=\"elementor-element elementor-element-229114d e-con-full global_inner_container e-flex e-con e-parent\" data-id=\"229114d\" data-element_type=\"container\" data-settings=\"{&quot;background_background&quot;:&quot;classic&quot;}\">\n\t\t<div class=\"elementor-element elementor-element-8f5049d e-flex e-con-boxed e-con e-child\" data-id=\"8f5049d\" data-element_type=\"container\">\n\t\t\t\t\t<div class=\"e-con-inner\">\n\t\t\t\t<div class=\"elementor-element elementor-element-a5fa261 elementor-icon-list--layout-inline elementor-list-item-link-inline elementor-widget elementor-widget-icon-list\" data-id=\"a5fa261\" data-element_type=\"widget\" data-widget_type=\"icon-list.default\">\n\t\t\t\t<div class=\"elementor-widget-container\">\n\t\t\t\t\t\t\t<ul class=\"elementor-icon-list-items elementor-inline-items\">\n\t\t\t\t\t\t\t<li class=\"elementor-icon-list-item elementor-inline-item\">\n\t\t\t\t\t\t\t\t\t\t\t<a href=\"https:\/\/mpp-backup.staging3.tokig.site\/de\/\">\n\n\t\t\t\t\t\t\t\t\t\t\t\t<span class=\"elementor-icon-list-icon\">\n\t\t\t\t\t\t\t<svg aria-hidden=\"true\" class=\"e-font-icon-svg e-fas-home\" viewBox=\"0 0 576 512\" xmlns=\"http:\/\/www.w3.org\/2000\/svg\"><path d=\"M280.37 148.26L96 300.11V464a16 16 0 0 0 16 16l112.06-.29a16 16 0 0 0 15.92-16V368a16 16 0 0 1 16-16h64a16 16 0 0 1 16 16v95.64a16 16 0 0 0 16 16.05L464 480a16 16 0 0 0 16-16V300L295.67 148.26a12.19 12.19 0 0 0-15.3 0zM571.6 251.47L488 182.56V44.05a12 12 0 0 0-12-12h-56a12 12 0 0 0-12 12v72.61L318.47 43a48 48 0 0 0-61 0L4.34 251.47a12 12 0 0 0-1.6 16.9l25.5 31A12 12 0 0 0 45.15 301l235.22-193.74a12.19 12.19 0 0 1 15.3 0L530.9 301a12 12 0 0 0 16.9-1.6l25.5-31a12 12 0 0 0-1.7-16.93z\"><\/path><\/svg>\t\t\t\t\t\t<\/span>\n\t\t\t\t\t\t\t\t\t\t<span class=\"elementor-icon-list-text\">HEIM<\/span>\n\t\t\t\t\t\t\t\t\t\t\t<\/a>\n\t\t\t\t\t\t\t\t\t<\/li>\n\t\t\t\t\t\t\t\t<li class=\"elementor-icon-list-item elementor-inline-item\">\n\t\t\t\t\t\t\t\t\t\t\t<span class=\"elementor-icon-list-icon\">\n\t\t\t\t\t\t\t<svg aria-hidden=\"true\" class=\"e-font-icon-svg e-fas-chevron-right\" viewBox=\"0 0 320 512\" xmlns=\"http:\/\/www.w3.org\/2000\/svg\"><path d=\"M285.476 272.971L91.132 467.314c-9.373 9.373-24.569 9.373-33.941 0l-22.667-22.667c-9.357-9.357-9.375-24.522-.04-33.901L188.505 256 34.484 101.255c-9.335-9.379-9.317-24.544.04-33.901l22.667-22.667c9.373-9.373 24.569-9.373 33.941 0L285.475 239.03c9.373 9.372 9.373 24.568.001 33.941z\"><\/path><\/svg>\t\t\t\t\t\t<\/span>\n\t\t\t\t\t\t\t\t\t\t<span class=\"elementor-icon-list-text\"><\/span>\n\t\t\t\t\t\t\t\t\t<\/li>\n\t\t\t\t\t\t<\/ul>\n\t\t\t\t\t\t<\/div>\n\t\t\t\t<\/div>\n\t\t\t\t\t<\/div>\n\t\t\t\t<\/div>\n\t\t\t\t<\/div>\n\t\t\t\t<\/div>\n\t\t\t\t<\/div>\n\t\t\t\t\t\t<\/div>\n\t\t\t\t<\/div>\n\t\t\t\t<\/div>\n\t\t<div class=\"elementor-element elementor-element-d6663e8 global_container e-flex e-con-boxed e-con e-parent\" data-id=\"d6663e8\" data-element_type=\"container\">\n\t\t\t\t\t<div class=\"e-con-inner\">\n\t\t\t\t<div class=\"elementor-element elementor-element-19b0d80 elementor-widget elementor-widget-heading\" data-id=\"19b0d80\" data-element_type=\"widget\" data-widget_type=\"heading.default\">\n\t\t\t\t<div class=\"elementor-widget-container\">\n\t\t\t\t\t<h2 class=\"elementor-heading-title elementor-size-default\">GARANTIEBEDINGUNGEN \u2013 PTA-, SC\/TS- und TT-Tanks<\/h2>\t\t\t\t<\/div>\n\t\t\t\t<\/div>\n\t\t<div class=\"elementor-element elementor-element-55f072c e-con-full e-flex e-con e-child\" data-id=\"55f072c\" data-element_type=\"container\">\n\t\t<div class=\"elementor-element elementor-element-0287967 e-con-full e-flex e-con e-child\" data-id=\"0287967\" data-element_type=\"container\">\n\t\t<div class=\"elementor-element elementor-element-89fe899 e-con-full e-flex e-con e-child\" data-id=\"89fe899\" data-element_type=\"container\">\n\t\t\t\t<div class=\"elementor-element elementor-element-d46e4df elementor-widget elementor-widget-heading\" data-id=\"d46e4df\" data-element_type=\"widget\" data-widget_type=\"heading.default\">\n\t\t\t\t<div class=\"elementor-widget-container\">\n\t\t\t\t\t<h2 class=\"elementor-heading-title elementor-size-default\">Allgemein<\/h2>\t\t\t\t<\/div>\n\t\t\t\t<\/div>\n\t\t\t\t<div class=\"elementor-element elementor-element-b963cd4 elementor-widget elementor-widget-text-editor\" data-id=\"b963cd4\" data-element_type=\"widget\" data-widget_type=\"text-editor.default\">\n\t\t\t\t<div class=\"elementor-widget-container\">\n\t\t\t\t\t\t\t\t\t<p data-start=\"0\" data-end=\"133\">Der Hersteller garantiert, dass alle gelieferten Tanks zum Zeitpunkt der Lieferung frei von Material- und Herstellungsfehlern sind.<\/p>\n<p><\/p>\n<p data-start=\"135\" data-end=\"343\" data-is-last-node=\"\" data-is-only-node=\"\">Die Garantie gilt ab dem Lieferdatum f\u00fcr den angegebenen Garantiezeitraum, vorausgesetzt, der Tank wurde gem\u00e4\u00df den Anweisungen des Herstellers und den geltenden Vorschriften installiert, genutzt und gewartet.<\/p>\n\t\t\t\t\t\t\t\t<\/div>\n\t\t\t\t<\/div>\n\t\t\t\t<\/div>\n\t\t<div class=\"elementor-element elementor-element-056bc22 e-con-full e-flex e-con e-child\" data-id=\"056bc22\" data-element_type=\"container\">\n\t\t\t\t<div class=\"elementor-element elementor-element-e272acb elementor-widget elementor-widget-heading\" data-id=\"e272acb\" data-element_type=\"widget\" data-widget_type=\"heading.default\">\n\t\t\t\t<div class=\"elementor-widget-container\">\n\t\t\t\t\t<h2 class=\"elementor-heading-title elementor-size-default\">Garantiezeitraum<\/h2>\t\t\t\t<\/div>\n\t\t\t\t<\/div>\n\t\t\t\t<div class=\"elementor-element elementor-element-ce72d1e elementor-widget elementor-widget-html\" data-id=\"ce72d1e\" data-element_type=\"widget\" data-widget_type=\"html.default\">\n\t\t\t\t<div class=\"elementor-widget-container\">\n\t\t\t\t\t<table class=\"tablesorter eael-data-table center\" id=\"eael-data-table-af303b7\">\r\n\t\t\t    <thead>\r\n\t\t\t        <tr class=\"table-header\">\r\n\t\t\t\t\t\t\t\t\t            <th class=\"sorting sorting-none\" id=\"\" colspan=\"\">\r\n\t\t\t\t\t\t\t\t\t\t\t\t\t\t<span class=\"data-table-header-text\">Produktkategorie<\/span><\/th>\r\n\t\t\t        \t\t\t\t            <th class=\"sorting sorting-none\" id=\"\" colspan=\"\">\r\n\t\t\t\t\t\t\t\t\t\t\t\t\t\t<span class=\"data-table-header-text\">Material \/ Typ<\/span><\/th>\r\n\t\t\t        \t\t\t\t            <th class=\"sorting sorting-none\" id=\"\" colspan=\"\">\r\n\t\t\t\t\t\t\t\t\t\t\t\t\t\t<span class=\"data-table-header-text\">Warranty Period<\/span><\/th>\r\n\t\t\t        \t\t\t\t        <\/tr>\r\n\t\t\t    <\/thead>\r\n\t\t\t  \t<tbody>\r\n\t\t\t  \t    <tr>\t\t\t\t\t<td colspan=\"\" rowspan=\"\" class=\"\" id=\"\">\r\n\t\t\t\t\t\t\t\t\t\t\t\t<div class=\"td-content-wrapper\"><div class=\"td-content\">\r\n\t\t\t\t\t\t\t\t\t\t\t\t\tPTA-tankar \t\t\t\t\t\t\t\t\t\t\t\t<\/div><\/div>\r\n\t\t\t\t\t\t\t\t\t\t\t<\/td>\r\n\t\t\t\t\t\t\t\t\t\t\t<td colspan=\"\" rowspan=\"\" class=\"\" id=\"\">\r\n\t\t\t\t\t\t\t\t\t\t\t\t<div class=\"td-content-wrapper\"><div class=\"td-content\">\r\n\t\t\t\t\t\t\t\t\t\t\t\t\tAluminium, tragbar (Pickup oder mobil)\t\t\t\t\t\t\t\t\t\t\t\t<\/div><\/div>\r\n\t\t\t\t\t\t\t\t\t\t\t<\/td>\r\n\t\t\t\t\t\t\t\t\t\t\t\t\t\t\t\t\t\t\t\t\t\t\t\t\t\t\t\t\t   \t\t\t\t\t\t\t\t\t\t\t<td colspan=\"\" rowspan=\"\" class=\"\" id=\"\">\r\n\t\t\t\t\t\t\t\t\t\t\t\t<div class=\"td-content-wrapper\"><div class=\"td-content\">\r\n\t\t\t\t\t\t\t\t\t\t\t\t\t10 Jahre\t\t\t\t\t\t\t\t\t\t\t\t<\/div><\/div>\r\n\t\t\t\t\t\t\t\t\t\t\t<\/td>\r\n\t\t\t\t\t\t\t\t\t\t\t\t\t\t\t\t\t\t\t\t\t\t\t\t\t\t<\/tr>\r\n\t\t\t        \t\t\t\t\t\t<tr>\r\n\t\t\t\t\t\t\t\t\t\t\t\t\t\t\t\t   \t\t\t\t\t\t\t\t\t\t\t<td colspan=\"\" rowspan=\"\" class=\"\" id=\"\">\r\n\t\t\t\t\t\t\t\t\t\t\t\t<div class=\"td-content-wrapper\"><div class=\"td-content\">\r\n\t\t\t\t\t\t\t\t\t\t\t\t\tSC &amp; TS-tankar\t\t\t\t\t\t\t\t\t\t\t\t<\/div><\/div>\r\n\t\t\t\t\t\t\t\t\t\t\t<\/td>\r\n\t\t\t\t\t\t\t\t\t\t\t\t\t\t\t\t\t\t\t\t\t\t\t\t\t\t\t\t\t   \t\t\t\t\t\t\t\t\t\t\t<td colspan=\"\" rowspan=\"\" class=\"\" id=\"\">\r\n\t\t\t\t\t\t\t\t\t\t\t\t<div class=\"td-content-wrapper\"><div class=\"td-content\">\r\n\t\t\t\t\t\t\t\t\t\t\t\t\tStahl, oberirdisch \u2013 station\u00e4re Tanks und Tankstellen\t\t\t\t\t\t\t\t\t\t\t\t<\/div><\/div>\r\n\t\t\t\t\t\t\t\t\t\t\t<\/td>\r\n\t\t\t\t\t\t\t\t\t\t\t\t\t\t\t\t\t\t\t\t\t\t\t\t\t\t\t\t\t   \t\t\t\t\t\t\t\t\t\t\t<td colspan=\"\" rowspan=\"\" class=\"\" id=\"\">\r\n\t\t\t\t\t\t\t\t\t\t\t\t<div class=\"td-content-wrapper\"><div class=\"td-content\">\r\n\t\t\t\t\t\t\t\t\t\t\t\t\t12 Jahre\t\t\t\t\t\t\t\t\t\t\t\t<\/div><\/div>\r\n\t\t\t\t\t\t\t\t\t\t\t<\/td>\r\n\t\t\t\t\t\t\t\t\t\t\t\t\t\t\t\t\t\t\t\t\t\t\t\t\t\t<\/tr>\r\n\t\t\t        \t\t\t\t\t\t<tr>\r\n\t\t\t\t\t\t\t\t\t\t\t\t\t\t\t\t   \t\t\t\t\t\t\t\t\t\t\t<td colspan=\"\" rowspan=\"\" class=\"\" id=\"\">\r\n\t\t\t\t\t\t\t\t\t\t\t\t<div class=\"td-content-wrapper\"><div class=\"td-content\">\r\n\t\t\t\t\t\t\t\t\t\t\t\t\tTT-tankar\t\t\t\t\t\t\t\t\t\t\t\t<\/div><\/div>\r\n\t\t\t\t\t\t\t\t\t\t\t<\/td>\r\n\t\t\t\t\t\t\t\t\t\t\t\t\t\t\t\t\t\t\t\t\t\t\t\t\t\t\t\t\t   \t\t\t\t\t\t\t\t\t\t\t<td colspan=\"\" rowspan=\"\" class=\"\" id=\"\">\r\n\t\t\t\t\t\t\t\t\t\t\t\t<div class=\"td-content-wrapper\"><div class=\"td-content\">\r\n\t\t\t\t\t\t\t\t\t\t\t\t\tStahl, oberirdisch \u2013 mobile doppelwandige IBC-Tanks \t\t\t\t\t\t\t\t\t\t\t\t<\/div><\/div>\r\n\t\t\t\t\t\t\t\t\t\t\t<\/td>\r\n\t\t\t\t\t\t\t\t\t\t\t\t\t\t\t\t\t\t\t\t\t\t\t\t\t\t\t\t\t   \t\t\t\t\t\t\t\t\t\t\t<td colspan=\"\" rowspan=\"\" class=\"\" id=\"\">\r\n\t\t\t\t\t\t\t\t\t\t\t\t<div class=\"td-content-wrapper\"><div class=\"td-content\">\r\n\t\t\t\t\t\t\t\t\t\t\t\t\t12 Jahre\t\t\t\t\t\t\t\t\t\t\t\t<\/div><\/div>\r\n\t\t\t\t\t\t\t\t\t\t\t<\/td>\r\n\t\t\t\t\t\t\t\t\t\t\t\t\t\t\t\t\t\t\t\t\t\t\t\t\t\t<\/tr>\r\n\t\t\t        \t\t\t    <\/tbody>\r\n\t\t\t<\/table>\t\t\t\t<\/div>\n\t\t\t\t<\/div>\n\t\t\t\t<\/div>\n\t\t<div class=\"elementor-element elementor-element-8748eaa e-con-full e-flex e-con e-child\" data-id=\"8748eaa\" data-element_type=\"container\">\n\t\t\t\t<div class=\"elementor-element elementor-element-0de1d88 elementor-widget elementor-widget-heading\" data-id=\"0de1d88\" data-element_type=\"widget\" data-widget_type=\"heading.default\">\n\t\t\t\t<div class=\"elementor-widget-container\">\n\t\t\t\t\t<h2 class=\"elementor-heading-title elementor-size-default\">Geltungsbereich<\/h2>\t\t\t\t<\/div>\n\t\t\t\t<\/div>\n\t\t\t\t<div class=\"elementor-element elementor-element-b9f2046 elementor-widget elementor-widget-text-editor\" data-id=\"b9f2046\" data-element_type=\"widget\" data-widget_type=\"text-editor.default\">\n\t\t\t\t<div class=\"elementor-widget-container\">\n\t\t\t\t\t\t\t\t\t<p>Die Garantie gilt f\u00fcr:<br \/>\u2013 Material-, Schwei\u00df- oder Konstruktionsfehler, die zu Leckagen, Rissbildung oder strukturellen Sch\u00e4den f\u00fchren.<br \/>\u2013 Durchrostung verursacht durch Herstellungs- oder Materialfehler.<br \/>\u2013 Kostenlose Reparatur oder nach Ermessen des Herstellers Austausch des defekten Tanks oder der defekten Komponente.<\/p>\n\t\t\t\t\t\t\t\t<\/div>\n\t\t\t\t<\/div>\n\t\t<div class=\"elementor-element elementor-element-a2531ed e-con-full e-flex e-con e-child\" data-id=\"a2531ed\" data-element_type=\"container\">\n\t\t\t\t<div class=\"elementor-element elementor-element-525db2e elementor-widget elementor-widget-heading\" data-id=\"525db2e\" data-element_type=\"widget\" data-widget_type=\"heading.default\">\n\t\t\t\t<div class=\"elementor-widget-container\">\n\t\t\t\t\t<h2 class=\"elementor-heading-title elementor-size-default\">Ausschl\u00fcsse<\/h2>\t\t\t\t<\/div>\n\t\t\t\t<\/div>\n\t\t\t\t<div class=\"elementor-element elementor-element-0deafbf elementor-widget elementor-widget-text-editor\" data-id=\"0deafbf\" data-element_type=\"widget\" data-widget_type=\"text-editor.default\">\n\t\t\t\t<div class=\"elementor-widget-container\">\n\t\t\t\t\t\t\t\t\t<p>Die Garantie deckt nicht ab:<br \/>\u2013 Lack, Oberfl\u00e4chenbehandlung, Verzinkung oder kosmetische M\u00e4ngel, die durch normalen Verschlei\u00df, UV-Einwirkung, Witterung, Chemikalien oder Handhabung verursacht werden.<br \/>\u2013 Sch\u00e4den, die durch unsachgem\u00e4\u00dfe Installation, Transport, Handhabung, Unf\u00e4lle, \u00dcberf\u00fcllung, Frost, Vibrationen oder andere \u00e4u\u00dfere Einfl\u00fcsse entstehen.<\/p>\n\t\t\t\t\t\t\t\t<\/div>\n\t\t\t\t<\/div>\n\t\t\t\t<\/div>\n\t\t\t\t<\/div>\n\t\t\t\t<\/div>\n\t\t<div class=\"elementor-element elementor-element-d6efc1f e-con-full e-flex e-con e-child\" data-id=\"d6efc1f\" data-element_type=\"container\">\n\t\t<div class=\"elementor-element elementor-element-62bd742 e-con-full e-flex e-con e-child\" data-id=\"62bd742\" data-element_type=\"container\">\n\t\t<div class=\"elementor-element elementor-element-93853b7 e-con-full e-flex e-con e-child\" data-id=\"93853b7\" data-element_type=\"container\">\n\t\t\t\t<div class=\"elementor-element elementor-element-6a9e0d5 elementor-widget elementor-widget-heading\" data-id=\"6a9e0d5\" data-element_type=\"widget\" data-widget_type=\"heading.default\">\n\t\t\t\t<div class=\"elementor-widget-container\">\n\t\t\t\t\t<h2 class=\"elementor-heading-title elementor-size-default\">Ausschl\u00fcsse<\/h2>\t\t\t\t<\/div>\n\t\t\t\t<\/div>\n\t\t\t\t<div class=\"elementor-element elementor-element-2e280ba elementor-widget elementor-widget-text-editor\" data-id=\"2e280ba\" data-element_type=\"widget\" data-widget_type=\"text-editor.default\">\n\t\t\t\t<div class=\"elementor-widget-container\">\n\t\t\t\t\t\t\t\t\t<p>Die Garantie deckt nicht ab:<br \/>\u2013 Korrosion oder Sch\u00e4den infolge des Kontakts mit Fl\u00fcssigkeiten, Kraftstoffen oder Additiven, die f\u00fcr den Tank nicht zugelassen sind.<br \/>\u2013 \u00c4nderungen, Schwei\u00dfarbeiten oder Reparaturen, die ohne schriftliche Genehmigung des Herstellers durchgef\u00fchrt wurden.<br \/>\u2013 Vernachl\u00e4ssigung der vorgeschriebenen Inspektionen oder Wartungsarbeiten.<\/p>\n\t\t\t\t\t\t\t\t<\/div>\n\t\t\t\t<\/div>\n\t\t\t\t<\/div>\n\t\t\t\t<div class=\"elementor-element elementor-element-3dd7da5 elementor-widget elementor-widget-heading\" data-id=\"3dd7da5\" data-element_type=\"widget\" data-widget_type=\"heading.default\">\n\t\t\t\t<div class=\"elementor-widget-container\">\n\t\t\t\t\t<h2 class=\"elementor-heading-title elementor-size-default\">Allgemeine Gesch\u00e4ftsbedingungen<\/h2>\t\t\t\t<\/div>\n\t\t\t\t<\/div>\n\t\t\t\t<div class=\"elementor-element elementor-element-37940cd elementor-widget elementor-widget-text-editor\" data-id=\"37940cd\" data-element_type=\"widget\" data-widget_type=\"text-editor.default\">\n\t\t\t\t<div class=\"elementor-widget-container\">\n\t\t\t\t\t\t\t\t\t<p>\u2013 Die Garantie gilt ausschlie\u00dflich f\u00fcr den urspr\u00fcnglichen K\u00e4ufer und f\u00fcr Tanks, die gem\u00e4\u00df den Spezifikationen des Herstellers und den geltenden Normen installiert wurden.<br \/>\u2013 Reklamationen m\u00fcssen schriftlich erfolgen, sobald der Mangel festgestellt wird.<br \/>\u2013 Der Hersteller haftet nicht f\u00fcr Folgesch\u00e4den, Betriebsunterbrechungen oder indirekte Verluste.<br \/>\u2013 W\u00e4hrend der Garantiezeit kann der Hersteller eine Dokumentation der Installation, Wartung oder Nutzung verlangen.<\/p>\n\t\t\t\t\t\t\t\t<\/div>\n\t\t\t\t<\/div>\n\t\t\t\t<\/div>\n\t\t<div class=\"elementor-element elementor-element-406dfa6 e-con-full e-flex e-con e-child\" data-id=\"406dfa6\" data-element_type=\"container\">\n\t\t\t\t<div class=\"elementor-element elementor-element-5b1330b elementor-widget elementor-widget-heading\" data-id=\"5b1330b\" data-element_type=\"widget\" data-widget_type=\"heading.default\">\n\t\t\t\t<div class=\"elementor-widget-container\">\n\t\t\t\t\t<h2 class=\"elementor-heading-title elementor-size-default\">Garantieleistung<\/h2>\t\t\t\t<\/div>\n\t\t\t\t<\/div>\n\t\t\t\t<div class=\"elementor-element elementor-element-4db6daa elementor-widget elementor-widget-text-editor\" data-id=\"4db6daa\" data-element_type=\"widget\" data-widget_type=\"text-editor.default\">\n\t\t\t\t<div class=\"elementor-widget-container\">\n\t\t\t\t\t\t\t\t\t<p>Tritt ein von der Garantie abgedeckter Mangel auf, verpflichtet sich der Hersteller:<br \/>\u2013 defekte Teile zu reparieren oder zu ersetzen, oder<br \/>\u2013 nach eigenem Ermessen den Tank durch ein gleichwertiges Modell zu ersetzen.<br data-start=\"215\" data-end=\"218\" \/>Transport- und Arbeitskosten werden nur nach vorheriger Vereinbarung erstattet.<\/p>\n\t\t\t\t\t\t\t\t<\/div>\n\t\t\t\t<\/div>\n\t\t\t\t<\/div>\n\t\t<div class=\"elementor-element elementor-element-f36afd9 e-con-full e-flex e-con e-child\" data-id=\"f36afd9\" data-element_type=\"container\">\n\t\t\t\t<div class=\"elementor-element elementor-element-602b2fc elementor-widget elementor-widget-heading\" data-id=\"602b2fc\" data-element_type=\"widget\" data-widget_type=\"heading.default\">\n\t\t\t\t<div class=\"elementor-widget-container\">\n\t\t\t\t\t<h2 class=\"elementor-heading-title elementor-size-default\">Zubeh\u00f6r<\/h2>\t\t\t\t<\/div>\n\t\t\t\t<\/div>\n\t\t\t\t<div class=\"elementor-element elementor-element-f6126cc elementor-widget elementor-widget-text-editor\" data-id=\"f6126cc\" data-element_type=\"widget\" data-widget_type=\"text-editor.default\">\n\t\t\t\t<div class=\"elementor-widget-container\">\n\t\t\t\t\t\t\t\t\t<p>Zubeh\u00f6r, Pumpen und Ausr\u00fcstung unterliegen einer Garantie von 2 Jahren.<\/p>\n\t\t\t\t\t\t\t\t<\/div>\n\t\t\t\t<\/div>\n\t\t\t\t<\/div>\n\t\t\t\t<\/div>\n\t\t\t\t<\/div>\n\t\t\t\t\t<\/div>\n\t\t\t\t<\/div>\n\t\t\t\t<\/div>\n\t\t","protected":false},"excerpt":{"rendered":"<p>GARANTIEBEDINGUNGEN \u2013 PTA-, SC\/TS- und TT-Tanks Allgemein Der Hersteller garantiert, dass alle gelieferten Tanks zum Zeitpunkt der Lieferung frei von Material- und Herstellungsfehlern sind. Die Garantie gilt ab dem Lieferdatum f\u00fcr den angegebenen Garantiezeitraum, vorausgesetzt, der Tank wurde gem\u00e4\u00df den Anweisungen des Herstellers und den geltenden Vorschriften installiert, genutzt und gewartet. Garantiezeitraum Produktkategorie Material \/ [&hellip;]<\/p>\n","protected":false},"author":5,"featured_media":0,"parent":19457,"menu_order":0,"comment_status":"closed","ping_status":"closed","template":"","meta":{"_acf_changed":false,"footnotes":""},"class_list":["post-23035","page","type-page","status-publish","hentry"],"acf":[],"_links":{"self":[{"href":"https:\/\/mpp-backup.staging3.tokig.site\/de\/wp-json\/wp\/v2\/pages\/23035","targetHints":{"allow":["GET"]}}],"collection":[{"href":"https:\/\/mpp-backup.staging3.tokig.site\/de\/wp-json\/wp\/v2\/pages"}],"about":[{"href":"https:\/\/mpp-backup.staging3.tokig.site\/de\/wp-json\/wp\/v2\/types\/page"}],"author":[{"embeddable":true,"href":"https:\/\/mpp-backup.staging3.tokig.site\/de\/wp-json\/wp\/v2\/users\/5"}],"replies":[{"embeddable":true,"href":"https:\/\/mpp-backup.staging3.tokig.site\/de\/wp-json\/wp\/v2\/comments?post=23035"}],"version-history":[{"count":0,"href":"https:\/\/mpp-backup.staging3.tokig.site\/de\/wp-json\/wp\/v2\/pages\/23035\/revisions"}],"up":[{"embeddable":true,"href":"https:\/\/mpp-backup.staging3.tokig.site\/de\/wp-json\/wp\/v2\/pages\/19457"}],"wp:attachment":[{"href":"https:\/\/mpp-backup.staging3.tokig.site\/de\/wp-json\/wp\/v2\/media?parent=23035"}],"curies":[{"name":"wp","href":"https:\/\/api.w.org\/{rel}","templated":true}]}}