{"id":19640,"date":"2025-06-26T08:17:56","date_gmt":"2025-06-26T08:17:56","guid":{"rendered":"https:\/\/mpp-v1.staging3.tokig.site\/unternehmensrichtlinie\/"},"modified":"2026-01-05T10:37:05","modified_gmt":"2026-01-05T10:37:05","slug":"unternehmensrichtlinie","status":"publish","type":"page","link":"https:\/\/mpp-backup.staging3.tokig.site\/de\/unternehmensrichtlinie\/","title":{"rendered":"Unternehmensrichtlinie"},"content":{"rendered":"\t\t<div data-elementor-type=\"wp-page\" data-elementor-id=\"19640\" class=\"elementor elementor-19640 elementor-1828\" data-elementor-post-type=\"page\">\n\t\t\t\t<div class=\"elementor-element elementor-element-3875e10 e-con-full e-flex e-con e-parent\" data-id=\"3875e10\" data-element_type=\"container\">\n\t\t\t\t<div class=\"elementor-element elementor-element-b7e2b72 elementor-widget elementor-widget-template\" data-id=\"b7e2b72\" data-element_type=\"widget\" data-widget_type=\"template.default\">\n\t\t\t\t<div class=\"elementor-widget-container\">\n\t\t\t\t\t\t\t<div class=\"elementor-template\">\n\t\t\t\t\t<div data-elementor-type=\"container\" data-elementor-id=\"19185\" class=\"elementor elementor-19185 elementor-12748\" data-elementor-post-type=\"elementor_library\">\n\t\t\t\t<div class=\"elementor-element elementor-element-229114d e-con-full global_inner_container e-flex e-con e-parent\" data-id=\"229114d\" data-element_type=\"container\" data-settings=\"{&quot;background_background&quot;:&quot;classic&quot;}\">\n\t\t<div class=\"elementor-element elementor-element-8f5049d e-flex e-con-boxed e-con e-child\" data-id=\"8f5049d\" data-element_type=\"container\">\n\t\t\t\t\t<div class=\"e-con-inner\">\n\t\t\t\t<div class=\"elementor-element elementor-element-a5fa261 elementor-icon-list--layout-inline elementor-list-item-link-inline elementor-widget elementor-widget-icon-list\" data-id=\"a5fa261\" data-element_type=\"widget\" data-widget_type=\"icon-list.default\">\n\t\t\t\t<div class=\"elementor-widget-container\">\n\t\t\t\t\t\t\t<ul class=\"elementor-icon-list-items elementor-inline-items\">\n\t\t\t\t\t\t\t<li class=\"elementor-icon-list-item elementor-inline-item\">\n\t\t\t\t\t\t\t\t\t\t\t<a href=\"https:\/\/mpp-backup.staging3.tokig.site\/de\/\">\n\n\t\t\t\t\t\t\t\t\t\t\t\t<span class=\"elementor-icon-list-icon\">\n\t\t\t\t\t\t\t<svg aria-hidden=\"true\" class=\"e-font-icon-svg e-fas-home\" viewBox=\"0 0 576 512\" xmlns=\"http:\/\/www.w3.org\/2000\/svg\"><path d=\"M280.37 148.26L96 300.11V464a16 16 0 0 0 16 16l112.06-.29a16 16 0 0 0 15.92-16V368a16 16 0 0 1 16-16h64a16 16 0 0 1 16 16v95.64a16 16 0 0 0 16 16.05L464 480a16 16 0 0 0 16-16V300L295.67 148.26a12.19 12.19 0 0 0-15.3 0zM571.6 251.47L488 182.56V44.05a12 12 0 0 0-12-12h-56a12 12 0 0 0-12 12v72.61L318.47 43a48 48 0 0 0-61 0L4.34 251.47a12 12 0 0 0-1.6 16.9l25.5 31A12 12 0 0 0 45.15 301l235.22-193.74a12.19 12.19 0 0 1 15.3 0L530.9 301a12 12 0 0 0 16.9-1.6l25.5-31a12 12 0 0 0-1.7-16.93z\"><\/path><\/svg>\t\t\t\t\t\t<\/span>\n\t\t\t\t\t\t\t\t\t\t<span class=\"elementor-icon-list-text\">HEIM<\/span>\n\t\t\t\t\t\t\t\t\t\t\t<\/a>\n\t\t\t\t\t\t\t\t\t<\/li>\n\t\t\t\t\t\t\t\t<li class=\"elementor-icon-list-item elementor-inline-item\">\n\t\t\t\t\t\t\t\t\t\t\t<span class=\"elementor-icon-list-icon\">\n\t\t\t\t\t\t\t<svg aria-hidden=\"true\" class=\"e-font-icon-svg e-fas-chevron-right\" viewBox=\"0 0 320 512\" xmlns=\"http:\/\/www.w3.org\/2000\/svg\"><path d=\"M285.476 272.971L91.132 467.314c-9.373 9.373-24.569 9.373-33.941 0l-22.667-22.667c-9.357-9.357-9.375-24.522-.04-33.901L188.505 256 34.484 101.255c-9.335-9.379-9.317-24.544.04-33.901l22.667-22.667c9.373-9.373 24.569-9.373 33.941 0L285.475 239.03c9.373 9.372 9.373 24.568.001 33.941z\"><\/path><\/svg>\t\t\t\t\t\t<\/span>\n\t\t\t\t\t\t\t\t\t\t<span class=\"elementor-icon-list-text\"><\/span>\n\t\t\t\t\t\t\t\t\t<\/li>\n\t\t\t\t\t\t<\/ul>\n\t\t\t\t\t\t<\/div>\n\t\t\t\t<\/div>\n\t\t\t\t\t<\/div>\n\t\t\t\t<\/div>\n\t\t\t\t<\/div>\n\t\t\t\t<\/div>\n\t\t\t\t<\/div>\n\t\t\t\t\t\t<\/div>\n\t\t\t\t<\/div>\n\t\t\t\t<\/div>\n\t\t<div class=\"elementor-element elementor-element-326fae0 e-con-full global_container e-flex e-con e-parent\" data-id=\"326fae0\" data-element_type=\"container\">\n\t\t<div class=\"elementor-element elementor-element-77e6fd8 e-flex e-con-boxed e-con e-child\" data-id=\"77e6fd8\" data-element_type=\"container\">\n\t\t\t\t\t<div class=\"e-con-inner\">\n\t\t<div class=\"elementor-element elementor-element-3d2270f e-con-full e-flex e-con e-child\" data-id=\"3d2270f\" data-element_type=\"container\">\n\t\t<div class=\"elementor-element elementor-element-2341c6d e-con-full animated-slow e-flex elementor-invisible e-con e-child\" data-id=\"2341c6d\" data-element_type=\"container\" data-settings=\"{&quot;animation&quot;:&quot;fadeIn&quot;,&quot;animation_delay&quot;:400}\">\n\t\t\t\t<div class=\"elementor-element elementor-element-4befbe9 animated-slow elementor-invisible elementor-widget elementor-widget-heading\" data-id=\"4befbe9\" data-element_type=\"widget\" data-settings=\"{&quot;_animation&quot;:&quot;fadeIn&quot;,&quot;_animation_delay&quot;:200}\" data-widget_type=\"heading.default\">\n\t\t\t\t<div class=\"elementor-widget-container\">\n\t\t\t\t\t<h2 class=\"elementor-heading-title elementor-size-default\">Unternehmensrichtlinie<\/h2>\t\t\t\t<\/div>\n\t\t\t\t<\/div>\n\t\t\t\t<div class=\"elementor-element elementor-element-2495e87 animated-slow elementor-invisible elementor-widget elementor-widget-heading\" data-id=\"2495e87\" data-element_type=\"widget\" data-settings=\"{&quot;_animation&quot;:&quot;fadeIn&quot;,&quot;_animation_delay&quot;:200}\" data-widget_type=\"heading.default\">\n\t\t\t\t<div class=\"elementor-widget-container\">\n\t\t\t\t\t<h1 class=\"elementor-heading-title elementor-size-default\">MPP Sverige AB<\/h1>\t\t\t\t<\/div>\n\t\t\t\t<\/div>\n\t\t\t\t<div class=\"elementor-element elementor-element-344304b elementor-widget elementor-widget-spacer\" data-id=\"344304b\" data-element_type=\"widget\" data-widget_type=\"spacer.default\">\n\t\t\t\t<div class=\"elementor-widget-container\">\n\t\t\t\t\t\t\t<div class=\"elementor-spacer\">\n\t\t\t<div class=\"elementor-spacer-inner\"><\/div>\n\t\t<\/div>\n\t\t\t\t\t\t<\/div>\n\t\t\t\t<\/div>\n\t\t\t\t<div class=\"elementor-element elementor-element-06d80d4 elementor-widget elementor-widget-text-editor\" data-id=\"06d80d4\" data-element_type=\"widget\" data-widget_type=\"text-editor.default\">\n\t\t\t\t<div class=\"elementor-widget-container\">\n\t\t\t\t\t\t\t\t\t<p>Diese Unternehmensrichtlinie wurde erstellt, um langfristige und nachhaltige Gesch\u00e4ftst\u00e4tigkeit zu f\u00f6rdern, und basiert auf der \u00dcberzeugung, dass ethische Gesch\u00e4ftsprinzipien die Aktivit\u00e4ten sowie die Beziehungen von MPP zu Mitarbeitern, Kunden, Lieferanten und anderen Partnern st\u00e4rken werden.<\/p>\n\t\t\t\t\t\t\t\t<\/div>\n\t\t\t\t<\/div>\n\t\t\t\t<div class=\"elementor-element elementor-element-e4cc525 elementor-widget elementor-widget-text-editor\" data-id=\"e4cc525\" data-element_type=\"widget\" data-widget_type=\"text-editor.default\">\n\t\t\t\t<div class=\"elementor-widget-container\">\n\t\t\t\t\t\t\t\t\t<p>Die T\u00e4tigkeiten von MPP sollen:<\/p>\n\t\t\t\t\t\t\t\t<\/div>\n\t\t\t\t<\/div>\n\t\t\t\t<div class=\"elementor-element elementor-element-9779d7f mpp_icon_lists_svg elementor-icon-list--layout-traditional elementor-list-item-link-full_width elementor-widget elementor-widget-icon-list\" data-id=\"9779d7f\" data-element_type=\"widget\" data-widget_type=\"icon-list.default\">\n\t\t\t\t<div class=\"elementor-widget-container\">\n\t\t\t\t\t\t\t<ul class=\"elementor-icon-list-items\">\n\t\t\t\t\t\t\t<li class=\"elementor-icon-list-item\">\n\t\t\t\t\t\t\t\t\t\t<span class=\"elementor-icon-list-text\">a) Kundennah stattfinden. Das bedeutet, dass MPP einen guten und engen Dialog mit unseren Kunden f\u00fchren muss und in der Lage sein muss, ihnen schnell mit unseren Dienstleistungen und notwendigen Informationen zu helfen. Wir werden unseren Kunden zuh\u00f6ren und die Informationen \u00fcber unser Gesch\u00e4ft nutzen, die sie uns bereitstellen k\u00f6nnen.<\/span>\n\t\t\t\t\t\t\t\t\t<\/li>\n\t\t\t\t\t\t\t\t<li class=\"elementor-icon-list-item\">\n\t\t\t\t\t\t\t\t\t\t<span class=\"elementor-icon-list-text\">b) Die Anforderungen und Erwartungen unserer Kunden erf\u00fcllen.<\/span>\n\t\t\t\t\t\t\t\t\t<\/li>\n\t\t\t\t\t\t\t\t<li class=\"elementor-icon-list-item\">\n\t\t\t\t\t\t\t\t\t\t<span class=\"elementor-icon-list-text\">c) Die F\u00e4higkeiten unserer Mitarbeiter nutzen und ihre Bed\u00fcrfnisse ber\u00fccksichtigen. Unsere Mitarbeiter verf\u00fcgen \u00fcber gute Kenntnisse und ein Bewusstsein f\u00fcr unser Gesch\u00e4ft. Indem wir ihnen M\u00f6glichkeiten zur Weiterentwicklung, Schulung und Bef\u00f6rderung bieten, kann die Organisation gemeinsam die Flexibilit\u00e4t und Innovation nutzen, die in einem wettbewerbsintensiven Markt wichtig sind.<\/span>\n\t\t\t\t\t\t\t\t\t<\/li>\n\t\t\t\t\t\t\t\t<li class=\"elementor-icon-list-item\">\n\t\t\t\t\t\t\t\t\t\t<span class=\"elementor-icon-list-text\">d) Von Offenheit und Ehrlichkeit gepr\u00e4gt sein. Mitarbeiter, Kunden, Lieferanten und andere Partner m\u00fcssen sich in ihrer Beziehung zu MPP sicher f\u00fchlen. Durch Offenheit, Ehrlichkeit und Vertrauensw\u00fcrdigkeit kann ein enger Dialog langfristige und gute Beziehungen zu allen Stakeholdern schaffen.<\/span>\n\t\t\t\t\t\t\t\t\t<\/li>\n\t\t\t\t\t\t<\/ul>\n\t\t\t\t\t\t<\/div>\n\t\t\t\t<\/div>\n\t\t\t\t<\/div>\n\t\t<div class=\"elementor-element elementor-element-6eeb20a e-con-full e-flex e-con e-child\" data-id=\"6eeb20a\" data-element_type=\"container\">\n\t\t\t\t<\/div>\n\t\t<div class=\"elementor-element elementor-element-ba2c683 e-con-full border_radius_enabled e-flex e-con e-child\" data-id=\"ba2c683\" data-element_type=\"container\" data-settings=\"{&quot;background_background&quot;:&quot;classic&quot;,&quot;background_motion_fx_motion_fx_scrolling&quot;:&quot;yes&quot;,&quot;background_motion_fx_translateY_effect&quot;:&quot;yes&quot;,&quot;background_motion_fx_translateY_speed&quot;:{&quot;unit&quot;:&quot;px&quot;,&quot;size&quot;:4,&quot;sizes&quot;:[]},&quot;background_motion_fx_translateY_affectedRange&quot;:{&quot;unit&quot;:&quot;%&quot;,&quot;size&quot;:&quot;&quot;,&quot;sizes&quot;:{&quot;start&quot;:0,&quot;end&quot;:100}},&quot;background_motion_fx_devices&quot;:[&quot;widescreen&quot;,&quot;desktop&quot;,&quot;laptop&quot;,&quot;tablet_extra&quot;,&quot;tablet&quot;,&quot;mobile_extra&quot;,&quot;mobile&quot;]}\">\n\t\t\t\t<\/div>\n\t\t\t\t<\/div>\n\t\t\t\t\t<\/div>\n\t\t\t\t<\/div>\n\t\t\t\t<\/div>\n\t\t<div class=\"elementor-element elementor-element-ce0d851 e-con-full global_container e-flex e-con e-parent\" data-id=\"ce0d851\" data-element_type=\"container\" data-settings=\"{&quot;background_background&quot;:&quot;classic&quot;}\">\n\t\t<div class=\"elementor-element elementor-element-0ca0627 e-flex e-con-boxed e-con e-child\" data-id=\"0ca0627\" data-element_type=\"container\">\n\t\t\t\t\t<div class=\"e-con-inner\">\n\t\t<div class=\"elementor-element elementor-element-cd93741 e-con-full e-flex e-con e-child\" data-id=\"cd93741\" data-element_type=\"container\">\n\t\t\t\t<\/div>\n\t\t<div class=\"elementor-element elementor-element-ccb6e81 e-con-full e-flex e-con e-child\" data-id=\"ccb6e81\" data-element_type=\"container\">\n\t\t\t\t<div class=\"elementor-element elementor-element-39cd047 animated-slow elementor-invisible elementor-widget elementor-widget-heading\" data-id=\"39cd047\" data-element_type=\"widget\" data-settings=\"{&quot;_animation&quot;:&quot;fadeIn&quot;,&quot;_animation_delay&quot;:200}\" data-widget_type=\"heading.default\">\n\t\t\t\t<div class=\"elementor-widget-container\">\n\t\t\t\t\t<h2 class=\"elementor-heading-title elementor-size-default\">Nachhaltige Arbeitsplatzpraktiken<\/h2>\t\t\t\t<\/div>\n\t\t\t\t<\/div>\n\t\t\t\t<div class=\"elementor-element elementor-element-f2c2460 elementor-widget elementor-widget-text-editor\" data-id=\"f2c2460\" data-element_type=\"widget\" data-widget_type=\"text-editor.default\">\n\t\t\t\t<div class=\"elementor-widget-container\">\n\t\t\t\t\t\t\t\t\t<p>Durch die kontinuierliche Arbeit mit dem Arbeitsumfeld als integralen Bestandteil der t\u00e4glichen Gesch\u00e4ftst\u00e4tigkeit stellt MPP sicher, dass alle Anforderungen an das Arbeitsumfeld erf\u00fcllt werden, damit alle Mitarbeiter Unterst\u00fctzung und pr\u00e4ventive Ma\u00dfnahmen erhalten, die die Gesundheit f\u00f6rdern. Unsere Richtlinie zum Arbeitsumfeld ist in unsere Unternehmensrichtlinie integriert.<\/p>\n<p>Unsere Umweltpolitik ist in unsere Unternehmensrichtlinie integriert. Das Management muss kontinuierlich die f\u00fcr das Unternehmen relevanten Umweltaspekte identifizieren und analysieren (wie z.\u202fB. die Umweltbelastung durch Produktion und Transport), um MPPs Umweltauswirkungen kontinuierlich zu untersuchen und zu minimieren. Angesichts der Art des Unternehmens sind folgende Aspekte von gro\u00dfer Bedeutung: Ressourcennutzung und -verbrauch (z.\u202fB. in der Produktion), umwelt- und gesundheitsgef\u00e4hrdende Stoffe, Transport und Energie.<\/p>\n<p>Diese Richtlinie wurde von der Gesch\u00e4ftsf\u00fchrung am 10.08.2021 in Kungsbacka erstellt.<\/p>\n\t\t\t\t\t\t\t\t<\/div>\n\t\t\t\t<\/div>\n\t\t\t\t<\/div>\n\t\t<div class=\"elementor-element elementor-element-1cc3fd0 e-con-full e-flex e-con e-child\" data-id=\"1cc3fd0\" data-element_type=\"container\">\n\t\t\t\t<\/div>\n\t\t\t\t\t<\/div>\n\t\t\t\t<\/div>\n\t\t\t\t<\/div>\n\t\t\t\t<\/div>\n\t\t","protected":false},"excerpt":{"rendered":"<p>Unternehmensrichtlinie MPP Sverige AB Diese Unternehmensrichtlinie wurde erstellt, um langfristige und nachhaltige Gesch\u00e4ftst\u00e4tigkeit zu f\u00f6rdern, und basiert auf der \u00dcberzeugung, dass ethische Gesch\u00e4ftsprinzipien die Aktivit\u00e4ten sowie die Beziehungen von MPP zu Mitarbeitern, Kunden, Lieferanten und anderen Partnern st\u00e4rken werden. Die T\u00e4tigkeiten von MPP sollen: a) Kundennah stattfinden. Das bedeutet, dass MPP einen guten und engen [&hellip;]<\/p>\n","protected":false},"author":2,"featured_media":0,"parent":0,"menu_order":0,"comment_status":"closed","ping_status":"closed","template":"","meta":{"_acf_changed":false,"footnotes":""},"class_list":["post-19640","page","type-page","status-publish","hentry"],"acf":[],"_links":{"self":[{"href":"https:\/\/mpp-backup.staging3.tokig.site\/de\/wp-json\/wp\/v2\/pages\/19640","targetHints":{"allow":["GET"]}}],"collection":[{"href":"https:\/\/mpp-backup.staging3.tokig.site\/de\/wp-json\/wp\/v2\/pages"}],"about":[{"href":"https:\/\/mpp-backup.staging3.tokig.site\/de\/wp-json\/wp\/v2\/types\/page"}],"author":[{"embeddable":true,"href":"https:\/\/mpp-backup.staging3.tokig.site\/de\/wp-json\/wp\/v2\/users\/2"}],"replies":[{"embeddable":true,"href":"https:\/\/mpp-backup.staging3.tokig.site\/de\/wp-json\/wp\/v2\/comments?post=19640"}],"version-history":[{"count":0,"href":"https:\/\/mpp-backup.staging3.tokig.site\/de\/wp-json\/wp\/v2\/pages\/19640\/revisions"}],"wp:attachment":[{"href":"https:\/\/mpp-backup.staging3.tokig.site\/de\/wp-json\/wp\/v2\/media?parent=19640"}],"curies":[{"name":"wp","href":"https:\/\/api.w.org\/{rel}","templated":true}]}}