{"id":19537,"date":"2025-10-15T05:57:42","date_gmt":"2025-10-15T05:57:42","guid":{"rendered":"https:\/\/mpp-v1.staging3.tokig.site\/partners\/"},"modified":"2025-12-11T08:16:53","modified_gmt":"2025-12-11T08:16:53","slug":"partners","status":"publish","type":"page","link":"https:\/\/mpp-backup.staging3.tokig.site\/de\/partners\/","title":{"rendered":"Partner"},"content":{"rendered":"\t\t<div data-elementor-type=\"wp-page\" data-elementor-id=\"19537\" class=\"elementor elementor-19537 elementor-12990\" data-elementor-post-type=\"page\">\n\t\t\t\t<div class=\"elementor-element elementor-element-4274a7a e-con-full global_inner_container e-flex e-con e-parent\" data-id=\"4274a7a\" data-element_type=\"container\" data-settings=\"{&quot;background_background&quot;:&quot;classic&quot;}\">\n\t\t<div class=\"elementor-element elementor-element-d4ee97a e-flex e-con-boxed e-con e-child\" data-id=\"d4ee97a\" data-element_type=\"container\">\n\t\t\t\t\t<div class=\"e-con-inner\">\n\t\t\t\t<div class=\"elementor-element elementor-element-8b51703 elementor-icon-list--layout-inline elementor-list-item-link-inline elementor-widget elementor-widget-icon-list\" data-id=\"8b51703\" data-element_type=\"widget\" data-widget_type=\"icon-list.default\">\n\t\t\t\t<div class=\"elementor-widget-container\">\n\t\t\t\t\t\t\t<ul class=\"elementor-icon-list-items elementor-inline-items\">\n\t\t\t\t\t\t\t<li class=\"elementor-icon-list-item elementor-inline-item\">\n\t\t\t\t\t\t\t\t\t\t\t<a href=\"https:\/\/mpp-backup.staging3.tokig.site\/de\/\">\n\n\t\t\t\t\t\t\t\t\t\t\t\t<span class=\"elementor-icon-list-icon\">\n\t\t\t\t\t\t\t<svg aria-hidden=\"true\" class=\"e-font-icon-svg e-fas-home\" viewBox=\"0 0 576 512\" xmlns=\"http:\/\/www.w3.org\/2000\/svg\"><path d=\"M280.37 148.26L96 300.11V464a16 16 0 0 0 16 16l112.06-.29a16 16 0 0 0 15.92-16V368a16 16 0 0 1 16-16h64a16 16 0 0 1 16 16v95.64a16 16 0 0 0 16 16.05L464 480a16 16 0 0 0 16-16V300L295.67 148.26a12.19 12.19 0 0 0-15.3 0zM571.6 251.47L488 182.56V44.05a12 12 0 0 0-12-12h-56a12 12 0 0 0-12 12v72.61L318.47 43a48 48 0 0 0-61 0L4.34 251.47a12 12 0 0 0-1.6 16.9l25.5 31A12 12 0 0 0 45.15 301l235.22-193.74a12.19 12.19 0 0 1 15.3 0L530.9 301a12 12 0 0 0 16.9-1.6l25.5-31a12 12 0 0 0-1.7-16.93z\"><\/path><\/svg>\t\t\t\t\t\t<\/span>\n\t\t\t\t\t\t\t\t\t\t<span class=\"elementor-icon-list-text\">HEIM<\/span>\n\t\t\t\t\t\t\t\t\t\t\t<\/a>\n\t\t\t\t\t\t\t\t\t<\/li>\n\t\t\t\t\t\t\t\t<li class=\"elementor-icon-list-item elementor-inline-item\">\n\t\t\t\t\t\t\t\t\t\t\t<span class=\"elementor-icon-list-icon\">\n\t\t\t\t\t\t\t<svg aria-hidden=\"true\" class=\"e-font-icon-svg e-fas-chevron-right\" viewBox=\"0 0 320 512\" xmlns=\"http:\/\/www.w3.org\/2000\/svg\"><path d=\"M285.476 272.971L91.132 467.314c-9.373 9.373-24.569 9.373-33.941 0l-22.667-22.667c-9.357-9.357-9.375-24.522-.04-33.901L188.505 256 34.484 101.255c-9.335-9.379-9.317-24.544.04-33.901l22.667-22.667c9.373-9.373 24.569-9.373 33.941 0L285.475 239.03c9.373 9.372 9.373 24.568.001 33.941z\"><\/path><\/svg>\t\t\t\t\t\t<\/span>\n\t\t\t\t\t\t\t\t\t\t<span class=\"elementor-icon-list-text\"><\/span>\n\t\t\t\t\t\t\t\t\t<\/li>\n\t\t\t\t\t\t<\/ul>\n\t\t\t\t\t\t<\/div>\n\t\t\t\t<\/div>\n\t\t\t\t\t<\/div>\n\t\t\t\t<\/div>\n\t\t\t\t<\/div>\n\t\t<div class=\"elementor-element elementor-element-e749672 e-con-full global_container e-flex e-con e-parent\" data-id=\"e749672\" data-element_type=\"container\" data-settings=\"{&quot;background_background&quot;:&quot;gradient&quot;}\">\n\t\t<div class=\"elementor-element elementor-element-f59acb0 e-flex e-con-boxed e-con e-child\" data-id=\"f59acb0\" data-element_type=\"container\">\n\t\t\t\t\t<div class=\"e-con-inner\">\n\t\t\t\t<div class=\"elementor-element elementor-element-49805e0 animated-slow elementor-invisible elementor-widget elementor-widget-heading\" data-id=\"49805e0\" data-element_type=\"widget\" data-settings=\"{&quot;_animation&quot;:&quot;fadeIn&quot;,&quot;_animation_delay&quot;:100}\" data-widget_type=\"heading.default\">\n\t\t\t\t<div class=\"elementor-widget-container\">\n\t\t\t\t\t<h1 class=\"elementor-heading-title elementor-size-default\">Unsere Partner<\/h1>\t\t\t\t<\/div>\n\t\t\t\t<\/div>\n\t\t\t\t<div class=\"elementor-element elementor-element-f1c2900 animated-slow our_partners_area elementor-arrows-position-inside elementor-invisible elementor-widget elementor-widget-loop-carousel\" data-id=\"f1c2900\" data-element_type=\"widget\" data-settings=\"{&quot;template_id&quot;:19301,&quot;image_spacing_custom&quot;:{&quot;unit&quot;:&quot;px&quot;,&quot;size&quot;:20,&quot;sizes&quot;:[]},&quot;slides_to_show_widescreen&quot;:&quot;5&quot;,&quot;slides_to_scroll_widescreen&quot;:&quot;1&quot;,&quot;slides_to_scroll_laptop&quot;:&quot;1&quot;,&quot;slides_to_scroll_tablet_extra&quot;:&quot;1&quot;,&quot;slides_to_scroll_tablet&quot;:&quot;1&quot;,&quot;slides_to_scroll_mobile_extra&quot;:&quot;1&quot;,&quot;slides_to_scroll_mobile&quot;:&quot;1&quot;,&quot;image_spacing_custom_mobile&quot;:{&quot;unit&quot;:&quot;px&quot;,&quot;size&quot;:10,&quot;sizes&quot;:[]},&quot;_animation&quot;:&quot;fadeIn&quot;,&quot;_animation_delay&quot;:500,&quot;_skin&quot;:&quot;post&quot;,&quot;slides_to_show&quot;:&quot;3&quot;,&quot;slides_to_show_laptop&quot;:&quot;3&quot;,&quot;slides_to_show_tablet_extra&quot;:&quot;3&quot;,&quot;slides_to_show_tablet&quot;:&quot;2&quot;,&quot;slides_to_show_mobile_extra&quot;:&quot;2&quot;,&quot;slides_to_show_mobile&quot;:&quot;1&quot;,&quot;slides_to_scroll&quot;:&quot;1&quot;,&quot;edit_handle_selector&quot;:&quot;.elementor-loop-container&quot;,&quot;autoplay&quot;:&quot;yes&quot;,&quot;autoplay_speed&quot;:5000,&quot;pause_on_hover&quot;:&quot;yes&quot;,&quot;pause_on_interaction&quot;:&quot;yes&quot;,&quot;infinite&quot;:&quot;yes&quot;,&quot;speed&quot;:500,&quot;offset_sides&quot;:&quot;none&quot;,&quot;arrows&quot;:&quot;yes&quot;,&quot;image_spacing_custom_widescreen&quot;:{&quot;unit&quot;:&quot;px&quot;,&quot;size&quot;:&quot;&quot;,&quot;sizes&quot;:[]},&quot;image_spacing_custom_laptop&quot;:{&quot;unit&quot;:&quot;px&quot;,&quot;size&quot;:&quot;&quot;,&quot;sizes&quot;:[]},&quot;image_spacing_custom_tablet_extra&quot;:{&quot;unit&quot;:&quot;px&quot;,&quot;size&quot;:&quot;&quot;,&quot;sizes&quot;:[]},&quot;image_spacing_custom_tablet&quot;:{&quot;unit&quot;:&quot;px&quot;,&quot;size&quot;:&quot;&quot;,&quot;sizes&quot;:[]},&quot;image_spacing_custom_mobile_extra&quot;:{&quot;unit&quot;:&quot;px&quot;,&quot;size&quot;:&quot;&quot;,&quot;sizes&quot;:[]}}\" data-widget_type=\"loop-carousel.post\">\n\t\t\t\t<div class=\"elementor-widget-container\">\n\t\t\t\t\t\t\t<div class=\"swiper elementor-loop-container elementor-grid\" role=\"list\" dir=\"ltr\">\n\t\t\t\t<div class=\"swiper-wrapper\" aria-live=\"off\">\n\t\t<style id=\"loop-19301\">.elementor-19301 .elementor-element.elementor-element-28bc759f{--display:flex;--flex-direction:column;--container-widget-width:100%;--container-widget-height:initial;--container-widget-flex-grow:0;--container-widget-align-self:initial;--flex-wrap-mobile:wrap;--overlay-opacity:0.02;--padding-top:45px;--padding-bottom:45px;--padding-left:30px;--padding-right:30px;}.elementor-19301 .elementor-element.elementor-element-28bc759f::before, .elementor-19301 .elementor-element.elementor-element-28bc759f > .elementor-background-video-container::before, .elementor-19301 .elementor-element.elementor-element-28bc759f > .e-con-inner > .elementor-background-video-container::before, .elementor-19301 .elementor-element.elementor-element-28bc759f > .elementor-background-slideshow::before, .elementor-19301 .elementor-element.elementor-element-28bc759f > .e-con-inner > .elementor-background-slideshow::before, .elementor-19301 .elementor-element.elementor-element-28bc759f > .elementor-motion-effects-container > .elementor-motion-effects-layer::before{background-image:url(\"https:\/\/mpp-backup.staging3.tokig.site\/wp-content\/uploads\/2025\/06\/MPP_Icon_Black.svg\");--background-overlay:'';background-position:bottom left;background-repeat:no-repeat;background-size:cover;}.elementor-19301 .elementor-element.elementor-element-28bc759f:hover::before, .elementor-19301 .elementor-element.elementor-element-28bc759f:hover > .elementor-background-video-container::before, .elementor-19301 .elementor-element.elementor-element-28bc759f:hover > .e-con-inner > .elementor-background-video-container::before, .elementor-19301 .elementor-element.elementor-element-28bc759f > .elementor-background-slideshow:hover::before, .elementor-19301 .elementor-element.elementor-element-28bc759f > .e-con-inner > .elementor-background-slideshow:hover::before{--background-overlay:'';}.elementor-19301 .elementor-element.elementor-element-28bc759f:hover{--overlay-opacity:0.1;}.elementor-19301 .elementor-element.elementor-element-c5fce62{--display:flex;--flex-direction:column;--container-widget-width:100%;--container-widget-height:initial;--container-widget-flex-grow:0;--container-widget-align-self:initial;--flex-wrap-mobile:wrap;--padding-top:0px;--padding-bottom:0px;--padding-left:0px;--padding-right:0px;}.elementor-widget-image .widget-image-caption{color:var( --e-global-color-text );font-family:var( --e-global-typography-text-font-family ), Sans-serif;}.elementor-19301 .elementor-element.elementor-element-58a412e{text-align:start;}.elementor-19301 .elementor-element.elementor-element-58a412e img{border-style:solid;border-width:1px 1px 1px 1px;border-color:var( --e-global-color-70720f5 );border-radius:8px 8px 8px 8px;}.elementor-widget-heading .elementor-heading-title{font-family:var( --e-global-typography-primary-font-family ), Sans-serif;color:var( --e-global-color-primary );}.elementor-19301 .elementor-element.elementor-element-6af9df7d{--display:flex;--padding-top:0px;--padding-bottom:0px;--padding-left:0px;--padding-right:0px;}.elementor-widget-text-editor{font-family:var( --e-global-typography-text-font-family ), Sans-serif;color:var( --e-global-color-text );}.elementor-widget-text-editor.elementor-drop-cap-view-stacked .elementor-drop-cap{background-color:var( --e-global-color-primary );}.elementor-widget-text-editor.elementor-drop-cap-view-framed .elementor-drop-cap, .elementor-widget-text-editor.elementor-drop-cap-view-default .elementor-drop-cap{color:var( --e-global-color-primary );border-color:var( --e-global-color-primary );}@media(max-width:767px){.elementor-19301 .elementor-element.elementor-element-58a412e{text-align:center;}}<\/style>\t\t<div data-elementor-type=\"loop-item\" data-elementor-id=\"19301\" class=\"elementor elementor-19301 elementor-2316 swiper-slide e-loop-item e-loop-item-19771 post-19771 partner type-partner status-publish hentry\" data-elementor-post-type=\"elementor_library\" role=\"group\" aria-roledescription=\"slide\" data-custom-edit-handle=\"1\">\n\t\t\t<div class=\"elementor-element elementor-element-28bc759f e-con-full e-flex e-con e-parent\" data-id=\"28bc759f\" data-element_type=\"container\">\n\t\t<div class=\"elementor-element elementor-element-c5fce62 e-con-full e-flex e-con e-child\" data-id=\"c5fce62\" data-element_type=\"container\">\n\t\t\t\t<div class=\"elementor-element elementor-element-58a412e elementor-widget elementor-widget-image\" data-id=\"58a412e\" data-element_type=\"widget\" data-widget_type=\"image.default\">\n\t\t\t\t<div class=\"elementor-widget-container\">\n\t\t\t\t\t\t\t\t\t\t\t\t\t\t\t<img decoding=\"async\" src=\"https:\/\/mpp-backup.staging3.tokig.site\/wp-content\/uploads\/2025\/06\/Hytek_logo.webp\" title=\"\" alt=\"\" loading=\"lazy\" \/>\t\t\t\t\t\t\t\t\t\t\t\t\t\t\t<\/div>\n\t\t\t\t<\/div>\n\t\t\t\t<div class=\"elementor-element elementor-element-5b30bbf3 elementor-widget elementor-widget-heading\" data-id=\"5b30bbf3\" data-element_type=\"widget\" data-widget_type=\"heading.default\">\n\t\t\t\t<div class=\"elementor-widget-container\">\n\t\t\t\t\t<h4 class=\"elementor-heading-title elementor-size-default\">HYTEC<\/h4>\t\t\t\t<\/div>\n\t\t\t\t<\/div>\n\t\t\t\t<\/div>\n\t\t<div class=\"elementor-element elementor-element-6af9df7d e-con-full e-flex e-con e-child\" data-id=\"6af9df7d\" data-element_type=\"container\">\n\t\t\t\t<div class=\"elementor-element elementor-element-c5e1f3b elementor-widget elementor-widget-text-editor\" data-id=\"c5e1f3b\" data-element_type=\"widget\" data-widget_type=\"text-editor.default\">\n\t\t\t\t<div class=\"elementor-widget-container\">\n\t\t\t\t\t\t\t\t\tMPP, Ihr schwedischer Partner und H\u00e4ndler f\u00fcr HYTEC Limited, verf\u00fcgt \u00fcber jahrzehntelange Erfahrung im Bereich Kraftstoffl\u00f6sungen. Mit fast 40 Jahren Branchenerfahrung ist HYTEC Ihre zuverl\u00e4ssige Anlaufstelle f\u00fcr Kraftstoffabgabesysteme \u2013 von einer einzelnen Pumpe bis hin zu einem umfassenden Sortiment, einschlie\u00dflich Hytek Engineered, Pumptronics, O.L.E. und mehr.\t\t\t\t\t\t\t\t<\/div>\n\t\t\t\t<\/div>\n\t\t\t\t<\/div>\n\t\t\t\t<\/div>\n\t\t\t\t<\/div>\n\t\t\t\t<div data-elementor-type=\"loop-item\" data-elementor-id=\"19301\" class=\"elementor elementor-19301 elementor-2316 swiper-slide e-loop-item e-loop-item-19763 post-19763 partner type-partner status-publish hentry\" data-elementor-post-type=\"elementor_library\" role=\"group\" aria-roledescription=\"slide\" data-custom-edit-handle=\"1\">\n\t\t\t<div class=\"elementor-element elementor-element-28bc759f e-con-full e-flex e-con e-parent\" data-id=\"28bc759f\" data-element_type=\"container\">\n\t\t<div class=\"elementor-element elementor-element-c5fce62 e-con-full e-flex e-con e-child\" data-id=\"c5fce62\" data-element_type=\"container\">\n\t\t\t\t<div class=\"elementor-element elementor-element-58a412e elementor-widget elementor-widget-image\" data-id=\"58a412e\" data-element_type=\"widget\" data-widget_type=\"image.default\">\n\t\t\t\t<div class=\"elementor-widget-container\">\n\t\t\t\t\t\t\t\t\t\t\t\t\t\t\t<img decoding=\"async\" src=\"https:\/\/mpp-backup.staging3.tokig.site\/wp-content\/uploads\/2025\/06\/TSG_logo.webp\" title=\"\" alt=\"\" loading=\"lazy\" \/>\t\t\t\t\t\t\t\t\t\t\t\t\t\t\t<\/div>\n\t\t\t\t<\/div>\n\t\t\t\t<div class=\"elementor-element elementor-element-5b30bbf3 elementor-widget elementor-widget-heading\" data-id=\"5b30bbf3\" data-element_type=\"widget\" data-widget_type=\"heading.default\">\n\t\t\t\t<div class=\"elementor-widget-container\">\n\t\t\t\t\t<h4 class=\"elementor-heading-title elementor-size-default\">TSG Nordic<\/h4>\t\t\t\t<\/div>\n\t\t\t\t<\/div>\n\t\t\t\t<\/div>\n\t\t<div class=\"elementor-element elementor-element-6af9df7d e-con-full e-flex e-con e-child\" data-id=\"6af9df7d\" data-element_type=\"container\">\n\t\t\t\t<div class=\"elementor-element elementor-element-c5e1f3b elementor-widget elementor-widget-text-editor\" data-id=\"c5e1f3b\" data-element_type=\"widget\" data-widget_type=\"text-editor.default\">\n\t\t\t\t<div class=\"elementor-widget-container\">\n\t\t\t\t\t\t\t\t\tMPP freut sich, ein enger Partner von TSG Nordic A\/S zu sein, einem Teil der TSG-Gruppe (Tokheim Services Group). TSG bietet Komplettl\u00f6sungen an, die von Kraftstoffautomaten, Zahlungsterminals, Medienzubeh\u00f6r und F\u00fcllstandsmessger\u00e4ten bis hin zu AdBlue-L\u00f6sungen reichen.\t\t\t\t\t\t\t\t<\/div>\n\t\t\t\t<\/div>\n\t\t\t\t<\/div>\n\t\t\t\t<\/div>\n\t\t\t\t<\/div>\n\t\t\t\t<div data-elementor-type=\"loop-item\" data-elementor-id=\"19301\" class=\"elementor elementor-19301 elementor-2316 swiper-slide e-loop-item e-loop-item-19762 post-19762 partner type-partner status-publish hentry\" data-elementor-post-type=\"elementor_library\" role=\"group\" aria-roledescription=\"slide\" data-custom-edit-handle=\"1\">\n\t\t\t<div class=\"elementor-element elementor-element-28bc759f e-con-full e-flex e-con e-parent\" data-id=\"28bc759f\" data-element_type=\"container\">\n\t\t<div class=\"elementor-element elementor-element-c5fce62 e-con-full e-flex e-con e-child\" data-id=\"c5fce62\" data-element_type=\"container\">\n\t\t\t\t<div class=\"elementor-element elementor-element-58a412e elementor-widget elementor-widget-image\" data-id=\"58a412e\" data-element_type=\"widget\" data-widget_type=\"image.default\">\n\t\t\t\t<div class=\"elementor-widget-container\">\n\t\t\t\t\t\t\t\t\t\t\t\t\t\t\t<img decoding=\"async\" src=\"https:\/\/mpp-backup.staging3.tokig.site\/wp-content\/uploads\/2025\/06\/RS_logo.webp\" title=\"\" alt=\"\" loading=\"lazy\" \/>\t\t\t\t\t\t\t\t\t\t\t\t\t\t\t<\/div>\n\t\t\t\t<\/div>\n\t\t\t\t<div class=\"elementor-element elementor-element-5b30bbf3 elementor-widget elementor-widget-heading\" data-id=\"5b30bbf3\" data-element_type=\"widget\" data-widget_type=\"heading.default\">\n\t\t\t\t<div class=\"elementor-widget-container\">\n\t\t\t\t\t<h4 class=\"elementor-heading-title elementor-size-default\">Roos Safety<\/h4>\t\t\t\t<\/div>\n\t\t\t\t<\/div>\n\t\t\t\t<\/div>\n\t\t<div class=\"elementor-element elementor-element-6af9df7d e-con-full e-flex e-con e-child\" data-id=\"6af9df7d\" data-element_type=\"container\">\n\t\t\t\t<div class=\"elementor-element elementor-element-c5e1f3b elementor-widget elementor-widget-text-editor\" data-id=\"c5e1f3b\" data-element_type=\"widget\" data-widget_type=\"text-editor.default\">\n\t\t\t\t<div class=\"elementor-widget-container\">\n\t\t\t\t\t\t\t\t\t&#8222;Wir bei Roos Safety pflegen seit 2005 eine enge und gute Zusammenarbeit mit MPP. Sie sind stets hilfsbereit und bieten exzellenten Service, wenn wir Ersatzteile oder \u00c4hnliches ben\u00f6tigen.&#8220; \u2013 Daniel Roos, Inhaber, Roos Safety\t\t\t\t\t\t\t\t<\/div>\n\t\t\t\t<\/div>\n\t\t\t\t<\/div>\n\t\t\t\t<\/div>\n\t\t\t\t<\/div>\n\t\t\t\t<div data-elementor-type=\"loop-item\" data-elementor-id=\"19301\" class=\"elementor elementor-19301 elementor-2316 swiper-slide e-loop-item e-loop-item-19761 post-19761 partner type-partner status-publish hentry\" data-elementor-post-type=\"elementor_library\" role=\"group\" aria-roledescription=\"slide\" data-custom-edit-handle=\"1\">\n\t\t\t<div class=\"elementor-element elementor-element-28bc759f e-con-full e-flex e-con e-parent\" data-id=\"28bc759f\" data-element_type=\"container\">\n\t\t<div class=\"elementor-element elementor-element-c5fce62 e-con-full e-flex e-con e-child\" data-id=\"c5fce62\" data-element_type=\"container\">\n\t\t\t\t<div class=\"elementor-element elementor-element-58a412e elementor-widget elementor-widget-image\" data-id=\"58a412e\" data-element_type=\"widget\" data-widget_type=\"image.default\">\n\t\t\t\t<div class=\"elementor-widget-container\">\n\t\t\t\t\t\t\t\t\t\t\t\t\t\t\t<img decoding=\"async\" src=\"https:\/\/mpp-backup.staging3.tokig.site\/wp-content\/uploads\/2025\/06\/logos_logo.webp\" title=\"\" alt=\"\" loading=\"lazy\" \/>\t\t\t\t\t\t\t\t\t\t\t\t\t\t\t<\/div>\n\t\t\t\t<\/div>\n\t\t\t\t<div class=\"elementor-element elementor-element-5b30bbf3 elementor-widget elementor-widget-heading\" data-id=\"5b30bbf3\" data-element_type=\"widget\" data-widget_type=\"heading.default\">\n\t\t\t\t<div class=\"elementor-widget-container\">\n\t\t\t\t\t<h4 class=\"elementor-heading-title elementor-size-default\">Logos<\/h4>\t\t\t\t<\/div>\n\t\t\t\t<\/div>\n\t\t\t\t<\/div>\n\t\t<div class=\"elementor-element elementor-element-6af9df7d e-con-full e-flex e-con e-child\" data-id=\"6af9df7d\" data-element_type=\"container\">\n\t\t\t\t<div class=\"elementor-element elementor-element-c5e1f3b elementor-widget elementor-widget-text-editor\" data-id=\"c5e1f3b\" data-element_type=\"widget\" data-widget_type=\"text-editor.default\">\n\t\t\t\t<div class=\"elementor-widget-container\">\n\t\t\t\t\t\t\t\t\tMPP ist stolz darauf, ein gesch\u00e4tzter Partner von LOGOS zu sein, einem Unternehmen, das sich auf die Entwicklung und Produktion innovativer Self-Service-L\u00f6sungen spezialisiert hat. LOGOS arbeitet mit Zahlungsterminals, App- und Mobil-L\u00f6sungen, Steuerungssystemen und Backend-Systemen, und deren Kunden profitieren von deren umfassender Expertise und Erfahrung w\u00e4hrend des gesamten Prozesses. Von der Ideenfindung und Entwicklung bis hin zu Konfiguration, Installation und Support k\u00f6nnen Sie darauf vertrauen, dass MPP und LOGOS gemeinsam zuverl\u00e4ssige und zukunftsorientierte L\u00f6sungen bieten.\t\t\t\t\t\t\t\t<\/div>\n\t\t\t\t<\/div>\n\t\t\t\t<\/div>\n\t\t\t\t<\/div>\n\t\t\t\t<\/div>\n\t\t\t\t<div data-elementor-type=\"loop-item\" data-elementor-id=\"19301\" class=\"elementor elementor-19301 elementor-2316 swiper-slide e-loop-item e-loop-item-19760 post-19760 partner type-partner status-publish hentry\" data-elementor-post-type=\"elementor_library\" role=\"group\" aria-roledescription=\"slide\" data-custom-edit-handle=\"1\">\n\t\t\t<div class=\"elementor-element elementor-element-28bc759f e-con-full e-flex e-con e-parent\" data-id=\"28bc759f\" data-element_type=\"container\">\n\t\t<div class=\"elementor-element elementor-element-c5fce62 e-con-full e-flex e-con e-child\" data-id=\"c5fce62\" data-element_type=\"container\">\n\t\t\t\t<div class=\"elementor-element elementor-element-58a412e elementor-widget elementor-widget-image\" data-id=\"58a412e\" data-element_type=\"widget\" data-widget_type=\"image.default\">\n\t\t\t\t<div class=\"elementor-widget-container\">\n\t\t\t\t\t\t\t\t\t\t\t\t\t\t\t<img decoding=\"async\" src=\"https:\/\/mpp-backup.staging3.tokig.site\/wp-content\/uploads\/2025\/06\/MCD_logo.webp\" title=\"\" alt=\"\" loading=\"lazy\" \/>\t\t\t\t\t\t\t\t\t\t\t\t\t\t\t<\/div>\n\t\t\t\t<\/div>\n\t\t\t\t<div class=\"elementor-element elementor-element-5b30bbf3 elementor-widget elementor-widget-heading\" data-id=\"5b30bbf3\" data-element_type=\"widget\" data-widget_type=\"heading.default\">\n\t\t\t\t<div class=\"elementor-widget-container\">\n\t\t\t\t\t<h4 class=\"elementor-heading-title elementor-size-default\">MCD<\/h4>\t\t\t\t<\/div>\n\t\t\t\t<\/div>\n\t\t\t\t<\/div>\n\t\t<div class=\"elementor-element elementor-element-6af9df7d e-con-full e-flex e-con e-child\" data-id=\"6af9df7d\" data-element_type=\"container\">\n\t\t\t\t<div class=\"elementor-element elementor-element-c5e1f3b elementor-widget elementor-widget-text-editor\" data-id=\"c5e1f3b\" data-element_type=\"widget\" data-widget_type=\"text-editor.default\">\n\t\t\t\t<div class=\"elementor-widget-container\">\n\t\t\t\t\t\t\t\t\t&#8222;MCD &amp; MPP arbeiten seit vielen Jahren zum Wohl der Endkunden zusammen. Besonders im Bereich der Transporttanks haben wir gemeinsam die Voraussetzungen geschaffen, die Tanks einfach mit SiteInfo zu verbinden, und es laufen derzeit auch Tests zur GPS-Positionsbestimmung. F\u00fcr mich war es selbstverst\u00e4ndlich, eine Partnerschaft mit MPP einzugehen, basierend auf unserer gemeinsamen Erfahrung \u00fcber die Jahre.\u201c\r\n\r\n\u2013 Sture Berg, Vertriebsleiter, Measure Connect Display AB\t\t\t\t\t\t\t\t<\/div>\n\t\t\t\t<\/div>\n\t\t\t\t<\/div>\n\t\t\t\t<\/div>\n\t\t\t\t<\/div>\n\t\t\t\t<div data-elementor-type=\"loop-item\" data-elementor-id=\"19301\" class=\"elementor elementor-19301 elementor-2316 swiper-slide e-loop-item e-loop-item-19758 post-19758 partner type-partner status-publish hentry\" data-elementor-post-type=\"elementor_library\" role=\"group\" aria-roledescription=\"slide\" data-custom-edit-handle=\"1\">\n\t\t\t<div class=\"elementor-element elementor-element-28bc759f e-con-full e-flex e-con e-parent\" data-id=\"28bc759f\" data-element_type=\"container\">\n\t\t<div class=\"elementor-element elementor-element-c5fce62 e-con-full e-flex e-con e-child\" data-id=\"c5fce62\" data-element_type=\"container\">\n\t\t\t\t<div class=\"elementor-element elementor-element-58a412e elementor-widget elementor-widget-image\" data-id=\"58a412e\" data-element_type=\"widget\" data-widget_type=\"image.default\">\n\t\t\t\t<div class=\"elementor-widget-container\">\n\t\t\t\t\t\t\t\t\t\t\t\t\t\t\t<img decoding=\"async\" src=\"https:\/\/mpp-backup.staging3.tokig.site\/wp-content\/uploads\/2025\/06\/codab_logo.webp\" title=\"\" alt=\"\" loading=\"lazy\" \/>\t\t\t\t\t\t\t\t\t\t\t\t\t\t\t<\/div>\n\t\t\t\t<\/div>\n\t\t\t\t<div class=\"elementor-element elementor-element-5b30bbf3 elementor-widget elementor-widget-heading\" data-id=\"5b30bbf3\" data-element_type=\"widget\" data-widget_type=\"heading.default\">\n\t\t\t\t<div class=\"elementor-widget-container\">\n\t\t\t\t\t<h4 class=\"elementor-heading-title elementor-size-default\">CODAB<\/h4>\t\t\t\t<\/div>\n\t\t\t\t<\/div>\n\t\t\t\t<\/div>\n\t\t<div class=\"elementor-element elementor-element-6af9df7d e-con-full e-flex e-con e-child\" data-id=\"6af9df7d\" data-element_type=\"container\">\n\t\t\t\t<div class=\"elementor-element elementor-element-c5e1f3b elementor-widget elementor-widget-text-editor\" data-id=\"c5e1f3b\" data-element_type=\"widget\" data-widget_type=\"text-editor.default\">\n\t\t\t\t<div class=\"elementor-widget-container\">\n\t\t\t\t\t\t\t\t\tCODAB verf\u00fcgt \u00fcber mehr als 35 Jahre Erfahrung mit Kraftstoffanlagen sowie \u00fcber ein fundiertes Verst\u00e4ndnis und Wissen \u00fcber die Branche. Sie entwickeln, fertigen und liefern Produkte und Systeme an \u00d6lgesellschaften und Unternehmen mit eigenen Kraftstoffanlagen (vor allem in Skandinavien, Europa und in einigen afrikanischen L\u00e4ndern)\t\t\t\t\t\t\t\t<\/div>\n\t\t\t\t<\/div>\n\t\t\t\t<\/div>\n\t\t\t\t<\/div>\n\t\t\t\t<\/div>\n\t\t\t\t<\/div>\n\t\t<\/div>\n\t\t\t\t\t<div class=\"elementor-swiper-button elementor-swiper-button-prev\" role=\"button\" tabindex=\"0\" aria-label=\"Previous\">\n\t\t\t\t<svg aria-hidden=\"true\" class=\"e-font-icon-svg e-eicon-chevron-left\" viewBox=\"0 0 1000 1000\" xmlns=\"http:\/\/www.w3.org\/2000\/svg\"><path d=\"M646 125C629 125 613 133 604 142L308 442C296 454 292 471 292 487 292 504 296 521 308 533L604 854C617 867 629 875 646 875 663 875 679 871 692 858 704 846 713 829 713 812 713 796 708 779 692 767L438 487 692 225C700 217 708 204 708 187 708 171 704 154 692 142 675 129 663 125 646 125Z\"><\/path><\/svg>\t\t\t<\/div>\n\t\t\t<div class=\"elementor-swiper-button elementor-swiper-button-next\" role=\"button\" tabindex=\"0\" aria-label=\"Next\">\n\t\t\t\t<svg aria-hidden=\"true\" class=\"e-font-icon-svg e-eicon-chevron-right\" viewBox=\"0 0 1000 1000\" xmlns=\"http:\/\/www.w3.org\/2000\/svg\"><path d=\"M696 533C708 521 713 504 713 487 713 471 708 454 696 446L400 146C388 133 375 125 354 125 338 125 325 129 313 142 300 154 292 171 292 187 292 204 296 221 308 233L563 492 304 771C292 783 288 800 288 817 288 833 296 850 308 863 321 871 338 875 354 875 371 875 388 867 400 854L696 533Z\"><\/path><\/svg>\t\t\t<\/div>\n\t\t\t\t\t\t<\/div>\n\t\t\t\t<\/div>\n\t\t\t\t\t<\/div>\n\t\t\t\t<\/div>\n\t\t\t\t<\/div>\n\t\t\t\t<\/div>\n\t\t","protected":false},"excerpt":{"rendered":"<p>HEIM Unsere Partner<\/p>\n","protected":false},"author":2,"featured_media":0,"parent":0,"menu_order":0,"comment_status":"closed","ping_status":"closed","template":"","meta":{"_acf_changed":false,"footnotes":""},"class_list":["post-19537","page","type-page","status-publish","hentry"],"acf":[],"_links":{"self":[{"href":"https:\/\/mpp-backup.staging3.tokig.site\/de\/wp-json\/wp\/v2\/pages\/19537","targetHints":{"allow":["GET"]}}],"collection":[{"href":"https:\/\/mpp-backup.staging3.tokig.site\/de\/wp-json\/wp\/v2\/pages"}],"about":[{"href":"https:\/\/mpp-backup.staging3.tokig.site\/de\/wp-json\/wp\/v2\/types\/page"}],"author":[{"embeddable":true,"href":"https:\/\/mpp-backup.staging3.tokig.site\/de\/wp-json\/wp\/v2\/users\/2"}],"replies":[{"embeddable":true,"href":"https:\/\/mpp-backup.staging3.tokig.site\/de\/wp-json\/wp\/v2\/comments?post=19537"}],"version-history":[{"count":0,"href":"https:\/\/mpp-backup.staging3.tokig.site\/de\/wp-json\/wp\/v2\/pages\/19537\/revisions"}],"wp:attachment":[{"href":"https:\/\/mpp-backup.staging3.tokig.site\/de\/wp-json\/wp\/v2\/media?parent=19537"}],"curies":[{"name":"wp","href":"https:\/\/api.w.org\/{rel}","templated":true}]}}