{"id":19521,"date":"2025-06-26T09:37:14","date_gmt":"2025-06-26T09:37:14","guid":{"rendered":"https:\/\/mpp-v1.staging3.tokig.site\/datenschutzpolitik\/"},"modified":"2026-01-05T10:16:40","modified_gmt":"2026-01-05T10:16:40","slug":"datenschutzpolitik","status":"publish","type":"page","link":"https:\/\/mpp-backup.staging3.tokig.site\/de\/datenschutzpolitik\/","title":{"rendered":"Datenschutzpolitik"},"content":{"rendered":"\t\t<div data-elementor-type=\"wp-page\" data-elementor-id=\"19521\" class=\"elementor elementor-19521 elementor-1945\" data-elementor-post-type=\"page\">\n\t\t\t\t<div class=\"elementor-element elementor-element-49ba6f9 e-con-full e-flex e-con e-parent\" data-id=\"49ba6f9\" data-element_type=\"container\">\n\t\t\t\t<div class=\"elementor-element elementor-element-e4d3725 elementor-widget elementor-widget-template\" data-id=\"e4d3725\" data-element_type=\"widget\" data-widget_type=\"template.default\">\n\t\t\t\t<div class=\"elementor-widget-container\">\n\t\t\t\t\t\t\t<div class=\"elementor-template\">\n\t\t\t\t\t<div data-elementor-type=\"container\" data-elementor-id=\"19185\" class=\"elementor elementor-19185 elementor-12748\" data-elementor-post-type=\"elementor_library\">\n\t\t\t\t<div class=\"elementor-element elementor-element-229114d e-con-full global_inner_container e-flex e-con e-parent\" data-id=\"229114d\" data-element_type=\"container\" data-settings=\"{&quot;background_background&quot;:&quot;classic&quot;}\">\n\t\t<div class=\"elementor-element elementor-element-8f5049d e-flex e-con-boxed e-con e-child\" data-id=\"8f5049d\" data-element_type=\"container\">\n\t\t\t\t\t<div class=\"e-con-inner\">\n\t\t\t\t<div class=\"elementor-element elementor-element-a5fa261 elementor-icon-list--layout-inline elementor-list-item-link-inline elementor-widget elementor-widget-icon-list\" data-id=\"a5fa261\" data-element_type=\"widget\" data-widget_type=\"icon-list.default\">\n\t\t\t\t<div class=\"elementor-widget-container\">\n\t\t\t\t\t\t\t<ul class=\"elementor-icon-list-items elementor-inline-items\">\n\t\t\t\t\t\t\t<li class=\"elementor-icon-list-item elementor-inline-item\">\n\t\t\t\t\t\t\t\t\t\t\t<a href=\"https:\/\/mpp-backup.staging3.tokig.site\/de\/\">\n\n\t\t\t\t\t\t\t\t\t\t\t\t<span class=\"elementor-icon-list-icon\">\n\t\t\t\t\t\t\t<svg aria-hidden=\"true\" class=\"e-font-icon-svg e-fas-home\" viewBox=\"0 0 576 512\" xmlns=\"http:\/\/www.w3.org\/2000\/svg\"><path d=\"M280.37 148.26L96 300.11V464a16 16 0 0 0 16 16l112.06-.29a16 16 0 0 0 15.92-16V368a16 16 0 0 1 16-16h64a16 16 0 0 1 16 16v95.64a16 16 0 0 0 16 16.05L464 480a16 16 0 0 0 16-16V300L295.67 148.26a12.19 12.19 0 0 0-15.3 0zM571.6 251.47L488 182.56V44.05a12 12 0 0 0-12-12h-56a12 12 0 0 0-12 12v72.61L318.47 43a48 48 0 0 0-61 0L4.34 251.47a12 12 0 0 0-1.6 16.9l25.5 31A12 12 0 0 0 45.15 301l235.22-193.74a12.19 12.19 0 0 1 15.3 0L530.9 301a12 12 0 0 0 16.9-1.6l25.5-31a12 12 0 0 0-1.7-16.93z\"><\/path><\/svg>\t\t\t\t\t\t<\/span>\n\t\t\t\t\t\t\t\t\t\t<span class=\"elementor-icon-list-text\">HEIM<\/span>\n\t\t\t\t\t\t\t\t\t\t\t<\/a>\n\t\t\t\t\t\t\t\t\t<\/li>\n\t\t\t\t\t\t\t\t<li class=\"elementor-icon-list-item elementor-inline-item\">\n\t\t\t\t\t\t\t\t\t\t\t<span class=\"elementor-icon-list-icon\">\n\t\t\t\t\t\t\t<svg aria-hidden=\"true\" class=\"e-font-icon-svg e-fas-chevron-right\" viewBox=\"0 0 320 512\" xmlns=\"http:\/\/www.w3.org\/2000\/svg\"><path d=\"M285.476 272.971L91.132 467.314c-9.373 9.373-24.569 9.373-33.941 0l-22.667-22.667c-9.357-9.357-9.375-24.522-.04-33.901L188.505 256 34.484 101.255c-9.335-9.379-9.317-24.544.04-33.901l22.667-22.667c9.373-9.373 24.569-9.373 33.941 0L285.475 239.03c9.373 9.372 9.373 24.568.001 33.941z\"><\/path><\/svg>\t\t\t\t\t\t<\/span>\n\t\t\t\t\t\t\t\t\t\t<span class=\"elementor-icon-list-text\"><\/span>\n\t\t\t\t\t\t\t\t\t<\/li>\n\t\t\t\t\t\t<\/ul>\n\t\t\t\t\t\t<\/div>\n\t\t\t\t<\/div>\n\t\t\t\t\t<\/div>\n\t\t\t\t<\/div>\n\t\t\t\t<\/div>\n\t\t\t\t<\/div>\n\t\t\t\t<\/div>\n\t\t\t\t\t\t<\/div>\n\t\t\t\t<\/div>\n\t\t\t\t<\/div>\n\t\t<div class=\"elementor-element elementor-element-e586a49 e-con-full global_container e-flex e-con e-parent\" data-id=\"e586a49\" data-element_type=\"container\">\n\t\t<div class=\"elementor-element elementor-element-a511d73 e-flex e-con-boxed e-con e-child\" data-id=\"a511d73\" data-element_type=\"container\">\n\t\t\t\t\t<div class=\"e-con-inner\">\n\t\t<div class=\"elementor-element elementor-element-cd9e6f3 e-con-full e-flex e-con e-child\" data-id=\"cd9e6f3\" data-element_type=\"container\">\n\t\t<div class=\"elementor-element elementor-element-7955ffc e-con-full animated-slow e-flex elementor-invisible e-con e-child\" data-id=\"7955ffc\" data-element_type=\"container\" data-settings=\"{&quot;animation&quot;:&quot;fadeIn&quot;,&quot;animation_delay&quot;:400}\">\n\t\t\t\t<div class=\"elementor-element elementor-element-213f54a animated-slow elementor-invisible elementor-widget elementor-widget-heading\" data-id=\"213f54a\" data-element_type=\"widget\" data-settings=\"{&quot;_animation&quot;:&quot;fadeIn&quot;,&quot;_animation_delay&quot;:200}\" data-widget_type=\"heading.default\">\n\t\t\t\t<div class=\"elementor-widget-container\">\n\t\t\t\t\t<h2 class=\"elementor-heading-title elementor-size-default\">Datenschutzpolitik<\/h2>\t\t\t\t<\/div>\n\t\t\t\t<\/div>\n\t\t\t\t<div class=\"elementor-element elementor-element-926bdd9 animated-slow elementor-invisible elementor-widget elementor-widget-heading\" data-id=\"926bdd9\" data-element_type=\"widget\" data-settings=\"{&quot;_animation&quot;:&quot;fadeIn&quot;,&quot;_animation_delay&quot;:200}\" data-widget_type=\"heading.default\">\n\t\t\t\t<div class=\"elementor-widget-container\">\n\t\t\t\t\t<h1 class=\"elementor-heading-title elementor-size-default\">MPP Sverige AB<\/h1>\t\t\t\t<\/div>\n\t\t\t\t<\/div>\n\t\t\t\t<div class=\"elementor-element elementor-element-e0cbb0d elementor-widget elementor-widget-spacer\" data-id=\"e0cbb0d\" data-element_type=\"widget\" data-widget_type=\"spacer.default\">\n\t\t\t\t<div class=\"elementor-widget-container\">\n\t\t\t\t\t\t\t<div class=\"elementor-spacer\">\n\t\t\t<div class=\"elementor-spacer-inner\"><\/div>\n\t\t<\/div>\n\t\t\t\t\t\t<\/div>\n\t\t\t\t<\/div>\n\t\t\t\t<div class=\"elementor-element elementor-element-a9a0723 elementor-widget elementor-widget-text-editor\" data-id=\"a9a0723\" data-element_type=\"widget\" data-widget_type=\"text-editor.default\">\n\t\t\t\t<div class=\"elementor-widget-container\">\n\t\t\t\t\t\t\t\t\t<p>Wie die Gesellschaft als Ganzes ist auch MPP Sverige AB zusammen mit seinen Kunden, Mitarbeitern und Lieferanten von der zunehmenden Digitalisierung und Globalisierung betroffen, die zu einem erheblichen Anstieg der Verbreitung pers\u00f6nlicher Daten gef\u00fchrt hat.<\/p>\n\t\t\t\t\t\t\t\t<\/div>\n\t\t\t\t<\/div>\n\t\t\t\t<div class=\"elementor-element elementor-element-29d6fff elementor-widget elementor-widget-text-editor\" data-id=\"29d6fff\" data-element_type=\"widget\" data-widget_type=\"text-editor.default\">\n\t\t\t\t<div class=\"elementor-widget-container\">\n\t\t\t\t\t\t\t\t\t<p>Die Digitalisierung bedeutet mehr M\u00f6glichkeiten, aber auch ein gr\u00f6\u00dferes Bed\u00fcrfnis nach Schutz der Privatsph\u00e4re jedes Einzelnen. In diesem Sinne ist es der Zweck unserer Datenschutzpolitik, die allgemeinen Grunds\u00e4tze zu beschreiben, die f\u00fcr die gesamte Verarbeitung (Erhebung, Verwendung, Speicherung und L\u00f6schung) personenbezogener Daten gelten sollten.<\/p>\n\t\t\t\t\t\t\t\t<\/div>\n\t\t\t\t<\/div>\n\t\t\t\t<div class=\"elementor-element elementor-element-c5a5a1c elementor-widget elementor-widget-text-editor\" data-id=\"c5a5a1c\" data-element_type=\"widget\" data-widget_type=\"text-editor.default\">\n\t\t\t\t<div class=\"elementor-widget-container\">\n\t\t\t\t\t\t\t\t\t<p>Ziel dieser Richtlinie ist es, sicherzustellen, dass MPP personenbezogene Daten in \u00dcbereinstimmung mit der EU-Datenschutzgrundverordnung (auch bekannt als GDPR) und anderen nationalen und internationalen Gesetzen verarbeitet, so dass sich unsere Kunden, Lieferanten und Kollegen beim Umgang mit personenbezogenen Daten durch uns und unsere Partner sicher f\u00fchlen k\u00f6nnen.<\/p>\n\t\t\t\t\t\t\t\t<\/div>\n\t\t\t\t<\/div>\n\t\t\t\t<div class=\"elementor-element elementor-element-4b5898b elementor-widget elementor-widget-text-editor\" data-id=\"4b5898b\" data-element_type=\"widget\" data-widget_type=\"text-editor.default\">\n\t\t\t\t<div class=\"elementor-widget-container\">\n\t\t\t\t\t\t\t\t\t<p>Die Allgemeine Datenschutzverordnung ist am 25. Mai 2018 in Kraft getreten. Die Verordnung hat gro\u00dfe \u00c4hnlichkeiten mit dem Personal Data Act (PuL), den sie ersetzt hat. Die GDPR stellt jedoch h\u00f6here Anforderungen an alle Arten von Organisationen, personenbezogene Daten korrekt zu verarbeiten.<\/p>\n\t\t\t\t\t\t\t\t<\/div>\n\t\t\t\t<\/div>\n\t\t\t\t<\/div>\n\t\t<div class=\"elementor-element elementor-element-dec557a e-con-full e-flex e-con e-child\" data-id=\"dec557a\" data-element_type=\"container\">\n\t\t\t\t<\/div>\n\t\t<div class=\"elementor-element elementor-element-b75d6d7 e-con-full border_radius_enabled e-flex e-con e-child\" data-id=\"b75d6d7\" data-element_type=\"container\" data-settings=\"{&quot;background_background&quot;:&quot;classic&quot;,&quot;background_motion_fx_motion_fx_scrolling&quot;:&quot;yes&quot;,&quot;background_motion_fx_translateY_effect&quot;:&quot;yes&quot;,&quot;background_motion_fx_translateY_speed&quot;:{&quot;unit&quot;:&quot;px&quot;,&quot;size&quot;:4,&quot;sizes&quot;:[]},&quot;background_motion_fx_translateY_affectedRange&quot;:{&quot;unit&quot;:&quot;%&quot;,&quot;size&quot;:&quot;&quot;,&quot;sizes&quot;:{&quot;start&quot;:0,&quot;end&quot;:100}},&quot;background_motion_fx_devices&quot;:[&quot;widescreen&quot;,&quot;desktop&quot;,&quot;laptop&quot;,&quot;tablet_extra&quot;,&quot;tablet&quot;,&quot;mobile_extra&quot;,&quot;mobile&quot;]}\">\n\t\t\t\t<\/div>\n\t\t\t\t<\/div>\n\t\t\t\t\t<\/div>\n\t\t\t\t<\/div>\n\t\t\t\t<\/div>\n\t\t<div class=\"elementor-element elementor-element-d0a16f5 e-con-full global_container e-flex e-con e-parent\" data-id=\"d0a16f5\" data-element_type=\"container\" id=\"cookie-policy\" data-settings=\"{&quot;background_background&quot;:&quot;classic&quot;}\">\n\t\t<div class=\"elementor-element elementor-element-bba969f e-flex e-con-boxed e-con e-child\" data-id=\"bba969f\" data-element_type=\"container\">\n\t\t\t\t\t<div class=\"e-con-inner\">\n\t\t<div class=\"elementor-element elementor-element-1eb91f9 e-con-full e-flex e-con e-child\" data-id=\"1eb91f9\" data-element_type=\"container\">\n\t\t\t\t<\/div>\n\t\t<div class=\"elementor-element elementor-element-ae59d2e e-con-full e-flex e-con e-child\" data-id=\"ae59d2e\" data-element_type=\"container\">\n\t\t\t\t<div class=\"elementor-element elementor-element-0a8dd60 animated-slow elementor-invisible elementor-widget elementor-widget-heading\" data-id=\"0a8dd60\" data-element_type=\"widget\" data-settings=\"{&quot;_animation&quot;:&quot;fadeIn&quot;,&quot;_animation_delay&quot;:200}\" data-widget_type=\"heading.default\">\n\t\t\t\t<div class=\"elementor-widget-container\">\n\t\t\t\t\t<h2 class=\"elementor-heading-title elementor-size-default\">Cookie-Informationen f\u00fcr Sie als Nutzer<\/h2>\t\t\t\t<\/div>\n\t\t\t\t<\/div>\n\t\t\t\t<div class=\"elementor-element elementor-element-4173d9b elementor-widget elementor-widget-text-editor\" data-id=\"4173d9b\" data-element_type=\"widget\" data-widget_type=\"text-editor.default\">\n\t\t\t\t<div class=\"elementor-widget-container\">\n\t\t\t\t\t\t\t\t\t<p>Unsere Website verwendet Cookies. Ein Cookie ist eine kleine Datei, die die von Ihnen besuchten Websites an Ihren Browser senden. Dadurch kann sich die Website Informationen \u00fcber Ihren Besuch merken, z. B. die von Ihnen gew\u00fcnschte Sprache und andere Einstellungen. Dadurch wird Ihr n\u00e4chster Besuch einfacher und die Website besser nutzbar. Cookies spielen eine wichtige Rolle, und ohne sie w\u00e4ren Sie bei der Nutzung des Internets wahrscheinlich ziemlich frustriert.<\/p>\n<p>Die von uns verwendeten Cookies sind sogenannte Drittanbieter-Cookies, in diesem Fall Google Analytics. Google Analytics ist ein Analysewerkzeug, das uns hilft zu verstehen, wie Sie als Besucher unsere Website nutzen und wie wir die Erfahrung f\u00fcr Sie als Besucher verbessern k\u00f6nnen. Google Analytics verwendet haupts\u00e4chlich Cookies von unserer Website, um \u00fcber die Interaktionen auf unserer Website zu berichten. Diese Cookies speichern nicht-personenbezogene Informationen und leiten keine Informationen von unserer Website an andere Domains weiter.<\/p>\n<p>Wenn Sie mehr dar\u00fcber wissen m\u00f6chten, wie Google Analytics und seine Cookies funktionieren, k\u00f6nnen <a href=\"https:\/\/marketingplatform.google.com\/intl\/de\/about\/\" target=\"_blank\" rel=\"noopener\">Sie hier<\/a> mehr dar\u00fcber lesen.<br \/>Wenn Sie Fragen zu diesem Thema haben, <a href=\"http:\/\/de\/kontakt\/\" target=\"_blank\" rel=\"noopener\">kontaktieren Sie uns bitte<\/a>.<\/p>\n\t\t\t\t\t\t\t\t<\/div>\n\t\t\t\t<\/div>\n\t\t\t\t<\/div>\n\t\t<div class=\"elementor-element elementor-element-4dccd6d e-con-full e-flex e-con e-child\" data-id=\"4dccd6d\" data-element_type=\"container\">\n\t\t\t\t<\/div>\n\t\t\t\t\t<\/div>\n\t\t\t\t<\/div>\n\t\t\t\t<\/div>\n\t\t\t\t<\/div>\n\t\t","protected":false},"excerpt":{"rendered":"<p>Datenschutzpolitik MPP Sverige AB Wie die Gesellschaft als Ganzes ist auch MPP Sverige AB zusammen mit seinen Kunden, Mitarbeitern und Lieferanten von der zunehmenden Digitalisierung und Globalisierung betroffen, die zu einem erheblichen Anstieg der Verbreitung pers\u00f6nlicher Daten gef\u00fchrt hat. Die Digitalisierung bedeutet mehr M\u00f6glichkeiten, aber auch ein gr\u00f6\u00dferes Bed\u00fcrfnis nach Schutz der Privatsph\u00e4re jedes Einzelnen. [&hellip;]<\/p>\n","protected":false},"author":2,"featured_media":0,"parent":0,"menu_order":0,"comment_status":"closed","ping_status":"closed","template":"","meta":{"_acf_changed":false,"footnotes":""},"class_list":["post-19521","page","type-page","status-publish","hentry"],"acf":[],"_links":{"self":[{"href":"https:\/\/mpp-backup.staging3.tokig.site\/de\/wp-json\/wp\/v2\/pages\/19521","targetHints":{"allow":["GET"]}}],"collection":[{"href":"https:\/\/mpp-backup.staging3.tokig.site\/de\/wp-json\/wp\/v2\/pages"}],"about":[{"href":"https:\/\/mpp-backup.staging3.tokig.site\/de\/wp-json\/wp\/v2\/types\/page"}],"author":[{"embeddable":true,"href":"https:\/\/mpp-backup.staging3.tokig.site\/de\/wp-json\/wp\/v2\/users\/2"}],"replies":[{"embeddable":true,"href":"https:\/\/mpp-backup.staging3.tokig.site\/de\/wp-json\/wp\/v2\/comments?post=19521"}],"version-history":[{"count":0,"href":"https:\/\/mpp-backup.staging3.tokig.site\/de\/wp-json\/wp\/v2\/pages\/19521\/revisions"}],"wp:attachment":[{"href":"https:\/\/mpp-backup.staging3.tokig.site\/de\/wp-json\/wp\/v2\/media?parent=19521"}],"curies":[{"name":"wp","href":"https:\/\/api.w.org\/{rel}","templated":true}]}}