{"id":19476,"date":"2025-06-26T11:10:31","date_gmt":"2025-06-26T11:10:31","guid":{"rendered":"https:\/\/mpp-v1.staging3.tokig.site\/ueber-uns\/unsere-geschichte\/"},"modified":"2026-02-26T03:51:14","modified_gmt":"2026-02-26T03:51:14","slug":"unsere-geschichte","status":"publish","type":"page","link":"https:\/\/mpp-backup.staging3.tokig.site\/de\/ueber-uns\/unsere-geschichte\/","title":{"rendered":"Unsere Geschichte"},"content":{"rendered":"\t\t<div data-elementor-type=\"wp-page\" data-elementor-id=\"19476\" class=\"elementor elementor-19476 elementor-2051\" data-elementor-post-type=\"page\">\n\t\t\t\t<div class=\"elementor-element elementor-element-033d99f e-con-full global_inner_container e-flex e-con e-parent\" data-id=\"033d99f\" data-element_type=\"container\" data-settings=\"{&quot;background_background&quot;:&quot;classic&quot;}\">\n\t\t<div class=\"elementor-element elementor-element-6491df8 e-flex e-con-boxed e-con e-child\" data-id=\"6491df8\" data-element_type=\"container\">\n\t\t\t\t\t<div class=\"e-con-inner\">\n\t\t\t\t<div class=\"elementor-element elementor-element-785fcc3 elementor-icon-list--layout-inline elementor-list-item-link-inline elementor-widget elementor-widget-icon-list\" data-id=\"785fcc3\" data-element_type=\"widget\" data-widget_type=\"icon-list.default\">\n\t\t\t\t<div class=\"elementor-widget-container\">\n\t\t\t\t\t\t\t<ul class=\"elementor-icon-list-items elementor-inline-items\">\n\t\t\t\t\t\t\t<li class=\"elementor-icon-list-item elementor-inline-item\">\n\t\t\t\t\t\t\t\t\t\t\t<a href=\"https:\/\/mpp-backup.staging3.tokig.site\/de\/\">\n\n\t\t\t\t\t\t\t\t\t\t\t\t<span class=\"elementor-icon-list-icon\">\n\t\t\t\t\t\t\t<svg aria-hidden=\"true\" class=\"e-font-icon-svg e-fas-home\" viewBox=\"0 0 576 512\" xmlns=\"http:\/\/www.w3.org\/2000\/svg\"><path d=\"M280.37 148.26L96 300.11V464a16 16 0 0 0 16 16l112.06-.29a16 16 0 0 0 15.92-16V368a16 16 0 0 1 16-16h64a16 16 0 0 1 16 16v95.64a16 16 0 0 0 16 16.05L464 480a16 16 0 0 0 16-16V300L295.67 148.26a12.19 12.19 0 0 0-15.3 0zM571.6 251.47L488 182.56V44.05a12 12 0 0 0-12-12h-56a12 12 0 0 0-12 12v72.61L318.47 43a48 48 0 0 0-61 0L4.34 251.47a12 12 0 0 0-1.6 16.9l25.5 31A12 12 0 0 0 45.15 301l235.22-193.74a12.19 12.19 0 0 1 15.3 0L530.9 301a12 12 0 0 0 16.9-1.6l25.5-31a12 12 0 0 0-1.7-16.93z\"><\/path><\/svg>\t\t\t\t\t\t<\/span>\n\t\t\t\t\t\t\t\t\t\t<span class=\"elementor-icon-list-text\">HEIM<\/span>\n\t\t\t\t\t\t\t\t\t\t\t<\/a>\n\t\t\t\t\t\t\t\t\t<\/li>\n\t\t\t\t\t\t\t\t<li class=\"elementor-icon-list-item elementor-inline-item\">\n\t\t\t\t\t\t\t\t\t\t\t<a href=\"https:\/\/mpp-backup.staging3.tokig.site\/de\/ueber-uns\/\">\n\n\t\t\t\t\t\t\t\t\t\t\t\t<span class=\"elementor-icon-list-icon\">\n\t\t\t\t\t\t\t<svg aria-hidden=\"true\" class=\"e-font-icon-svg e-fas-chevron-right\" viewBox=\"0 0 320 512\" xmlns=\"http:\/\/www.w3.org\/2000\/svg\"><path d=\"M285.476 272.971L91.132 467.314c-9.373 9.373-24.569 9.373-33.941 0l-22.667-22.667c-9.357-9.357-9.375-24.522-.04-33.901L188.505 256 34.484 101.255c-9.335-9.379-9.317-24.544.04-33.901l22.667-22.667c9.373-9.373 24.569-9.373 33.941 0L285.475 239.03c9.373 9.372 9.373 24.568.001 33.941z\"><\/path><\/svg>\t\t\t\t\t\t<\/span>\n\t\t\t\t\t\t\t\t\t\t<span class=\"elementor-icon-list-text\">\u00dcber uns<\/span>\n\t\t\t\t\t\t\t\t\t\t\t<\/a>\n\t\t\t\t\t\t\t\t\t<\/li>\n\t\t\t\t\t\t\t\t<li class=\"elementor-icon-list-item elementor-inline-item\">\n\t\t\t\t\t\t\t\t\t\t\t<span class=\"elementor-icon-list-icon\">\n\t\t\t\t\t\t\t<svg aria-hidden=\"true\" class=\"e-font-icon-svg e-fas-chevron-right\" viewBox=\"0 0 320 512\" xmlns=\"http:\/\/www.w3.org\/2000\/svg\"><path d=\"M285.476 272.971L91.132 467.314c-9.373 9.373-24.569 9.373-33.941 0l-22.667-22.667c-9.357-9.357-9.375-24.522-.04-33.901L188.505 256 34.484 101.255c-9.335-9.379-9.317-24.544.04-33.901l22.667-22.667c9.373-9.373 24.569-9.373 33.941 0L285.475 239.03c9.373 9.372 9.373 24.568.001 33.941z\"><\/path><\/svg>\t\t\t\t\t\t<\/span>\n\t\t\t\t\t\t\t\t\t\t<span class=\"elementor-icon-list-text\"><\/span>\n\t\t\t\t\t\t\t\t\t<\/li>\n\t\t\t\t\t\t<\/ul>\n\t\t\t\t\t\t<\/div>\n\t\t\t\t<\/div>\n\t\t\t\t\t<\/div>\n\t\t\t\t<\/div>\n\t\t\t\t<\/div>\n\t\t<div class=\"elementor-element elementor-element-2a12a42 global_container e-flex e-con-boxed e-con e-parent\" data-id=\"2a12a42\" data-element_type=\"container\" data-settings=\"{&quot;background_background&quot;:&quot;classic&quot;}\">\n\t\t\t\t\t<div class=\"e-con-inner\">\n\t\t\t\t<div class=\"elementor-element elementor-element-09ac08b elementor-widget elementor-widget-heading\" data-id=\"09ac08b\" data-element_type=\"widget\" data-widget_type=\"heading.default\">\n\t\t\t\t<div class=\"elementor-widget-container\">\n\t\t\t\t\t<h2 class=\"elementor-heading-title elementor-size-default\">Milstolpar bakom MPP<\/h2>\t\t\t\t<\/div>\n\t\t\t\t<\/div>\n\t\t\t\t\t<\/div>\n\t\t\t\t<\/div>\n\t\t<div class=\"elementor-element elementor-element-258c7e4 e-con-full e-flex e-con e-parent\" data-id=\"258c7e4\" data-element_type=\"container\">\n\t\t\t\t<div class=\"elementor-element elementor-element-c42ccbb elementor-widget elementor-widget-shortcode\" data-id=\"c42ccbb\" data-element_type=\"widget\" data-widget_type=\"shortcode.default\">\n\t\t\t\t<div class=\"elementor-widget-container\">\n\t\t\t\t\t\t\t<div class=\"elementor-shortcode\">\t\t<div data-elementor-type=\"container\" data-elementor-id=\"30034\" class=\"elementor elementor-30034 elementor-30029\" data-elementor-post-type=\"elementor_library\">\n\t\t\t\t<div class=\"elementor-element elementor-element-0207787 e-con-full e-flex e-con e-parent\" data-id=\"0207787\" data-element_type=\"container\">\n\t\t\t\t<div class=\"elementor-element elementor-element-71ab61d elementor-widget elementor-widget-html\" data-id=\"71ab61d\" data-element_type=\"widget\" data-widget_type=\"html.default\">\n\t\t\t\t<div class=\"elementor-widget-container\">\n\t\t\t\t\t<style>\r\n\/* ====== WRAPPER ====== *\/\r\n.mpp-timeline-wrap{\r\n  background:#F3F4F9;\r\n  padding: 50px 0;;\r\n}\r\n\r\n\/* ====== TIMELINE ====== *\/\r\n.mpp-timeline{\r\n  position:relative;\r\n  max-width:1300px;\r\n  margin:0 auto;\r\n  font-size: 17px;\r\n  color: #545B5E;\r\n  font-family: Calibri;\r\n  font-weight: 400;\r\n}\r\n\r\n\/* dashed center line *\/\r\n.mpp-timeline:before{\r\n  content:\"\";\r\n  position:absolute;\r\n  left:50%;\r\n  top:40px;\r\n  bottom:90px;\r\n  width:0;\r\n  border-left:3px dashed #bcd3e6;\r\n  transform:translateX(-50%);\r\n}\r\n\r\n\/* ====== ITEM ROW ====== *\/\r\n.mpp-item{\r\n  position:relative;\r\n  width:100%;\r\n  margin:0 0 44px;\r\n  min-height:70px;\r\n}\r\n\r\n\/* card sizing so it sits away from the center line *\/\r\n.mpp-card{\r\n  width:calc(50% - 85px);\r\n  background:#fff;\r\n  border-radius:10px;\r\n  padding:18px 22px;\r\n  position:relative;\r\n}\r\n\r\n\/* Left \/ Right placement *\/\r\n.mpp-item.left .mpp-card{ margin-right:auto; }\r\n.mpp-item.right .mpp-card{ margin-left:auto; }\r\n\r\n\/* ====== CARD CONTENT: year left, text right ====== *\/\r\n.mpp-card-inner{\r\n  display:flex;\r\n  align-items:flex-start;\r\n  gap:18px;\r\n  padding: 0 20px;\r\n}\r\n\r\n.mpp-year{\r\n  font-size: 20px;\r\n  font-weight: 800;\r\n  color: #00709E ;\r\n}\r\n\r\n.mpp-text{\r\n  flex:1;\r\n}\r\n\r\n\r\n\/* Filled dot on the center dashed line *\/\r\n.mpp-item:before{\r\n  content:\"\";\r\n  position:absolute;\r\n  left:50%;\r\n  top:28px;\r\n  width:12px;\r\n  height:12px;\r\n  background:#0b6fb6;\r\n  border-radius:50%;\r\n  transform:translateX(-50%);\r\n  z-index:3;\r\n}\r\n\r\n\/* Horizontal dashed connector line *\/\r\n.mpp-connector{\r\n  position:absolute;\r\n  top:33px; \/* aligns to the dot center *\/\r\n  height:0;\r\n  border-top:2px solid #0b6fb6;\r\n  z-index:2;\r\n}\r\n\r\n\/* Hollow circle at card edge (block circle) *\/\r\n.mpp-card-dot{\r\n  position:absolute;\r\n  top:28px;\r\n  width:12px;\r\n  height:12px;\r\n  background:#fff;\r\n  border:2px solid #0b6fb6;\r\n  border-radius:50%;\r\n  z-index:4;\r\n}\r\n\r\n\/* Left side connector geometry *\/\r\n.mpp-item.left .mpp-connector{\r\n  right:50%;\r\n  width:110px;\r\n}\r\n.mpp-item.left .mpp-card-dot{\r\n  right:15px;  \/* sits outside the card edge *\/\r\n}\r\n\r\n\/* Right side connector geometry *\/\r\n.mpp-item.right .mpp-connector{\r\n  left:50%;\r\n  width:110px;\r\n}\r\n.mpp-item.right .mpp-card-dot{\r\n  left:15px;\r\n}\r\n\r\n\/* ====== RESPONSIVE ====== *\/\r\n@media (max-width: 1366px){\r\n    .mpp-timeline-wrap{\r\n      padding: 50px;\r\n    }\r\n}\r\n\r\n@media (max-width: 880px){\r\n  \/* connector now goes from left line to card *\/\r\n  .mpp-item.left .mpp-connector,\r\n  .mpp-item.right .mpp-connector{\r\n    width:50px;\r\n  }\r\n  \r\n    .mpp-item.left .mpp-card-dot,\r\n  .mpp-item.right .mpp-card-dot{\r\n    left: 10px;\r\n    right:auto;\r\n  }\r\n  \r\n }\r\n  \r\n@media (max-width: 768px){\r\n  .mpp-timeline:before{\r\n    left:26px;\r\n    transform:none;\r\n  }\r\n\r\n.mpp-card-inner{\r\n  display:flex;\r\n  align-items:flex-start;\r\n  flex-direction: column;\r\n  gap:18px;\r\n}\r\n\r\n  .mpp-card{\r\n    width:100%;\r\n    margin-left:0 !important;\r\n    margin-right:0 !important;\r\n    padding:16px 18px;\r\n    text-align: left;\r\n  }\r\n\r\n  .mpp-item{\r\n    padding-left:54px; \/* space for line + dots *\/\r\n  }\r\n\r\n  .mpp-item:before{\r\n    left:22px;\r\n    transform:none;\r\n  }\r\n\r\n  \/* connector now goes from left line to card *\/\r\n  .mpp-item.left .mpp-connector,\r\n  .mpp-item.right .mpp-connector{\r\n    left:22px;\r\n    right:auto;\r\n  }\r\n\r\n}\r\n<\/style>\r\n\r\n<div class=\"mpp-timeline-wrap\">\r\n\r\n  <div class=\"mpp-timeline\">\r\n\r\n    <div class=\"mpp-item left\">\r\n      <div class=\"mpp-card\">\r\n        <span class=\"mpp-card-dot\" aria-hidden=\"true\"><\/span>\r\n        <div class=\"mpp-card-inner\">\r\n          <div class=\"mpp-year\">1987<\/div>\r\n          <div class=\"mpp-text\">MPP wurde 1987 gegr\u00fcndet und konzentrierte sich zun\u00e4chst auf die Herstellung von Metall- und Kunststoffprodukten, was dem Unternehmen seinen Namen gab \u2013 MPP.<\/div>\r\n        <\/div>\r\n      <\/div>\r\n      <span class=\"mpp-connector\" aria-hidden=\"true\"><\/span>\r\n    <\/div>\r\n    \r\n    <div class=\"mpp-item right\">\r\n      <div class=\"mpp-card\">\r\n        <span class=\"mpp-card-dot\" aria-hidden=\"true\"><\/span>\r\n        <div class=\"mpp-card-inner\">\r\n          <div class=\"mpp-year\">2004<\/div>\r\n          <div class=\"mpp-text\"><p>Doch erst im Jahr 2004 begann das Unternehmen, sein Gesch\u00e4ft wirklich neu zu definieren, als es den Bedarf auf dem Kraftstoffmarkt erkannte.<\/p> <p>Diese Transformation begann nach einem Treffen mit einem Manager eines britischen Unternehmens aus der Tankerbranche. Dieses Treffen sollte sich als schicksalhaft erweisen und zu einem radikalen Wandel der Gesch\u00e4ftsstrategie von MPP f\u00fchren. Mutig wagten sie sich in eine weitgehend unbekannte Branche und begannen hier ihre Reise als Einzelh\u00e4ndler.<\/p><\/div>\r\n        <\/div>\r\n      <\/div>\r\n      <span class=\"mpp-connector\" aria-hidden=\"true\"><\/span>\r\n    <\/div>\r\n    \r\n    <div class=\"mpp-item left\">\r\n      <div class=\"mpp-card\">\r\n        <span class=\"mpp-card-dot\" aria-hidden=\"true\"><\/span>\r\n        <div class=\"mpp-card-inner\">\r\n          <div class=\"mpp-year\">2014<\/div>\r\n          <div class=\"mpp-text\">Im Jahr 2014 beschloss MPP, mit der Herstellung und dem Design eigener Produkte zu beginnen.<\/div>\r\n        <\/div>\r\n      <\/div>\r\n      <span class=\"mpp-connector\" aria-hidden=\"true\"><\/span>\r\n    <\/div>\r\n    \r\n    <div class=\"mpp-item right\">\r\n      <div class=\"mpp-card\">\r\n        <span class=\"mpp-card-dot\" aria-hidden=\"true\"><\/span>\r\n        <div class=\"mpp-card-inner\">\r\n          <div class=\"mpp-year\">2017<\/div>\r\n          <div class=\"mpp-text\">MPP brachte seinen ersten Aluminium-Pickup-Tank auf den Markt \u2013 eine bessere Wahl f\u00fcr die Umwelt.<\/div>\r\n        <\/div>\r\n      <\/div>\r\n      <span class=\"mpp-connector\" aria-hidden=\"true\"><\/span>\r\n    <\/div>\r\n    \r\n    <div class=\"mpp-item left\">\r\n      <div class=\"mpp-card\">\r\n        <span class=\"mpp-card-dot\" aria-hidden=\"true\"><\/span>\r\n        <div class=\"mpp-card-inner\">\r\n          <div class=\"mpp-year\">2023<\/div>\r\n          <div class=\"mpp-text\">Die Etablierung auf dem deutschen Markt begann. Neue Mitarbeiter wurden eingestellt, wodurch MPP sowohl an Gr\u00f6\u00dfe als auch an Marktpr\u00e4senz gewann.<\/div>\r\n        <\/div>\r\n      <\/div>\r\n      <span class=\"mpp-connector\" aria-hidden=\"true\"><\/span>\r\n    <\/div>\r\n    \r\n    <div class=\"mpp-item right\">\r\n      <div class=\"mpp-card\">\r\n        <span class=\"mpp-card-dot\" aria-hidden=\"true\"><\/span>\r\n        <div class=\"mpp-card-inner\">\r\n          <div class=\"mpp-year\">2025<\/div>\r\n          <div class=\"mpp-text\">Der weltweite Bedarf an Vorsorgema\u00dfnahmen hat sich zu einem wichtigen Treiber f\u00fcr MPP entwickelt. Neue Produkte wurden eingef\u00fchrt, um die Verteidigung und die Kommunen zu unterst\u00fctzen.<\/div>\r\n        <\/div>\r\n      <\/div>\r\n      <span class=\"mpp-connector\" aria-hidden=\"true\"><\/span>\r\n    <\/div>\r\n\r\n  <\/div>\r\n<\/div>\t\t\t\t<\/div>\n\t\t\t\t<\/div>\n\t\t\t\t<\/div>\n\t\t\t\t<\/div>\n\t\t<\/div>\n\t\t\t\t\t\t<\/div>\n\t\t\t\t<\/div>\n\t\t\t\t<\/div>\n\t\t\t\t<\/div>\n\t\t","protected":false},"excerpt":{"rendered":"<p>HEIM \u00dcber uns Milstolpar bakom MPP<\/p>\n","protected":false},"author":2,"featured_media":0,"parent":19457,"menu_order":0,"comment_status":"closed","ping_status":"closed","template":"","meta":{"_acf_changed":false,"footnotes":""},"class_list":["post-19476","page","type-page","status-publish","hentry"],"acf":[],"_links":{"self":[{"href":"https:\/\/mpp-backup.staging3.tokig.site\/de\/wp-json\/wp\/v2\/pages\/19476","targetHints":{"allow":["GET"]}}],"collection":[{"href":"https:\/\/mpp-backup.staging3.tokig.site\/de\/wp-json\/wp\/v2\/pages"}],"about":[{"href":"https:\/\/mpp-backup.staging3.tokig.site\/de\/wp-json\/wp\/v2\/types\/page"}],"author":[{"embeddable":true,"href":"https:\/\/mpp-backup.staging3.tokig.site\/de\/wp-json\/wp\/v2\/users\/2"}],"replies":[{"embeddable":true,"href":"https:\/\/mpp-backup.staging3.tokig.site\/de\/wp-json\/wp\/v2\/comments?post=19476"}],"version-history":[{"count":0,"href":"https:\/\/mpp-backup.staging3.tokig.site\/de\/wp-json\/wp\/v2\/pages\/19476\/revisions"}],"up":[{"embeddable":true,"href":"https:\/\/mpp-backup.staging3.tokig.site\/de\/wp-json\/wp\/v2\/pages\/19457"}],"wp:attachment":[{"href":"https:\/\/mpp-backup.staging3.tokig.site\/de\/wp-json\/wp\/v2\/media?parent=19476"}],"curies":[{"name":"wp","href":"https:\/\/api.w.org\/{rel}","templated":true}]}}